{"id":21426,"date":"2021-10-09T05:07:57","date_gmt":"2021-10-09T05:07:57","guid":{"rendered":"https:\/\/mouldking.store\/shop\/moc-35607-claas-scorpion-756-technic-by-m-longer-moc-factory\/"},"modified":"2025-12-25T09:24:04","modified_gmt":"2025-12-25T02:24:04","slug":"moc-35607-claas-scorpion-756-technic-by-m-longer-moc-factory","status":"publish","type":"product","link":"https:\/\/mouldking.store\/vi\/shop\/moc-35607-claas-scorpion-756-technic-by-m-longer-moc-factory\/","title":{"rendered":"MOC-35607 CLAAS Scorpion 756 Technic c\u1ee7a M-longer MOC FACTORY"},"content":{"rendered":"<p><b>MOC-35607 CLAAS Scorpion 756 Technic c\u1ee7a M-longer MOC FACTORY<\/b><span style=\"font-weight: 400;\">\u00a0l\u00e0 m\u1ed9t t\u1eadp h\u1ee3p trong <\/span><span style=\"font-weight: 400;\"><b>k\u1ef9 thu\u1eadt <\/b><\/span><span style=\"font-weight: 400;\">b\u1ed9 s\u01b0u t\u1eadp. C\u00e1i n\u00e0y <strong>M\u1ed8C<\/strong> <\/span><span style=\"font-weight: 400;\"><b>35607 <\/b><\/span><span style=\"font-weight: 400;\">\u0111i k\u00e8m v\u1edbi h\u01b0\u1edbng d\u1eabn PDF, d\u1ec5 x\u00e2y d\u1ef1ng v\u00e0 t\u00ecm c\u00e1c ph\u1ea7n c\u00f2n thi\u1ebfu. B\u1ed9 g\u1ed3m 1389 mi\u1ebfng, ph\u00e1t h\u00e0nh l\u1ea7n \u0111\u1ea7u v\u00e0o n\u0103m 2020.<\/span><\/p>\n<ul>\n<li>v\u1edbi \u0111\u1ed9ng c\u01a1<\/li>\n<li>S\u1eafp x\u1ebfp th\u1eddi gian: 4-7 tu\u1ea7n<\/li>\n<\/ul>\n<p>&nbsp;<\/p>","protected":false},"excerpt":{"rendered":"<ul>\n<li><span style=\"font-weight: 400;\">Bao g\u1ed3m <\/span><b>1389+<\/b><span style=\"font-weight: 400;\"> chi\u1ebfc<\/span><\/li>\n<li><span style=\"font-weight: 400;\">H\u01b0\u1edbng d\u1eabn PDF tr\u1ef1c tuy\u1ebfn<\/span><\/li>\n<li><span style=\"font-weight: 400;\">Ch\u1ea5t l\u01b0\u1ee3ng cao<\/span><span style=\"font-weight: 400;\">\u00a0kh\u1ed1i ABS<\/span><\/li>\n<\/ul>","protected":false},"featured_media":21422,"comment_status":"open","ping_status":"closed","template":"","meta":{"_acf_changed":false},"product_cat":[364],"product_tag":[],"class_list":["product","first","instock","shipping-taxable","purchasable","product-type-simple"],"acf":[],"_links":{"self":[{"href":"https:\/\/mouldking.store\/vi\/wp-json\/wp\/v2\/product\/21426","targetHints":{"allow":["GET"]}}],"collection":[{"href":"https:\/\/mouldking.store\/vi\/wp-json\/wp\/v2\/product"}],"about":[{"href":"https:\/\/mouldking.store\/vi\/wp-json\/wp\/v2\/types\/product"}],"replies":[{"embeddable":true,"href":"https:\/\/mouldking.store\/vi\/wp-json\/wp\/v2\/comments?post=21426"}],"wp:featuredmedia":[{"embeddable":true,"href":"https:\/\/mouldking.store\/vi\/wp-json\/wp\/v2\/media\/21422"}],"wp:attachment":[{"href":"https:\/\/mouldking.store\/vi\/wp-json\/wp\/v2\/media?parent=21426"}],"wp:term":[{"taxonomy":"product_cat","embeddable":true,"href":"https:\/\/mouldking.store\/vi\/wp-json\/wp\/v2\/product_cat?post=21426"},{"taxonomy":"product_tag","embeddable":true,"href":"https:\/\/mouldking.store\/vi\/wp-json\/wp\/v2\/product_tag?post=21426"}],"curies":[{"name":"wp","href":"https:\/\/api.w.org\/{rel}","templated":true}]}}