{"id":21443,"date":"2021-10-09T05:08:19","date_gmt":"2021-10-08T22:08:19","guid":{"rendered":"https:\/\/mouldking.store\/shop\/moc-47576-mauls-speeder-bike-star-wars-by-jeffy-o-moc-factory\/"},"modified":"2025-12-25T09:24:04","modified_gmt":"2025-12-25T02:24:04","slug":"moc-47576-mauls-speeder-bike-star-wars-by-jeffy-o-moc-factory","status":"publish","type":"product","link":"https:\/\/mouldking.store\/vi\/shop\/moc-47576-mauls-speeder-bike-star-wars-by-jeffy-o-moc-factory\/","title":{"rendered":"MOC-47576 Maul&#039;s Speeder Bike Star Wars c\u1ee7a Jeffy-O MOC FACTORY"},"content":{"rendered":"<p><span style=\"font-weight: 400\"><strong>MOC-47576 Maul&#039;s Speeder Bike Star Wars c\u1ee7a Jeffy-O MOC FACTORY<\/strong> l\u00e0 m\u1ed9t b\u1ed9 trong T\u00f2a nh\u00e0 m\u00f4-\u0111un <\/span><span style=\"font-weight: 400\">b\u1ed9 s\u01b0u t\u1eadp. C\u00e1i n\u00e0y <strong>M\u1ed8C<\/strong> <strong>47576<\/strong><\/span><span style=\"font-weight: 400\"><b>\u00a0<\/b><\/span><span style=\"font-weight: 400\">comes with PDF instruction which is easy to build and find the missing pieces. The set contains 578 pieces, first released in 2020.<\/span><\/p>\n<p>&nbsp;<\/p>\n<p><img fetchpriority=\"high\" decoding=\"async\" class=\"size-full wp-image-197949\" src=\"https:\/\/pay.lpwstore.com\/wp-content\/uploads\/2020\/11\/MOC-47576.1.jpg\" alt=\"-\" width=\"800\" height=\"800\" title=\"-\"><\/p>\n<p><img decoding=\"async\" class=\"alignnone size-full wp-image-197948\" src=\"https:\/\/pay.lpwstore.com\/wp-content\/uploads\/2020\/11\/MOC-47576.2.jpg\" alt=\"-\" width=\"800\" height=\"800\" title=\"-\"> <img decoding=\"async\" class=\"alignnone size-full wp-image-197947\" src=\"https:\/\/pay.lpwstore.com\/wp-content\/uploads\/2020\/11\/MOC-47576.3.jpg\" alt=\"-\" width=\"800\" height=\"800\" title=\"-\"> <img loading=\"lazy\" decoding=\"async\" class=\"alignnone size-full wp-image-197946\" src=\"https:\/\/pay.lpwstore.com\/wp-content\/uploads\/2020\/11\/MOC-47576.4.jpg\" alt=\"-\" width=\"800\" height=\"800\" title=\"-\"><\/p>","protected":false},"excerpt":{"rendered":"<ul>\n<li><span style=\"font-weight: 400\">Bao g\u1ed3m <\/span><b>578+<\/b><span style=\"font-weight: 400\"> chi\u1ebfc<\/span><\/li>\n<li><span style=\"font-weight: 400\">H\u01b0\u1edbng d\u1eabn PDF tr\u1ef1c tuy\u1ebfn<\/span><\/li>\n<li><span style=\"font-weight: 400\">Kh\u1ed1i ABS ch\u1ea5t l\u01b0\u1ee3ng cao<\/span><\/li>\n<\/ul>","protected":false},"featured_media":21439,"comment_status":"open","ping_status":"closed","template":"","meta":{"_acf_changed":false},"product_cat":[415],"product_tag":[],"class_list":["product","first","instock","shipping-taxable","purchasable","product-type-simple"],"acf":[],"_links":{"self":[{"href":"https:\/\/mouldking.store\/vi\/wp-json\/wp\/v2\/product\/21443","targetHints":{"allow":["GET"]}}],"collection":[{"href":"https:\/\/mouldking.store\/vi\/wp-json\/wp\/v2\/product"}],"about":[{"href":"https:\/\/mouldking.store\/vi\/wp-json\/wp\/v2\/types\/product"}],"replies":[{"embeddable":true,"href":"https:\/\/mouldking.store\/vi\/wp-json\/wp\/v2\/comments?post=21443"}],"wp:featuredmedia":[{"embeddable":true,"href":"https:\/\/mouldking.store\/vi\/wp-json\/wp\/v2\/media\/21439"}],"wp:attachment":[{"href":"https:\/\/mouldking.store\/vi\/wp-json\/wp\/v2\/media?parent=21443"}],"wp:term":[{"taxonomy":"product_cat","embeddable":true,"href":"https:\/\/mouldking.store\/vi\/wp-json\/wp\/v2\/product_cat?post=21443"},{"taxonomy":"product_tag","embeddable":true,"href":"https:\/\/mouldking.store\/vi\/wp-json\/wp\/v2\/product_tag?post=21443"}],"curies":[{"name":"wp","href":"https:\/\/api.w.org\/{rel}","templated":true}]}}