{"id":21449,"date":"2021-10-09T05:08:30","date_gmt":"2021-10-08T22:08:30","guid":{"rendered":"https:\/\/mouldking.store\/shop\/moc-45639-tatooine-double-building-slums-tat02-star-wars-by-azzer86-moc-factory\/"},"modified":"2025-12-25T09:24:04","modified_gmt":"2025-12-25T02:24:04","slug":"moc-45639-tatooine-double-building-slums-tat02-star-wars-by-azzer86-moc-factory","status":"publish","type":"product","link":"https:\/\/mouldking.store\/vi\/shop\/moc-45639-tatooine-double-building-slums-tat02-star-wars-by-azzer86-moc-factory\/","title":{"rendered":"MOC-45639 Tatooine Double Building (Slums) TAT02 Star Wars c\u1ee7a azzer86 MOC FACTORY"},"content":{"rendered":"<p><span style=\"font-weight: 400\"><strong>MOC-45639 Tatooine Double Building (Slums) TAT02 Star Wars c\u1ee7a azzer86 MOC FACTORY<\/strong> l\u00e0 m\u1ed9t b\u1ed9 trong T\u00f2a nh\u00e0 m\u00f4-\u0111un <\/span><span style=\"font-weight: 400\">b\u1ed9 s\u01b0u t\u1eadp. C\u00e1i n\u00e0y <strong>M\u1ed8C<\/strong> <strong>45639<\/strong><\/span><span style=\"font-weight: 400\"><b>\u00a0<\/b><\/span><span style=\"font-weight: 400\">\u0111i k\u00e8m v\u1edbi h\u01b0\u1edbng d\u1eabn PDF, d\u1ec5 x\u00e2y d\u1ef1ng v\u00e0 t\u00ecm c\u00e1c ph\u1ea7n c\u00f2n thi\u1ebfu. B\u1ed9 g\u1ed3m 636 mi\u1ebfng, ph\u00e1t h\u00e0nh l\u1ea7n \u0111\u1ea7u v\u00e0o n\u0103m 2020.<\/span><\/p>\n<p>&nbsp;<\/p>\n<p><img fetchpriority=\"high\" decoding=\"async\" class=\"size-full wp-image-197956\" src=\"https:\/\/pay.lpwstore.com\/wp-content\/uploads\/2020\/11\/MOC-45639.1.jpg\" alt=\"-\" width=\"800\" height=\"800\" title=\"-\"><\/p>\n<p><img decoding=\"async\" class=\"size-full wp-image-197955 aligncenter\" src=\"https:\/\/pay.lpwstore.com\/wp-content\/uploads\/2020\/11\/MOC-45639.2.jpg\" alt=\"-\" width=\"1000\" height=\"1000\" title=\"-\"> <img decoding=\"async\" class=\"alignnone size-full wp-image-197954\" src=\"https:\/\/pay.lpwstore.com\/wp-content\/uploads\/2020\/11\/MOC-45639.3.jpg\" alt=\"-\" width=\"1000\" height=\"1000\" title=\"-\"> <img loading=\"lazy\" decoding=\"async\" class=\"alignnone size-full wp-image-197953\" src=\"https:\/\/pay.lpwstore.com\/wp-content\/uploads\/2020\/11\/MOC-45639.4.jpg\" alt=\"-\" width=\"1000\" height=\"1000\" title=\"-\"> <img loading=\"lazy\" decoding=\"async\" class=\"alignnone size-full wp-image-197952\" src=\"https:\/\/pay.lpwstore.com\/wp-content\/uploads\/2020\/11\/MOC-45639.5.jpg\" alt=\"-\" width=\"1000\" height=\"1000\" title=\"-\"><\/p>","protected":false},"excerpt":{"rendered":"<ul>\n<li><span style=\"font-weight: 400\">Bao g\u1ed3m <\/span><b>636+<\/b><span style=\"font-weight: 400\"> chi\u1ebfc<\/span><\/li>\n<li><span style=\"font-weight: 400\">H\u01b0\u1edbng d\u1eabn PDF tr\u1ef1c tuy\u1ebfn<\/span><\/li>\n<li><span style=\"font-weight: 400\">Kh\u1ed1i ABS ch\u1ea5t l\u01b0\u1ee3ng cao<\/span><\/li>\n<\/ul>","protected":false},"featured_media":21444,"comment_status":"open","ping_status":"closed","template":"","meta":{"_acf_changed":false},"product_cat":[415],"product_tag":[],"class_list":["product","first","instock","shipping-taxable","purchasable","product-type-simple"],"acf":[],"_links":{"self":[{"href":"https:\/\/mouldking.store\/vi\/wp-json\/wp\/v2\/product\/21449","targetHints":{"allow":["GET"]}}],"collection":[{"href":"https:\/\/mouldking.store\/vi\/wp-json\/wp\/v2\/product"}],"about":[{"href":"https:\/\/mouldking.store\/vi\/wp-json\/wp\/v2\/types\/product"}],"replies":[{"embeddable":true,"href":"https:\/\/mouldking.store\/vi\/wp-json\/wp\/v2\/comments?post=21449"}],"wp:featuredmedia":[{"embeddable":true,"href":"https:\/\/mouldking.store\/vi\/wp-json\/wp\/v2\/media\/21444"}],"wp:attachment":[{"href":"https:\/\/mouldking.store\/vi\/wp-json\/wp\/v2\/media?parent=21449"}],"wp:term":[{"taxonomy":"product_cat","embeddable":true,"href":"https:\/\/mouldking.store\/vi\/wp-json\/wp\/v2\/product_cat?post=21449"},{"taxonomy":"product_tag","embeddable":true,"href":"https:\/\/mouldking.store\/vi\/wp-json\/wp\/v2\/product_tag?post=21449"}],"curies":[{"name":"wp","href":"https:\/\/api.w.org\/{rel}","templated":true}]}}