{"id":21451,"date":"2021-10-09T05:08:33","date_gmt":"2021-10-08T22:08:33","guid":{"rendered":"https:\/\/mouldking.store\/shop\/moc-31162-r2-d2-mid-size-star-wars-by-wheelsspinnin-moc-factory\/"},"modified":"2025-12-25T09:24:03","modified_gmt":"2025-12-25T02:24:03","slug":"moc-31162-r2-d2-mid-size-star-wars-by-wheelsspinnin-moc-factory","status":"publish","type":"product","link":"https:\/\/mouldking.store\/vi\/shop\/moc-31162-r2-d2-mid-size-star-wars-by-wheelsspinnin-moc-factory\/","title":{"rendered":"MOC-31162 R2-D2 Chi\u1ebfn tranh gi\u1eefa c\u00e1c v\u00ec sao c\u1ee1 trung b\u1eb1ng b\u00e1nh xe quay trong MOC FACTORY"},"content":{"rendered":"<p><strong>MOC-31162 R2-D2 Chi\u1ebfn tranh gi\u1eefa c\u00e1c v\u00ec sao c\u1ee1 trung b\u1eb1ng b\u00e1nh xe quay trong MOC FACTORY<\/strong>\u00a0l\u00e0 m\u1ed9t b\u1ed9 trong b\u1ed9 s\u01b0u t\u1eadp T\u00f2a nh\u00e0 m\u00f4-\u0111un. C\u00e1i n\u00e0y\u00a0<strong>M\u1ed8C<\/strong> <strong>31162<\/strong><b>\u00a0<\/b>comes with PDF instruction which is easy to build and find the missing pieces. The set contains 614 pieces, first released in 2020.<\/p>\n<p><img fetchpriority=\"high\" decoding=\"async\" class=\"size-full wp-image-197977\" src=\"https:\/\/pay.lpwstore.com\/wp-content\/uploads\/2020\/11\/MOC-31162-R2-D2-Mid-size-Star-Wars-by-wheelsspinnin-MOC-FACTORY.jpg\" alt=\"-\" width=\"800\" height=\"800\" title=\"-\"><\/p>\n<p>MOC-31162 R2-D2 Chi\u1ebfn tranh gi\u1eefa c\u00e1c v\u00ec sao c\u1ee1 trung b\u1eb1ng b\u00e1nh xe quay trong MOC FACTORY<\/p>","protected":false},"excerpt":{"rendered":"<ul>\n<li>Bao g\u1ed3m\u00a0<b>614+<\/b>\u00a0chi\u1ebfc<\/li>\n<li>H\u01b0\u1edbng d\u1eabn PDF tr\u1ef1c tuy\u1ebfn<\/li>\n<li>Kh\u1ed1i ABS ch\u1ea5t l\u01b0\u1ee3ng cao<\/li>\n<\/ul>","protected":false},"featured_media":21450,"comment_status":"open","ping_status":"closed","template":"","meta":{"_acf_changed":false},"product_cat":[415],"product_tag":[],"class_list":["product","first","instock","shipping-taxable","purchasable","product-type-simple"],"acf":[],"_links":{"self":[{"href":"https:\/\/mouldking.store\/vi\/wp-json\/wp\/v2\/product\/21451","targetHints":{"allow":["GET"]}}],"collection":[{"href":"https:\/\/mouldking.store\/vi\/wp-json\/wp\/v2\/product"}],"about":[{"href":"https:\/\/mouldking.store\/vi\/wp-json\/wp\/v2\/types\/product"}],"replies":[{"embeddable":true,"href":"https:\/\/mouldking.store\/vi\/wp-json\/wp\/v2\/comments?post=21451"}],"wp:featuredmedia":[{"embeddable":true,"href":"https:\/\/mouldking.store\/vi\/wp-json\/wp\/v2\/media\/21450"}],"wp:attachment":[{"href":"https:\/\/mouldking.store\/vi\/wp-json\/wp\/v2\/media?parent=21451"}],"wp:term":[{"taxonomy":"product_cat","embeddable":true,"href":"https:\/\/mouldking.store\/vi\/wp-json\/wp\/v2\/product_cat?post=21451"},{"taxonomy":"product_tag","embeddable":true,"href":"https:\/\/mouldking.store\/vi\/wp-json\/wp\/v2\/product_tag?post=21451"}],"curies":[{"name":"wp","href":"https:\/\/api.w.org\/{rel}","templated":true}]}}