{"id":21471,"date":"2021-10-09T05:08:48","date_gmt":"2021-10-08T22:08:48","guid":{"rendered":"https:\/\/mouldking.store\/shop\/moc-51466-titanic-sinking-scene-movie-by-ycbricks-moc-factory\/"},"modified":"2025-12-25T09:24:03","modified_gmt":"2025-12-25T02:24:03","slug":"moc-51466-titanic-sinking-scene-movie-by-ycbricks-moc-factory","status":"publish","type":"product","link":"https:\/\/mouldking.store\/vi\/shop\/moc-51466-titanic-sinking-scene-movie-by-ycbricks-moc-factory\/","title":{"rendered":"MOC-51466 Phim c\u1ea3nh ch\u00ecm t\u00e0u Titanic c\u1ee7a YCBricks MOC FACTORY"},"content":{"rendered":"<ul>\n<li><span style=\"font-weight: 400;\"><strong>MOC-51466 Phim c\u1ea3nh ch\u00ecm t\u00e0u Titanic c\u1ee7a YCBricks MOC FACTORY<\/strong> l\u00e0 m\u1ed9t t\u1eadp h\u1ee3p trong <\/span><span style=\"font-weight: 400;\"><b>B\u1ed9 phim <\/b><\/span><span style=\"font-weight: 400;\">b\u1ed9 s\u01b0u t\u1eadp. C\u00e1i n\u00e0y <strong>M\u1ed8C<\/strong> <\/span><span style=\"font-weight: 400;\"><b>51466 <\/b><\/span><span style=\"font-weight: 400;\">\u0111i k\u00e8m v\u1edbi h\u01b0\u1edbng d\u1eabn PDF, d\u1ec5 x\u00e2y d\u1ef1ng v\u00e0 t\u00ecm c\u00e1c ph\u1ea7n c\u00f2n thi\u1ebfu. B\u1ed9 g\u1ed3m 775 mi\u1ebfng, ph\u00e1t h\u00e0nh l\u1ea7n \u0111\u1ea7u v\u00e0o n\u0103m 2020.<\/span><\/li>\n<li>S\u1eafp x\u1ebfp th\u1eddi gian: 4-7 tu\u1ea7n<\/li>\n<\/ul>\n<p>&nbsp;<\/p>\n<figure id=\"attachment_21466\" aria-describedby=\"caption-attachment-21466\" style=\"width: 800px\" class=\"wp-caption aligncenter\"><img fetchpriority=\"high\" decoding=\"async\" class=\"wp-image-21466 size-full\" src=\"https:\/\/mouldking.store\/wp-content\/uploads\/2021\/10\/MOC-51466.jpg\" alt=\"MOC-51466 Titanic Sinking Scene Movie by YCBricks MOC FACTORY\" width=\"800\" height=\"800\" title=\"-\" srcset=\"https:\/\/mouldking.store\/wp-content\/uploads\/2021\/10\/MOC-51466.jpg 800w, https:\/\/mouldking.store\/wp-content\/uploads\/2021\/10\/MOC-51466-300x300.jpg 300w, https:\/\/mouldking.store\/wp-content\/uploads\/2021\/10\/MOC-51466-768x768.jpg 768w, https:\/\/mouldking.store\/wp-content\/uploads\/2021\/10\/MOC-51466-600x600.jpg 600w, https:\/\/mouldking.store\/wp-content\/uploads\/2021\/10\/MOC-51466-150x150.jpg 150w\" sizes=\"(max-width: 800px) 100vw, 800px\" \/><figcaption id=\"caption-attachment-21466\" class=\"wp-caption-text\">MOC-51466 Phim c\u1ea3nh ch\u00ecm t\u00e0u Titanic c\u1ee7a YCBricks MOC FACTORY<\/figcaption><\/figure>\n<figure id=\"attachment_21467\" aria-describedby=\"caption-attachment-21467\" style=\"width: 1000px\" class=\"wp-caption aligncenter\"><img decoding=\"async\" class=\"wp-image-21467 size-full\" src=\"https:\/\/mouldking.store\/wp-content\/uploads\/2021\/10\/MOC-51466-1.jpg\" alt=\"MOC-51466 Titanic Sinking Scene Movie by YCBricks MOC FACTORY\" width=\"1000\" height=\"1000\" title=\"-\" srcset=\"https:\/\/mouldking.store\/wp-content\/uploads\/2021\/10\/MOC-51466-1.jpg 1000w, https:\/\/mouldking.store\/wp-content\/uploads\/2021\/10\/MOC-51466-1-300x300.jpg 300w, https:\/\/mouldking.store\/wp-content\/uploads\/2021\/10\/MOC-51466-1-768x768.jpg 768w, https:\/\/mouldking.store\/wp-content\/uploads\/2021\/10\/MOC-51466-1-600x600.jpg 600w, https:\/\/mouldking.store\/wp-content\/uploads\/2021\/10\/MOC-51466-1-150x150.jpg 150w\" sizes=\"(max-width: 1000px) 100vw, 1000px\" \/><figcaption id=\"caption-attachment-21467\" class=\"wp-caption-text\">MOC-51466 Phim c\u1ea3nh ch\u00ecm t\u00e0u Titanic c\u1ee7a YCBricks MOC FACTORY<\/figcaption><\/figure>\n<figure id=\"attachment_21468\" aria-describedby=\"caption-attachment-21468\" style=\"width: 800px\" class=\"wp-caption aligncenter\"><img decoding=\"async\" class=\"wp-image-21468 size-full\" src=\"https:\/\/mouldking.store\/wp-content\/uploads\/2021\/10\/MOC-51466-2.jpg\" alt=\"MOC-51466 Titanic Sinking Scene Movie by YCBricks MOC FACTORY\" width=\"800\" height=\"800\" title=\"-\" srcset=\"https:\/\/mouldking.store\/wp-content\/uploads\/2021\/10\/MOC-51466-2.jpg 800w, https:\/\/mouldking.store\/wp-content\/uploads\/2021\/10\/MOC-51466-2-300x300.jpg 300w, https:\/\/mouldking.store\/wp-content\/uploads\/2021\/10\/MOC-51466-2-768x768.jpg 768w, https:\/\/mouldking.store\/wp-content\/uploads\/2021\/10\/MOC-51466-2-600x600.jpg 600w, https:\/\/mouldking.store\/wp-content\/uploads\/2021\/10\/MOC-51466-2-150x150.jpg 150w\" sizes=\"(max-width: 800px) 100vw, 800px\" \/><figcaption id=\"caption-attachment-21468\" class=\"wp-caption-text\">MOC-51466 Phim c\u1ea3nh ch\u00ecm t\u00e0u Titanic c\u1ee7a YCBricks MOC FACTORY<\/figcaption><\/figure>\n<figure id=\"attachment_21469\" aria-describedby=\"caption-attachment-21469\" style=\"width: 800px\" class=\"wp-caption aligncenter\"><img loading=\"lazy\" decoding=\"async\" class=\"wp-image-21469 size-full\" src=\"https:\/\/mouldking.store\/wp-content\/uploads\/2021\/10\/MOC-51466-4.jpg\" alt=\"MOC-51466 Titanic Sinking Scene Movie by YCBricks MOC FACTORY\" width=\"800\" height=\"800\" title=\"-\" srcset=\"https:\/\/mouldking.store\/wp-content\/uploads\/2021\/10\/MOC-51466-4.jpg 800w, https:\/\/mouldking.store\/wp-content\/uploads\/2021\/10\/MOC-51466-4-300x300.jpg 300w, https:\/\/mouldking.store\/wp-content\/uploads\/2021\/10\/MOC-51466-4-768x768.jpg 768w, https:\/\/mouldking.store\/wp-content\/uploads\/2021\/10\/MOC-51466-4-600x600.jpg 600w, https:\/\/mouldking.store\/wp-content\/uploads\/2021\/10\/MOC-51466-4-150x150.jpg 150w\" sizes=\"(max-width: 800px) 100vw, 800px\" \/><figcaption id=\"caption-attachment-21469\" class=\"wp-caption-text\">MOC-51466 Phim c\u1ea3nh ch\u00ecm t\u00e0u Titanic c\u1ee7a YCBricks MOC FACTORY<\/figcaption><\/figure>\n<figure id=\"attachment_21470\" aria-describedby=\"caption-attachment-21470\" style=\"width: 800px\" class=\"wp-caption aligncenter\"><img loading=\"lazy\" decoding=\"async\" class=\"wp-image-21470 size-full\" src=\"https:\/\/mouldking.store\/wp-content\/uploads\/2021\/10\/MOC-51466-3.jpg\" alt=\"MOC-51466 Titanic Sinking Scene Movie by YCBricks MOC FACTORY\" width=\"800\" height=\"800\" title=\"-\" srcset=\"https:\/\/mouldking.store\/wp-content\/uploads\/2021\/10\/MOC-51466-3.jpg 800w, https:\/\/mouldking.store\/wp-content\/uploads\/2021\/10\/MOC-51466-3-300x300.jpg 300w, https:\/\/mouldking.store\/wp-content\/uploads\/2021\/10\/MOC-51466-3-768x768.jpg 768w, https:\/\/mouldking.store\/wp-content\/uploads\/2021\/10\/MOC-51466-3-600x600.jpg 600w, https:\/\/mouldking.store\/wp-content\/uploads\/2021\/10\/MOC-51466-3-150x150.jpg 150w\" sizes=\"(max-width: 800px) 100vw, 800px\" \/><figcaption id=\"caption-attachment-21470\" class=\"wp-caption-text\">MOC-51466 Phim c\u1ea3nh ch\u00ecm t\u00e0u Titanic c\u1ee7a YCBricks MOC FACTORY<\/figcaption><\/figure>\n<p>&nbsp;<\/p>","protected":false},"excerpt":{"rendered":"<ul>\n<li><span style=\"font-weight: 400;\">\u00a0<\/span><span style=\"font-weight: 400;\">Bao g\u1ed3m <\/span><b>775+<\/b><span style=\"font-weight: 400;\"> chi\u1ebfc<\/span><\/li>\n<li><span style=\"font-weight: 400;\"> \u00a0<\/span><span style=\"font-weight: 400;\">H\u01b0\u1edbng d\u1eabn PDF tr\u1ef1c tuy\u1ebfn<\/span><\/li>\n<li><span style=\"font-weight: 400;\">Kh\u1ed1i ABS ch\u1ea5t l\u01b0\u1ee3ng cao<\/span><\/li>\n<\/ul>","protected":false},"featured_media":21466,"comment_status":"open","ping_status":"closed","template":"","meta":{"_acf_changed":false},"product_cat":[581],"product_tag":[5710,5709,5708,4068,5712,5711],"class_list":["product","first","instock","shipping-taxable","purchasable","product-type-simple"],"acf":[],"_links":{"self":[{"href":"https:\/\/mouldking.store\/vi\/wp-json\/wp\/v2\/product\/21471","targetHints":{"allow":["GET"]}}],"collection":[{"href":"https:\/\/mouldking.store\/vi\/wp-json\/wp\/v2\/product"}],"about":[{"href":"https:\/\/mouldking.store\/vi\/wp-json\/wp\/v2\/types\/product"}],"replies":[{"embeddable":true,"href":"https:\/\/mouldking.store\/vi\/wp-json\/wp\/v2\/comments?post=21471"}],"wp:featuredmedia":[{"embeddable":true,"href":"https:\/\/mouldking.store\/vi\/wp-json\/wp\/v2\/media\/21466"}],"wp:attachment":[{"href":"https:\/\/mouldking.store\/vi\/wp-json\/wp\/v2\/media?parent=21471"}],"wp:term":[{"taxonomy":"product_cat","embeddable":true,"href":"https:\/\/mouldking.store\/vi\/wp-json\/wp\/v2\/product_cat?post=21471"},{"taxonomy":"product_tag","embeddable":true,"href":"https:\/\/mouldking.store\/vi\/wp-json\/wp\/v2\/product_tag?post=21471"}],"curies":[{"name":"wp","href":"https:\/\/api.w.org\/{rel}","templated":true}]}}