{"id":21477,"date":"2021-10-09T05:08:56","date_gmt":"2021-10-08T22:08:56","guid":{"rendered":"https:\/\/mouldking.store\/shop\/moc-29532-friends-the-television-series-monicas-apartme-creator-expert-by-momatteo79-moc-factory\/"},"modified":"2025-12-25T09:24:03","modified_gmt":"2025-12-25T02:24:03","slug":"moc-29532-friends-the-television-series-monicas-apartme-creator-expert-by-momatteo79-moc-factory","status":"publish","type":"product","link":"https:\/\/mouldking.store\/vi\/shop\/moc-29532-friends-the-television-series-monicas-apartme-creator-expert-by-momatteo79-moc-factory\/","title":{"rendered":"MOC-29532 Nh\u1eefng ng\u01b0\u1eddi b\u1ea1n ~ Phim truy\u1ec1n h\u00ecnh \u2013 Chuy\u00ean gia s\u00e1ng t\u1ea1o c\u0103n h\u1ed9 c\u1ee7a Monica b\u1edfi MOMAtteo79 MOC FACTORY"},"content":{"rendered":"<h2 style=\"text-align: center\"><strong>MOC-29532 Nh\u1eefng ng\u01b0\u1eddi b\u1ea1n ~ Phim truy\u1ec1n h\u00ecnh \u2013 Chuy\u00ean gia s\u00e1ng t\u1ea1o c\u0103n h\u1ed9 c\u1ee7a Monica b\u1edfi MOMAtteo79 MOC FACTORY<\/strong><\/h2>\n<p><strong>MOC-29532 Nh\u1eefng ng\u01b0\u1eddi b\u1ea1n ~ Phim truy\u1ec1n h\u00ecnh \u2013 Chuy\u00ean gia s\u00e1ng t\u1ea1o c\u0103n h\u1ed9 c\u1ee7a Monica b\u1edfi MOMAtteo79 MOC FACTORY<\/strong> l\u00e0 m\u1ed9t b\u1ed9 trong b\u1ed9 s\u01b0u t\u1eadp T\u00f2a nh\u00e0 m\u00f4-\u0111un. C\u00e1i n\u00e0y\u00a0<strong>M\u1ed8C<\/strong> <strong>29532 <\/strong>\u0111i k\u00e8m v\u1edbi h\u01b0\u1edbng d\u1eabn PDF, d\u1ec5 x\u00e2y d\u1ef1ng v\u00e0 t\u00ecm c\u00e1c ph\u1ea7n c\u00f2n thi\u1ebfu. B\u1ed9 g\u1ed3m 894 mi\u1ebfng, ph\u00e1t h\u00e0nh l\u1ea7n \u0111\u1ea7u v\u00e0o n\u0103m 2020.<\/p>\n<figure id=\"attachment_198092\" aria-describedby=\"caption-attachment-198092\" style=\"width: 800px\" class=\"wp-caption alignnone\"><a href=\"https:\/\/pay.lpwstore.com\/wp-content\/uploads\/2020\/11\/MOC-29532.1.jpg\" target=\"_blank\" rel=\"noopener\"><img fetchpriority=\"high\" decoding=\"async\" class=\"wp-image-198092 size-full\" title=\"MOC-29532 Nh\u1eefng ng\u01b0\u1eddi b\u1ea1n ~ Phim truy\u1ec1n h\u00ecnh \u2013 Chuy\u00ean gia s\u00e1ng t\u1ea1o c\u0103n h\u1ed9 c\u1ee7a Monica b\u1edfi MOMAtteo79 MOC FACTORY\" src=\"https:\/\/pay.lpwstore.com\/wp-content\/uploads\/2020\/11\/MOC-29532.1.jpg\" alt=\"MOC-29532 Friends ~ The Television Series \u2013 Monica\u2019s Apartme Creator Expert by MOMAtteo79 MOC FACTORY\" width=\"800\" height=\"800\" \/><\/a><figcaption id=\"caption-attachment-198092\" class=\"wp-caption-text\">MOC-29532 Nh\u1eefng ng\u01b0\u1eddi b\u1ea1n ~ Phim truy\u1ec1n h\u00ecnh \u2013 Chuy\u00ean gia s\u00e1ng t\u1ea1o c\u0103n h\u1ed9 c\u1ee7a Monica b\u1edfi MOMAtteo79 MOC FACTORY<\/figcaption><\/figure>\n<p><img decoding=\"async\" class=\"wp-image-198091 size-full\" src=\"https:\/\/pay.lpwstore.com\/wp-content\/uploads\/2020\/11\/MOC-29532.2.jpg\" alt=\"MOC-29532 Friends ~ The Television Series \u2013 Monica\u2019s Apartme Creator Expert by MOMAtteo79 MOC FACTORY\" width=\"800\" height=\"800\" title=\"-\"><\/p>\n<p><img decoding=\"async\" class=\"alignnone size-full wp-image-198090\" src=\"https:\/\/pay.lpwstore.com\/wp-content\/uploads\/2020\/11\/MOC-29532.3.jpg\" alt=\"-\" width=\"800\" height=\"800\" title=\"-\"><\/p>\n<p><img loading=\"lazy\" decoding=\"async\" class=\"alignnone size-full wp-image-198089\" src=\"https:\/\/pay.lpwstore.com\/wp-content\/uploads\/2020\/11\/MOC-29532.4.jpg\" alt=\"-\" width=\"800\" height=\"800\" title=\"-\"><\/p>","protected":false},"excerpt":{"rendered":"<ul>\n<li>Bao g\u1ed3m\u00a0<b>894+<\/b>\u00a0chi\u1ebfc<\/li>\n<li>H\u01b0\u1edbng d\u1eabn PDF tr\u1ef1c tuy\u1ebfn<\/li>\n<li>Kh\u1ed1i ABS ch\u1ea5t l\u01b0\u1ee3ng cao<\/li>\n<\/ul>","protected":false},"featured_media":21472,"comment_status":"open","ping_status":"closed","template":"","meta":{"_acf_changed":false},"product_cat":[371],"product_tag":[],"class_list":["product","first","instock","shipping-taxable","purchasable","product-type-simple"],"acf":[],"_links":{"self":[{"href":"https:\/\/mouldking.store\/vi\/wp-json\/wp\/v2\/product\/21477","targetHints":{"allow":["GET"]}}],"collection":[{"href":"https:\/\/mouldking.store\/vi\/wp-json\/wp\/v2\/product"}],"about":[{"href":"https:\/\/mouldking.store\/vi\/wp-json\/wp\/v2\/types\/product"}],"replies":[{"embeddable":true,"href":"https:\/\/mouldking.store\/vi\/wp-json\/wp\/v2\/comments?post=21477"}],"wp:featuredmedia":[{"embeddable":true,"href":"https:\/\/mouldking.store\/vi\/wp-json\/wp\/v2\/media\/21472"}],"wp:attachment":[{"href":"https:\/\/mouldking.store\/vi\/wp-json\/wp\/v2\/media?parent=21477"}],"wp:term":[{"taxonomy":"product_cat","embeddable":true,"href":"https:\/\/mouldking.store\/vi\/wp-json\/wp\/v2\/product_cat?post=21477"},{"taxonomy":"product_tag","embeddable":true,"href":"https:\/\/mouldking.store\/vi\/wp-json\/wp\/v2\/product_tag?post=21477"}],"curies":[{"name":"wp","href":"https:\/\/api.w.org\/{rel}","templated":true}]}}