{"id":21482,"date":"2021-10-09T05:09:04","date_gmt":"2021-10-08T22:09:04","guid":{"rendered":"https:\/\/mouldking.store\/shop\/moc-32239-tie-interceptor-star-wars-by-theoderic-moc-factory\/"},"modified":"2025-12-25T09:24:03","modified_gmt":"2025-12-25T02:24:03","slug":"moc-32239-tie-interceptor-star-wars-by-theoderic-moc-factory","status":"publish","type":"product","link":"https:\/\/mouldking.store\/vi\/shop\/moc-32239-tie-interceptor-star-wars-by-theoderic-moc-factory\/","title":{"rendered":"MOC-32239 TIE Interceptor Star Wars c\u1ee7a Theoderic MOC FACTORY"},"content":{"rendered":"<p><strong>MOC-32239 TIE Interceptor Star Wars c\u1ee7a Theoderic MOC FACTORY<\/strong> l\u00e0 m\u1ed9t b\u1ed9 trong b\u1ed9 s\u01b0u t\u1eadp Chi\u1ebfn tranh gi\u1eefa c\u00e1c v\u00ec sao. C\u00e1i n\u00e0y <strong>M\u1ed8C<\/strong> <strong>32239\u00a0<\/strong>comes with PDF instruction which is easy to build and find the missing pieces. The set contains 568 pieces, first released in 2020.<\/p>\n<figure id=\"attachment_198097\" class=\"wp-caption aligncenter\" style=\"width: 800px\" aria-describedby=\"caption-attachment-198097\"><a href=\"https:\/\/pay.lpwstore.com\/wp-content\/uploads\/2020\/11\/MOC-32239.1.jpg\" target=\"_blank\" rel=\"noopener\"><img fetchpriority=\"high\" decoding=\"async\" class=\"wp-image-198097 size-full\" title=\"MOC-32239 TIE Interceptor Star Wars c\u1ee7a Theoderic MOC FACTORY\" src=\"https:\/\/pay.lpwstore.com\/wp-content\/uploads\/2020\/11\/MOC-32239.1.jpg\" alt=\"MOC-32239 TIE Interceptor Star Wars by Theoderic MOC FACTORY\" width=\"800\" height=\"800\" \/><\/a><figcaption id=\"caption-attachment-198097\" class=\"wp-caption-text\">MOC-32239 TIE Interceptor Star Wars c\u1ee7a Theoderic MOC FACTORY<\/figcaption><\/figure>\n<p><img decoding=\"async\" class=\"aligncenter size-full wp-image-198096\" src=\"https:\/\/pay.lpwstore.com\/wp-content\/uploads\/2020\/11\/MOC-32239.2.jpg\" alt=\"-\" width=\"800\" height=\"800\" title=\"-\"> <img decoding=\"async\" class=\"aligncenter size-full wp-image-198095\" src=\"https:\/\/pay.lpwstore.com\/wp-content\/uploads\/2020\/11\/MOC-32239.3.jpg\" alt=\"-\" width=\"800\" height=\"800\" title=\"-\"> <img loading=\"lazy\" decoding=\"async\" class=\"aligncenter size-full wp-image-198094\" src=\"https:\/\/pay.lpwstore.com\/wp-content\/uploads\/2020\/11\/MOC-32239.4.jpg\" alt=\"-\" width=\"800\" height=\"800\" title=\"-\"><\/p>\n<p>&nbsp;<\/p>","protected":false},"excerpt":{"rendered":"<ul>\n<li>Bao g\u1ed3m\u00a0<b>568<\/b><strong>+<\/strong>\u00a0chi\u1ebfc<\/li>\n<li>S\u00e1ch h\u01b0\u1edbng d\u1eabn<\/li>\n<li>Kh\u1ed1i ABS ch\u1ea5t l\u01b0\u1ee3ng cao<\/li>\n<li>Kh\u00f4ng c\u00f3 h\u1ed9p ban \u0111\u1ea7u<\/li>\n<li><\/li>\n<\/ul>","protected":false},"featured_media":21478,"comment_status":"open","ping_status":"closed","template":"","meta":{"_acf_changed":false},"product_cat":[415],"product_tag":[],"class_list":["product","first","instock","shipping-taxable","purchasable","product-type-simple"],"acf":[],"_links":{"self":[{"href":"https:\/\/mouldking.store\/vi\/wp-json\/wp\/v2\/product\/21482","targetHints":{"allow":["GET"]}}],"collection":[{"href":"https:\/\/mouldking.store\/vi\/wp-json\/wp\/v2\/product"}],"about":[{"href":"https:\/\/mouldking.store\/vi\/wp-json\/wp\/v2\/types\/product"}],"replies":[{"embeddable":true,"href":"https:\/\/mouldking.store\/vi\/wp-json\/wp\/v2\/comments?post=21482"}],"wp:featuredmedia":[{"embeddable":true,"href":"https:\/\/mouldking.store\/vi\/wp-json\/wp\/v2\/media\/21478"}],"wp:attachment":[{"href":"https:\/\/mouldking.store\/vi\/wp-json\/wp\/v2\/media?parent=21482"}],"wp:term":[{"taxonomy":"product_cat","embeddable":true,"href":"https:\/\/mouldking.store\/vi\/wp-json\/wp\/v2\/product_cat?post=21482"},{"taxonomy":"product_tag","embeddable":true,"href":"https:\/\/mouldking.store\/vi\/wp-json\/wp\/v2\/product_tag?post=21482"}],"curies":[{"name":"wp","href":"https:\/\/api.w.org\/{rel}","templated":true}]}}