{"id":21484,"date":"2021-10-09T05:09:05","date_gmt":"2021-10-08T22:09:05","guid":{"rendered":"https:\/\/mouldking.store\/shop\/moc-11974-tie-interceptor-perfect-minifig-scale-star-wars-by-brickvault-moc-factory\/"},"modified":"2025-12-25T09:24:03","modified_gmt":"2025-12-25T02:24:03","slug":"moc-11974-tie-interceptor-perfect-minifig-scale-star-wars-by-brickvault-moc-factory","status":"publish","type":"product","link":"https:\/\/mouldking.store\/vi\/shop\/moc-11974-tie-interceptor-perfect-minifig-scale-star-wars-by-brickvault-moc-factory\/","title":{"rendered":"MOC-11974 TIE Interceptor \u2013 Perfect Minifig Scale Star Wars b\u1edfi brickvault MOC FACTORY"},"content":{"rendered":"<h2 style=\"text-align: center\"><b>MOC-11974 TIE Interceptor \u2013 Perfect Minifig Scale by brickvault MOC FACTORY<\/b><\/h2>\n<p><b>MOC-11974 TIE Interceptor \u2013 Perfect Minifig Scale by brickvault MOC FACTORY<\/b> l\u00e0 m\u1ed9t b\u1ed9 trong b\u1ed9 s\u01b0u t\u1eadp Chi\u1ebfn tranh gi\u1eefa c\u00e1c v\u00ec sao. C\u00e1i n\u00e0y <strong>M\u1ed8C<\/strong> <b>11974<\/b> \u0111i k\u00e8m v\u1edbi h\u01b0\u1edbng d\u1eabn PDF, d\u1ec5 x\u00e2y d\u1ef1ng v\u00e0 t\u00ecm c\u00e1c ph\u1ea7n c\u00f2n thi\u1ebfu. B\u1ed9 g\u1ed3m 741 mi\u1ebfng, ph\u00e1t h\u00e0nh l\u1ea7n \u0111\u1ea7u v\u00e0o n\u0103m 2020.<\/p>\n<figure id=\"attachment_198124\" aria-describedby=\"caption-attachment-198124\" style=\"width: 800px\" class=\"wp-caption aligncenter\"><a href=\"https:\/\/pay.lpwstore.com\/wp-content\/uploads\/2020\/11\/MOC-11974.1.jpg\" target=\"_blank\" rel=\"noopener\"><img fetchpriority=\"high\" decoding=\"async\" class=\"wp-image-198124 size-full\" title=\"MOC-11974 TIE Interceptor \u2013 Perfect Minifig Scale Star Wars b\u1edfi brickvault MOC FACTORY\" src=\"https:\/\/pay.lpwstore.com\/wp-content\/uploads\/2020\/11\/MOC-11974.1.jpg\" alt=\"MOC-11974 TIE Interceptor \u2013 Perfect Minifig Scale by brickvault MOC FACTORY\" width=\"800\" height=\"800\" \/><\/a><figcaption id=\"caption-attachment-198124\" class=\"wp-caption-text\">MOC-11974 TIE Interceptor \u2013 Perfect Minifig Scale Star Wars b\u1edfi brickvault MOC FACTORY<\/figcaption><\/figure>\n<p>&nbsp;<\/p>","protected":false},"excerpt":{"rendered":"<ul>\n<li>Bao g\u1ed3m\u00a0<b>741<\/b><strong>+<\/strong>\u00a0chi\u1ebfc<\/li>\n<li>S\u00e1ch h\u01b0\u1edbng d\u1eabn<\/li>\n<li>Kh\u1ed1i ABS ch\u1ea5t l\u01b0\u1ee3ng cao<\/li>\n<li>Kh\u00f4ng c\u00f3 h\u1ed9p ban \u0111\u1ea7u<\/li>\n<\/ul>","protected":false},"featured_media":21483,"comment_status":"open","ping_status":"closed","template":"","meta":{"_acf_changed":false},"product_cat":[415],"product_tag":[],"class_list":["product","first","instock","shipping-taxable","purchasable","product-type-simple"],"acf":[],"_links":{"self":[{"href":"https:\/\/mouldking.store\/vi\/wp-json\/wp\/v2\/product\/21484","targetHints":{"allow":["GET"]}}],"collection":[{"href":"https:\/\/mouldking.store\/vi\/wp-json\/wp\/v2\/product"}],"about":[{"href":"https:\/\/mouldking.store\/vi\/wp-json\/wp\/v2\/types\/product"}],"replies":[{"embeddable":true,"href":"https:\/\/mouldking.store\/vi\/wp-json\/wp\/v2\/comments?post=21484"}],"wp:featuredmedia":[{"embeddable":true,"href":"https:\/\/mouldking.store\/vi\/wp-json\/wp\/v2\/media\/21483"}],"wp:attachment":[{"href":"https:\/\/mouldking.store\/vi\/wp-json\/wp\/v2\/media?parent=21484"}],"wp:term":[{"taxonomy":"product_cat","embeddable":true,"href":"https:\/\/mouldking.store\/vi\/wp-json\/wp\/v2\/product_cat?post=21484"},{"taxonomy":"product_tag","embeddable":true,"href":"https:\/\/mouldking.store\/vi\/wp-json\/wp\/v2\/product_tag?post=21484"}],"curies":[{"name":"wp","href":"https:\/\/api.w.org\/{rel}","templated":true}]}}