{"id":21500,"date":"2021-10-09T05:09:17","date_gmt":"2021-10-08T22:09:17","guid":{"rendered":"https:\/\/mouldking.store\/shop\/moc-19961-blade-runner-spinner-movie-by-davdupmocs-moc-factory\/"},"modified":"2025-12-25T09:24:02","modified_gmt":"2025-12-25T02:24:02","slug":"moc-19961-blade-runner-spinner-movie-by-davdupmocs-moc-factory","status":"publish","type":"product","link":"https:\/\/mouldking.store\/vi\/shop\/moc-19961-blade-runner-spinner-movie-by-davdupmocs-moc-factory\/","title":{"rendered":"MOC-19961 Blade Runner Spinner Movie c\u1ee7a DavDupMOCs MOC FACTORY"},"content":{"rendered":"<p><strong>MOC-19961 Blade Runner Spinner Movie c\u1ee7a DavDupMOCs<\/strong> l\u00e0 m\u1ed9t b\u1ed9 trong b\u1ed9 s\u01b0u t\u1eadp Movie Blade Runner. C\u00e1i n\u00e0y <strong>M\u1ed8C<\/strong> <strong>19961<\/strong> \u0111i k\u00e8m v\u1edbi h\u01b0\u1edbng d\u1eabn PDF, d\u1ec5 x\u00e2y d\u1ef1ng v\u00e0 t\u00ecm c\u00e1c ph\u1ea7n c\u00f2n thi\u1ebfu. B\u1ed9 g\u1ed3m 1818 mi\u1ebfng, ph\u00e1t h\u00e0nh l\u1ea7n \u0111\u1ea7u v\u00e0o n\u0103m 2020.<\/p>\n<figure id=\"attachment_198155\" aria-describedby=\"caption-attachment-198155\" style=\"width: 800px\" class=\"wp-caption aligncenter\"><a href=\"https:\/\/pay.lpwstore.com\/wp-content\/uploads\/2020\/11\/MOC-19961.2.jpg\" target=\"_blank\" rel=\"noopener\"><img fetchpriority=\"high\" decoding=\"async\" class=\"wp-image-198155 size-full\" title=\"MOC-19961 Blade Runner Spinner Movie c\u1ee7a DavDupMOCs MOC FACTORY\" src=\"https:\/\/pay.lpwstore.com\/wp-content\/uploads\/2020\/11\/MOC-19961.2.jpg\" alt=\"MOC-19961 Blade Runner Spinner Movie by DavDupMOCs\" width=\"800\" height=\"800\" \/><\/a><figcaption id=\"caption-attachment-198155\" class=\"wp-caption-text\">MOC-19961 Blade Runner Spinner Movie c\u1ee7a DavDupMOCs MOC FACTORY<\/figcaption><\/figure>\n<p>&nbsp;<\/p>","protected":false},"excerpt":{"rendered":"<ul>\n<li>Bao g\u1ed3m\u00a0<b>1818<\/b><strong>+<\/strong>\u00a0chi\u1ebfc<\/li>\n<li>S\u00e1ch h\u01b0\u1edbng d\u1eabn<\/li>\n<li>Kh\u1ed1i ABS ch\u1ea5t l\u01b0\u1ee3ng cao<\/li>\n<li>Kh\u00f4ng c\u00f3 h\u1ed9p ban \u0111\u1ea7u<\/li>\n<\/ul>","protected":false},"featured_media":21499,"comment_status":"open","ping_status":"closed","template":"","meta":{"_acf_changed":false},"product_cat":[581],"product_tag":[],"class_list":["product","first","instock","shipping-taxable","purchasable","product-type-simple"],"acf":[],"_links":{"self":[{"href":"https:\/\/mouldking.store\/vi\/wp-json\/wp\/v2\/product\/21500","targetHints":{"allow":["GET"]}}],"collection":[{"href":"https:\/\/mouldking.store\/vi\/wp-json\/wp\/v2\/product"}],"about":[{"href":"https:\/\/mouldking.store\/vi\/wp-json\/wp\/v2\/types\/product"}],"replies":[{"embeddable":true,"href":"https:\/\/mouldking.store\/vi\/wp-json\/wp\/v2\/comments?post=21500"}],"wp:featuredmedia":[{"embeddable":true,"href":"https:\/\/mouldking.store\/vi\/wp-json\/wp\/v2\/media\/21499"}],"wp:attachment":[{"href":"https:\/\/mouldking.store\/vi\/wp-json\/wp\/v2\/media?parent=21500"}],"wp:term":[{"taxonomy":"product_cat","embeddable":true,"href":"https:\/\/mouldking.store\/vi\/wp-json\/wp\/v2\/product_cat?post=21500"},{"taxonomy":"product_tag","embeddable":true,"href":"https:\/\/mouldking.store\/vi\/wp-json\/wp\/v2\/product_tag?post=21500"}],"curies":[{"name":"wp","href":"https:\/\/api.w.org\/{rel}","templated":true}]}}