{"id":21513,"date":"2021-10-09T05:09:29","date_gmt":"2021-10-08T22:09:29","guid":{"rendered":"https:\/\/mouldking.store\/shop\/moc-50003-lt-3-car-transport-big-rig-truck-technic-by-legotuner33-moc-factory\/"},"modified":"2025-12-25T09:24:02","modified_gmt":"2025-12-25T02:24:02","slug":"moc-50003-lt-3-car-transport-big-rig-truck-technic-by-legotuner33-moc-factory","status":"publish","type":"product","link":"https:\/\/mouldking.store\/vi\/shop\/moc-50003-lt-3-car-transport-big-rig-truck-technic-by-legotuner33-moc-factory\/","title":{"rendered":"MOC-50003 LT 3 V\u1eadn chuy\u1ec3n \u00f4 t\u00f4 K\u1ef9 thu\u1eadt xe t\u1ea3i gi\u00e0n khoan l\u1edbn c\u1ee7a legotuner33 MOC FACTORY"},"content":{"rendered":"<p><strong>MOC-50003 LT 3 V\u1eadn chuy\u1ec3n \u00f4 t\u00f4 K\u1ef9 thu\u1eadt xe t\u1ea3i gi\u00e0n khoan l\u1edbn c\u1ee7a legotuner33 MOC FACTORY<\/strong> is a set in Techniccollection. This <strong>M\u1ed8C<\/strong> <b>50003 <\/b>\u0111i k\u00e8m v\u1edbi h\u01b0\u1edbng d\u1eabn PDF, d\u1ec5 x\u00e2y d\u1ef1ng v\u00e0 t\u00ecm c\u00e1c ph\u1ea7n c\u00f2n thi\u1ebfu. B\u1ed9 g\u1ed3m 1425 mi\u1ebfng, ph\u00e1t h\u00e0nh l\u1ea7n \u0111\u1ea7u v\u00e0o n\u0103m 2020.<\/p>\n<figure id=\"attachment_198173\" aria-describedby=\"caption-attachment-198173\" style=\"width: 800px\" class=\"wp-caption aligncenter\"><a href=\"https:\/\/pay.lpwstore.com\/wp-content\/uploads\/2020\/11\/MOC-50003.1.jpg\" target=\"_blank\" rel=\"noopener\"><img fetchpriority=\"high\" decoding=\"async\" class=\"wp-image-198173 size-full\" title=\"MOC-50003 LT 3 V\u1eadn chuy\u1ec3n \u00f4 t\u00f4 K\u1ef9 thu\u1eadt xe t\u1ea3i gi\u00e0n khoan l\u1edbn c\u1ee7a legotuner33 MOC FACTORY\" src=\"https:\/\/pay.lpwstore.com\/wp-content\/uploads\/2020\/11\/MOC-50003.1.jpg\" alt=\"MOC-50003 LT 3 Car Transport Big Rig Truck Technic by legotuner33 MOC FACTORY\" width=\"800\" height=\"800\" \/><\/a><figcaption id=\"caption-attachment-198173\" class=\"wp-caption-text\">MOC-50003 LT 3 V\u1eadn chuy\u1ec3n \u00f4 t\u00f4 K\u1ef9 thu\u1eadt xe t\u1ea3i gi\u00e0n khoan l\u1edbn c\u1ee7a legotuner33 MOC FACTORY<\/figcaption><\/figure>\n<p><a href=\"https:\/\/pay.lpwstore.com\/wp-content\/uploads\/2020\/11\/MOC-50003.2.jpg\" target=\"_blank\" rel=\"noopener\"><img decoding=\"async\" class=\"aligncenter size-medium wp-image-198177\" src=\"https:\/\/pay.lpwstore.com\/wp-content\/uploads\/2020\/11\/MOC-50003.2.jpg\" alt=\"-\" width=\"800\" height=\"800\" title=\"-\"><\/a> <a href=\"https:\/\/pay.lpwstore.com\/wp-content\/uploads\/2020\/11\/MOC-50003.3.jpg\" target=\"_blank\" rel=\"noopener\"><img decoding=\"async\" class=\"aligncenter size-full wp-image-198176\" src=\"https:\/\/pay.lpwstore.com\/wp-content\/uploads\/2020\/11\/MOC-50003.3.jpg\" alt=\"-\" width=\"800\" height=\"800\" title=\"-\"><\/a> <a href=\"https:\/\/pay.lpwstore.com\/wp-content\/uploads\/2020\/11\/MOC-50003.4.jpg\" target=\"_blank\" rel=\"noopener\"><img loading=\"lazy\" decoding=\"async\" class=\"aligncenter size-full wp-image-198175\" src=\"https:\/\/pay.lpwstore.com\/wp-content\/uploads\/2020\/11\/MOC-50003.4.jpg\" alt=\"-\" width=\"800\" height=\"800\" title=\"-\"><\/a> <a href=\"https:\/\/pay.lpwstore.com\/wp-content\/uploads\/2020\/11\/MOC-50003.5.jpg\" target=\"_blank\" rel=\"noopener\"><img loading=\"lazy\" decoding=\"async\" class=\"aligncenter size-full wp-image-198174\" src=\"https:\/\/pay.lpwstore.com\/wp-content\/uploads\/2020\/11\/MOC-50003.5.jpg\" alt=\"-\" width=\"800\" height=\"800\" title=\"-\"><\/a><\/p>","protected":false},"excerpt":{"rendered":"<ul>\n<li>Bao g\u1ed3m\u00a0<b>1425<\/b><strong>+<\/strong>\u00a0chi\u1ebfc<\/li>\n<li>S\u00e1ch h\u01b0\u1edbng d\u1eabn<\/li>\n<li>Kh\u1ed1i ABS ch\u1ea5t l\u01b0\u1ee3ng cao<\/li>\n<li>Kh\u00f4ng c\u00f3 h\u1ed9p ban \u0111\u1ea7u<\/li>\n<\/ul>","protected":false},"featured_media":21508,"comment_status":"open","ping_status":"closed","template":"","meta":{"_acf_changed":false},"product_cat":[364],"product_tag":[],"class_list":["product","first","instock","shipping-taxable","purchasable","product-type-simple"],"acf":[],"_links":{"self":[{"href":"https:\/\/mouldking.store\/vi\/wp-json\/wp\/v2\/product\/21513","targetHints":{"allow":["GET"]}}],"collection":[{"href":"https:\/\/mouldking.store\/vi\/wp-json\/wp\/v2\/product"}],"about":[{"href":"https:\/\/mouldking.store\/vi\/wp-json\/wp\/v2\/types\/product"}],"replies":[{"embeddable":true,"href":"https:\/\/mouldking.store\/vi\/wp-json\/wp\/v2\/comments?post=21513"}],"wp:featuredmedia":[{"embeddable":true,"href":"https:\/\/mouldking.store\/vi\/wp-json\/wp\/v2\/media\/21508"}],"wp:attachment":[{"href":"https:\/\/mouldking.store\/vi\/wp-json\/wp\/v2\/media?parent=21513"}],"wp:term":[{"taxonomy":"product_cat","embeddable":true,"href":"https:\/\/mouldking.store\/vi\/wp-json\/wp\/v2\/product_cat?post=21513"},{"taxonomy":"product_tag","embeddable":true,"href":"https:\/\/mouldking.store\/vi\/wp-json\/wp\/v2\/product_tag?post=21513"}],"curies":[{"name":"wp","href":"https:\/\/api.w.org\/{rel}","templated":true}]}}