{"id":21538,"date":"2021-10-09T05:09:51","date_gmt":"2021-10-08T22:09:51","guid":{"rendered":"https:\/\/mouldking.store\/shop\/moc-90053-mos-eisley-spaceport-falcon-landspeeder-star-wars-moc-factory\/"},"modified":"2025-12-25T09:23:57","modified_gmt":"2025-12-25T02:23:57","slug":"moc-90053-mos-eisley-spaceport-falcon-landspeeder-star-wars-moc-factory","status":"publish","type":"product","link":"https:\/\/mouldking.store\/vi\/shop\/moc-90053-mos-eisley-spaceport-falcon-landspeeder-star-wars-moc-factory\/","title":{"rendered":"MOC-90053 Mos Eisley Spaceport + Falcon + Landspeeder Star Wars MOC FACTORY"},"content":{"rendered":"<p>MOC-90053 Mos Eisley Spaceport + Falcon + Landspeeder Star Wars MOC FACTORY l\u00e0 m\u1ed9t b\u1ed1i c\u1ea3nh trong b\u1ed9 s\u01b0u t\u1eadp Chi\u1ebfn tranh gi\u1eefa c\u00e1c v\u00ec sao. MOC 90053 n\u00e0y \u0111i k\u00e8m v\u1edbi h\u01b0\u1edbng d\u1eabn PDF gi\u00fap d\u1ec5 d\u00e0ng t\u1ea1o v\u00e0 t\u00ecm c\u00e1c ph\u1ea7n c\u00f2n thi\u1ebfu. B\u1ed9 n\u00e0y ch\u1ee9a h\u01a1n 6699 m\u1ea3nh, \u0111\u01b0\u1ee3c ph\u00e1t h\u00e0nh l\u1ea7n \u0111\u1ea7u v\u00e0o n\u0103m 2020.<\/p>\n<figure id=\"attachment_198385\" aria-describedby=\"caption-attachment-198385\" style=\"width: 800px\" class=\"wp-caption aligncenter\"><a href=\"https:\/\/pay.lpwstore.com\/wp-content\/uploads\/2020\/11\/MOC-90053-Mos-Eisley-Spaceport-Falcon-Landspeeder-Star-Wars-MOC-FACTORY.jpg\" target=\"_blank\" rel=\"noopener\"><img fetchpriority=\"high\" decoding=\"async\" class=\"wp-image-198385 size-full\" title=\"MOC-90053 Mos Eisley Spaceport + Falcon + Landspeeder Star Wars MOC FACTORY\" src=\"https:\/\/pay.lpwstore.com\/wp-content\/uploads\/2020\/11\/MOC-90053-Mos-Eisley-Spaceport-Falcon-Landspeeder-Star-Wars-MOC-FACTORY.jpg\" alt=\"MOC-90053 Mos Eisley Spaceport + Falcon + Landspeeder Star Wars MOC FACTORY\" width=\"800\" height=\"800\" \/><\/a><figcaption id=\"caption-attachment-198385\" class=\"wp-caption-text\">MOC-90053 Mos Eisley Spaceport + Falcon + Landspeeder Star Wars MOC FACTORY<\/figcaption><\/figure>\n<p><img decoding=\"async\" class=\"size-medium wp-image-198386 aligncenter\" src=\"https:\/\/pay.lpwstore.com\/wp-content\/uploads\/2020\/11\/MOC-90053-Mos-Eisley-Spaceport-Falcon-Landspeeder-Star-Wars-MOC-FACTORY-2.jpg\" alt=\"-\" width=\"800\" height=\"800\" title=\"-\"><\/p>","protected":false},"excerpt":{"rendered":"<p>B\u1ed9 n\u00e0y l\u00e0 s\u1ef1 k\u1ebft h\u1ee3p c\u1ee7a MOC 41406 S\u00e2n bay v\u0169 tr\u1ee5 Mos Eisley t\u1eeb A New Hope &amp; MOC 24884 stifos \u2013 Millennium-Falcon &amp; MOC-41385 Luke&#039;s X-34 SoroSuub Landspeeder<\/p>\n<ul>\n<li>Bao g\u1ed3m 6699+ chi\u1ebfc<\/li>\n<li>H\u01b0\u1edbng d\u1eabn PDF tr\u1ef1c tuy\u1ebfn<\/li>\n<li>Kh\u1ed1i ABS ch\u1ea5t l\u01b0\u1ee3ng cao<\/li>\n<\/ul>","protected":false},"featured_media":21536,"comment_status":"open","ping_status":"closed","template":"","meta":{"_acf_changed":false},"product_cat":[415],"product_tag":[],"class_list":["product","first","outofstock","shipping-taxable","purchasable","product-type-simple"],"acf":[],"_links":{"self":[{"href":"https:\/\/mouldking.store\/vi\/wp-json\/wp\/v2\/product\/21538","targetHints":{"allow":["GET"]}}],"collection":[{"href":"https:\/\/mouldking.store\/vi\/wp-json\/wp\/v2\/product"}],"about":[{"href":"https:\/\/mouldking.store\/vi\/wp-json\/wp\/v2\/types\/product"}],"replies":[{"embeddable":true,"href":"https:\/\/mouldking.store\/vi\/wp-json\/wp\/v2\/comments?post=21538"}],"wp:featuredmedia":[{"embeddable":true,"href":"https:\/\/mouldking.store\/vi\/wp-json\/wp\/v2\/media\/21536"}],"wp:attachment":[{"href":"https:\/\/mouldking.store\/vi\/wp-json\/wp\/v2\/media?parent=21538"}],"wp:term":[{"taxonomy":"product_cat","embeddable":true,"href":"https:\/\/mouldking.store\/vi\/wp-json\/wp\/v2\/product_cat?post=21538"},{"taxonomy":"product_tag","embeddable":true,"href":"https:\/\/mouldking.store\/vi\/wp-json\/wp\/v2\/product_tag?post=21538"}],"curies":[{"name":"wp","href":"https:\/\/api.w.org\/{rel}","templated":true}]}}