{"id":21582,"date":"2021-10-09T05:10:21","date_gmt":"2021-10-08T22:10:21","guid":{"rendered":"https:\/\/mouldking.store\/shop\/moc-21266-modular-clock-tower-square-modular-buildings-by-bricksandtiles-moc-factory\/"},"modified":"2025-12-25T09:23:56","modified_gmt":"2025-12-25T02:23:56","slug":"moc-21266-modular-clock-tower-square-modular-buildings-by-bricksandtiles-moc-factory","status":"publish","type":"product","link":"https:\/\/mouldking.store\/vi\/shop\/moc-21266-modular-clock-tower-square-modular-buildings-by-bricksandtiles-moc-factory\/","title":{"rendered":"MOC-21266 T\u00f2a nh\u00e0 m\u00f4-\u0111un h\u00ecnh vu\u00f4ng th\u00e1p \u0111\u1ed3ng h\u1ed3 b\u1eb1ng g\u1ea1ch v\u00e0 g\u1ea1ch MOC FACTORY"},"content":{"rendered":"<p style=\"text-align: left\">MOC-21266 Modular Clock Tower Square Modular Buildings by bricksandtiles MOC FACTORY is a set in Modular Buildings collection, designed by bricksandtiles. This MOC 21266 comes with PDF instruction which is easy to build and find the missing pieces. The set contains 6800 pieces, first released in 2020.<\/p>\n<figure id=\"attachment_198505\" aria-describedby=\"caption-attachment-198505\" style=\"width: 800px\" class=\"wp-caption aligncenter\"><a href=\"https:\/\/pay.lpwstore.com\/wp-content\/uploads\/2020\/11\/MOC-21266-Modular-Clock-Tower-Square-Modular-Buildings-by-bricksandtiles-MOC-FACTORY-.jpg\" target=\"_blank\" rel=\"noopener\"><img fetchpriority=\"high\" decoding=\"async\" class=\"wp-image-198505 size-full\" title=\"MOC-21266 T\u00f2a nh\u00e0 m\u00f4-\u0111un h\u00ecnh vu\u00f4ng th\u00e1p \u0111\u1ed3ng h\u1ed3 b\u1eb1ng g\u1ea1ch v\u00e0 g\u1ea1ch MOC FACTORY\" src=\"https:\/\/pay.lpwstore.com\/wp-content\/uploads\/2020\/11\/MOC-21266-Modular-Clock-Tower-Square-Modular-Buildings-by-bricksandtiles-MOC-FACTORY-.jpg\" alt=\"MOC-21266 Modular Clock Tower Square Modular Buildings by bricksandtiles MOC FACTORY\" width=\"800\" height=\"800\" \/><\/a><figcaption id=\"caption-attachment-198505\" class=\"wp-caption-text\">MOC-21266 T\u00f2a nh\u00e0 m\u00f4-\u0111un h\u00ecnh vu\u00f4ng th\u00e1p \u0111\u1ed3ng h\u1ed3 b\u1eb1ng g\u1ea1ch v\u00e0 g\u1ea1ch MOC FACTORY<\/figcaption><\/figure>\n<p><img decoding=\"async\" class=\"alignnone size-full wp-image-198504 aligncenter\" src=\"https:\/\/pay.lpwstore.com\/wp-content\/uploads\/2020\/11\/MOC-21266-Modular-Clock-Tower-Square-Modular-Buildings-by-bricksandtiles-MOC-FACTORY.jpg\" alt=\"-\" width=\"800\" height=\"800\" title=\"-\"><\/p>","protected":false},"excerpt":{"rendered":"<ul>\n<li>Bao g\u1ed3m <strong>6800+<\/strong> chi\u1ebfc<\/li>\n<li>H\u01b0\u1edbng d\u1eabn PDF tr\u1ef1c tuy\u1ebfn<\/li>\n<li>Kh\u1ed1i ABS ch\u1ea5t l\u01b0\u1ee3ng cao<\/li>\n<\/ul>","protected":false},"featured_media":21580,"comment_status":"open","ping_status":"closed","template":"","meta":{"_acf_changed":false},"product_cat":[390],"product_tag":[],"class_list":["product","first","instock","shipping-taxable","purchasable","product-type-simple"],"acf":[],"_links":{"self":[{"href":"https:\/\/mouldking.store\/vi\/wp-json\/wp\/v2\/product\/21582","targetHints":{"allow":["GET"]}}],"collection":[{"href":"https:\/\/mouldking.store\/vi\/wp-json\/wp\/v2\/product"}],"about":[{"href":"https:\/\/mouldking.store\/vi\/wp-json\/wp\/v2\/types\/product"}],"replies":[{"embeddable":true,"href":"https:\/\/mouldking.store\/vi\/wp-json\/wp\/v2\/comments?post=21582"}],"wp:featuredmedia":[{"embeddable":true,"href":"https:\/\/mouldking.store\/vi\/wp-json\/wp\/v2\/media\/21580"}],"wp:attachment":[{"href":"https:\/\/mouldking.store\/vi\/wp-json\/wp\/v2\/media?parent=21582"}],"wp:term":[{"taxonomy":"product_cat","embeddable":true,"href":"https:\/\/mouldking.store\/vi\/wp-json\/wp\/v2\/product_cat?post=21582"},{"taxonomy":"product_tag","embeddable":true,"href":"https:\/\/mouldking.store\/vi\/wp-json\/wp\/v2\/product_tag?post=21582"}],"curies":[{"name":"wp","href":"https:\/\/api.w.org\/{rel}","templated":true}]}}