{"id":21596,"date":"2021-10-09T05:10:33","date_gmt":"2021-10-09T05:10:33","guid":{"rendered":"https:\/\/mouldking.store\/shop\/moc-53879-10264-modular-pub-modular-buildings-by-versteinert-moc-factory\/"},"modified":"2025-12-25T09:23:56","modified_gmt":"2025-12-25T02:23:56","slug":"moc-53879-10264-modular-pub-modular-buildings-by-versteinert-moc-factory","status":"publish","type":"product","link":"https:\/\/mouldking.store\/vi\/shop\/moc-53879-10264-modular-pub-modular-buildings-by-versteinert-moc-factory\/","title":{"rendered":"MOC-53879 10264 \u2013 T\u00f2a nh\u00e0 m\u00f4-\u0111un qu\u00e1n r\u01b0\u1ee3u ki\u1ec3u m\u00f4-\u0111un c\u1ee7a Versteinert MOC FACTORY"},"content":{"rendered":"<p style=\"text-align: left\">MOC-53879 10264 \u2013 T\u00f2a nh\u00e0 m\u00f4-\u0111un qu\u00e1n r\u01b0\u1ee3u ki\u1ec3u m\u00f4-\u0111un c\u1ee7a Versteinert MOC FACTORY l\u00e0 m\u1ed9t t\u1eadp h\u1ee3p trong b\u1ed9 s\u01b0u t\u1eadp T\u00f2a nh\u00e0 m\u00f4-\u0111un, \u0111\u01b0\u1ee3c thi\u1ebft k\u1ebf b\u1edfi Versteinert. MOC 31693 n\u00e0y \u0111i k\u00e8m v\u1edbi h\u01b0\u1edbng d\u1eabn PDF gi\u00fap d\u1ec5 d\u00e0ng t\u1ea1o v\u00e0 t\u00ecm c\u00e1c ph\u1ea7n c\u00f2n thi\u1ebfu. B\u1ed9 g\u1ed3m 2322 mi\u1ebfng, ph\u00e1t h\u00e0nh l\u1ea7n \u0111\u1ea7u v\u00e0o n\u0103m 2020.<\/p>\n<figure id=\"attachment_198520\" aria-describedby=\"caption-attachment-198520\" style=\"width: 800px\" class=\"wp-caption aligncenter\"><a href=\"https:\/\/pay.lpwstore.com\/wp-content\/uploads\/2020\/11\/MOC-53879-10264-\u2013-Modular-Pub-Modular-Buildings-by-Versteinert-MOC-FACTORY.jpg\" target=\"_blank\" rel=\"noopener\"><img fetchpriority=\"high\" decoding=\"async\" class=\"wp-image-198520 size-full\" title=\"MOC-53879 10264 \u2013 T\u00f2a nh\u00e0 m\u00f4-\u0111un qu\u00e1n r\u01b0\u1ee3u ki\u1ec3u m\u00f4-\u0111un c\u1ee7a Versteinert MOC FACTORY\" src=\"https:\/\/pay.lpwstore.com\/wp-content\/uploads\/2020\/11\/MOC-53879-10264-\u2013-Modular-Pub-Modular-Buildings-by-Versteinert-MOC-FACTORY.jpg\" alt=\"MOC-53879 10264 \u2013 Modular Pub Modular Buildings by Versteinert MOC FACTORY\" width=\"800\" height=\"800\" \/><\/a><figcaption id=\"caption-attachment-198520\" class=\"wp-caption-text\">MOC-53879 10264 \u2013 T\u00f2a nh\u00e0 m\u00f4-\u0111un qu\u00e1n r\u01b0\u1ee3u ki\u1ec3u m\u00f4-\u0111un c\u1ee7a Versteinert MOC FACTORY<\/figcaption><\/figure>\n<p><img decoding=\"async\" class=\"alignnone size-full wp-image-198521 aligncenter\" src=\"https:\/\/pay.lpwstore.com\/wp-content\/uploads\/2020\/11\/MOC-53879-10264-\u2013-Modular-Pub-Modular-Buildings-by-Versteinert-MOC-FACTORY-2.jpg\" alt=\"-\" width=\"800\" height=\"800\" title=\"-\"> <img decoding=\"async\" class=\"alignnone size-full wp-image-198522 aligncenter\" src=\"https:\/\/pay.lpwstore.com\/wp-content\/uploads\/2020\/11\/MOC-53879-10264-\u2013-Modular-Pub-Modular-Buildings-by-Versteinert-MOC-FACTORY-3.jpg\" alt=\"MOC-53879-10264-\u2013-Modular-Pub-Modular-Buildings-by-Versteinert-MOC-FACTORY-3\" width=\"800\" height=\"800\" title=\"-\"><\/p>","protected":false},"excerpt":{"rendered":"<ul>\n<li>Bao g\u1ed3m <strong>2322+<\/strong> chi\u1ebfc<\/li>\n<li>H\u01b0\u1edbng d\u1eabn PDF tr\u1ef1c tuy\u1ebfn<\/li>\n<li>Kh\u1ed1i ABS ch\u1ea5t l\u01b0\u1ee3ng cao<\/li>\n<\/ul>","protected":false},"featured_media":21593,"comment_status":"open","ping_status":"closed","template":"","meta":{"_acf_changed":false},"product_cat":[390],"product_tag":[],"class_list":["product","first","instock","shipping-taxable","purchasable","product-type-simple"],"acf":[],"_links":{"self":[{"href":"https:\/\/mouldking.store\/vi\/wp-json\/wp\/v2\/product\/21596","targetHints":{"allow":["GET"]}}],"collection":[{"href":"https:\/\/mouldking.store\/vi\/wp-json\/wp\/v2\/product"}],"about":[{"href":"https:\/\/mouldking.store\/vi\/wp-json\/wp\/v2\/types\/product"}],"replies":[{"embeddable":true,"href":"https:\/\/mouldking.store\/vi\/wp-json\/wp\/v2\/comments?post=21596"}],"wp:featuredmedia":[{"embeddable":true,"href":"https:\/\/mouldking.store\/vi\/wp-json\/wp\/v2\/media\/21593"}],"wp:attachment":[{"href":"https:\/\/mouldking.store\/vi\/wp-json\/wp\/v2\/media?parent=21596"}],"wp:term":[{"taxonomy":"product_cat","embeddable":true,"href":"https:\/\/mouldking.store\/vi\/wp-json\/wp\/v2\/product_cat?post=21596"},{"taxonomy":"product_tag","embeddable":true,"href":"https:\/\/mouldking.store\/vi\/wp-json\/wp\/v2\/product_tag?post=21596"}],"curies":[{"name":"wp","href":"https:\/\/api.w.org\/{rel}","templated":true}]}}