{"id":21653,"date":"2021-10-09T05:11:20","date_gmt":"2021-10-08T22:11:20","guid":{"rendered":"https:\/\/mouldking.store\/shop\/moc-21806-mad-max-pursuit-special-v8-interceptor-technic-by-mkibs-moc-factory\/"},"modified":"2025-12-25T09:23:55","modified_gmt":"2025-12-25T02:23:55","slug":"moc-21806-mad-max-pursuit-special-v8-interceptor-technic-by-mkibs-moc-factory","status":"publish","type":"product","link":"https:\/\/mouldking.store\/vi\/shop\/moc-21806-mad-max-pursuit-special-v8-interceptor-technic-by-mkibs-moc-factory\/","title":{"rendered":"MOC-21806 K\u1ef9 thu\u1eadt \u0111\u00e1nh ch\u1eb7n V8 Mad Max &#039;Pursuit Special&#039; c\u1ee7a mkibs MOC FACTORY"},"content":{"rendered":"<p style=\"text-align: left\">MOC-21806 Mad Max &#039;Pursuit Special&#039; V8 Phim \u0111\u00e1nh ch\u1eb7n c\u1ee7a mkibs MOC FACTORY l\u00e0 m\u1ed9t b\u1ed9 trong b\u1ed9 s\u01b0u t\u1eadp Phim, \u0111\u01b0\u1ee3c thi\u1ebft k\u1ebf b\u1edfi mkibs. MOC 21806 n\u00e0y \u0111i k\u00e8m v\u1edbi h\u01b0\u1edbng d\u1eabn PDF, d\u1ec5 x\u00e2y d\u1ef1ng v\u00e0 t\u00ecm c\u00e1c ph\u1ea7n c\u00f2n thi\u1ebfu. B\u1ed9 g\u1ed3m 252 mi\u1ebfng, ph\u00e1t h\u00e0nh l\u1ea7n \u0111\u1ea7u v\u00e0o n\u0103m 2020.<\/p>\n<figure id=\"attachment_198602\" aria-describedby=\"caption-attachment-198602\" style=\"width: 800px\" class=\"wp-caption aligncenter\"><a href=\"https:\/\/pay.lpwstore.com\/wp-content\/uploads\/2020\/11\/MOC-21806-Mad-Max-Pursuit-Special-V8-Interceptor-Technic-by-mkibs-MOC-FACTORY.jpg\" target=\"_blank\" rel=\"noopener\"><img fetchpriority=\"high\" decoding=\"async\" class=\"wp-image-198602 size-full\" title=\"MOC-21806 K\u1ef9 thu\u1eadt \u0111\u00e1nh ch\u1eb7n V8 Mad Max &#039;Pursuit Special&#039; c\u1ee7a mkibs MOC FACTORY\" src=\"https:\/\/pay.lpwstore.com\/wp-content\/uploads\/2020\/11\/MOC-21806-Mad-Max-Pursuit-Special-V8-Interceptor-Technic-by-mkibs-MOC-FACTORY.jpg\" alt=\"MOC-21806 Mad Max 'Pursuit Special' V8 Interceptor Technic by mkibs MOC FACTORY\" width=\"800\" height=\"800\" \/><\/a><figcaption id=\"caption-attachment-198602\" class=\"wp-caption-text\">MOC-21806 K\u1ef9 thu\u1eadt \u0111\u00e1nh ch\u1eb7n V8 Mad Max &#039;Pursuit Special&#039; c\u1ee7a mkibs MOC FACTORY<\/figcaption><\/figure>\n<p><img decoding=\"async\" class=\"alignnone size-full wp-image-198603 aligncenter\" src=\"https:\/\/pay.lpwstore.com\/wp-content\/uploads\/2020\/11\/MOC-21806-Mad-Max-Pursuit-Special-V8-Interceptor-Technic-by-mkibs-MOC-FACTORY-2.jpg\" alt=\"-\" width=\"800\" height=\"800\" title=\"-\"> <img decoding=\"async\" class=\"alignnone size-full wp-image-198604 aligncenter\" src=\"https:\/\/pay.lpwstore.com\/wp-content\/uploads\/2020\/11\/MOC-21806-Mad-Max-Pursuit-Special-V8-Interceptor-Technic-by-mkibs-MOC-FACTORY-3.jpg\" alt=\"-\" width=\"800\" height=\"800\" title=\"-\"> <img loading=\"lazy\" decoding=\"async\" class=\"alignnone size-full wp-image-198605 aligncenter\" src=\"https:\/\/pay.lpwstore.com\/wp-content\/uploads\/2020\/11\/MOC-21806-Mad-Max-Pursuit-Special-V8-Interceptor-Technic-by-mkibs-MOC-FACTORY-4.jpg\" alt=\"-\" width=\"800\" height=\"800\" title=\"-\"> <img loading=\"lazy\" decoding=\"async\" class=\"alignnone size-full wp-image-198606 aligncenter\" src=\"https:\/\/pay.lpwstore.com\/wp-content\/uploads\/2020\/11\/MOC-21806-Mad-Max-Pursuit-Special-V8-Interceptor-Technic-by-mkibs-MOC-FACTORY-5.jpg\" alt=\"-\" width=\"800\" height=\"800\" title=\"-\"><\/p>","protected":false},"excerpt":{"rendered":"<ul>\n<li>Bao g\u1ed3m <strong>252+<\/strong> chi\u1ebfc<\/li>\n<li>H\u01b0\u1edbng d\u1eabn PDF tr\u1ef1c tuy\u1ebfn<\/li>\n<li>Kh\u1ed1i ABS ch\u1ea5t l\u01b0\u1ee3ng cao<\/li>\n<\/ul>","protected":false},"featured_media":21648,"comment_status":"open","ping_status":"closed","template":"","meta":{"_acf_changed":false},"product_cat":[364],"product_tag":[],"class_list":["product","first","outofstock","shipping-taxable","purchasable","product-type-simple"],"acf":[],"_links":{"self":[{"href":"https:\/\/mouldking.store\/vi\/wp-json\/wp\/v2\/product\/21653","targetHints":{"allow":["GET"]}}],"collection":[{"href":"https:\/\/mouldking.store\/vi\/wp-json\/wp\/v2\/product"}],"about":[{"href":"https:\/\/mouldking.store\/vi\/wp-json\/wp\/v2\/types\/product"}],"replies":[{"embeddable":true,"href":"https:\/\/mouldking.store\/vi\/wp-json\/wp\/v2\/comments?post=21653"}],"wp:featuredmedia":[{"embeddable":true,"href":"https:\/\/mouldking.store\/vi\/wp-json\/wp\/v2\/media\/21648"}],"wp:attachment":[{"href":"https:\/\/mouldking.store\/vi\/wp-json\/wp\/v2\/media?parent=21653"}],"wp:term":[{"taxonomy":"product_cat","embeddable":true,"href":"https:\/\/mouldking.store\/vi\/wp-json\/wp\/v2\/product_cat?post=21653"},{"taxonomy":"product_tag","embeddable":true,"href":"https:\/\/mouldking.store\/vi\/wp-json\/wp\/v2\/product_tag?post=21653"}],"curies":[{"name":"wp","href":"https:\/\/api.w.org\/{rel}","templated":true}]}}