{"id":21674,"date":"2021-10-09T05:11:50","date_gmt":"2021-10-08T22:11:50","guid":{"rendered":"https:\/\/mouldking.store\/shop\/moc-42586-magic-kingdom-skyline-creator-by-benbuildslego-moc-factory\/"},"modified":"2025-12-25T09:23:54","modified_gmt":"2025-12-25T02:23:54","slug":"moc-42586-magic-kingdom-skyline-creator-by-benbuildslego-moc-factory","status":"publish","type":"product","link":"https:\/\/mouldking.store\/vi\/shop\/moc-42586-magic-kingdom-skyline-creator-by-benbuildslego-moc-factory\/","title":{"rendered":"MOC-42586 Ng\u01b0\u1eddi t\u1ea1o \u0111\u01b0\u1eddng ch\u00e2n tr\u1eddi Magic Kingdom c\u1ee7a benbuildslego MOC FACTORY"},"content":{"rendered":"<p>MOC-42586 C\u00f4ng c\u1ee5 t\u1ea1o \u0111\u01b0\u1eddng ch\u00e2n tr\u1eddi V\u01b0\u01a1ng qu\u1ed1c ma thu\u1eadt c\u1ee7a benbuildslego MOC FACTORY l\u00e0 m\u1ed9t b\u1ed9 trong b\u1ed9 s\u01b0u t\u1eadp Creator, \u0111\u01b0\u1ee3c thi\u1ebft k\u1ebf b\u1edfi benbuildslego. MOC 42586 n\u00e0y \u0111i k\u00e8m v\u1edbi h\u01b0\u1edbng d\u1eabn PDF gi\u00fap d\u1ec5 d\u00e0ng t\u1ea1o v\u00e0 t\u00ecm c\u00e1c ph\u1ea7n c\u00f2n thi\u1ebfu. B\u1ed9 g\u1ed3m 485 mi\u1ebfng, ph\u00e1t h\u00e0nh l\u1ea7n \u0111\u1ea7u v\u00e0o n\u0103m 2020.<\/p>\n<figure id=\"attachment_198627\" class=\"wp-caption aligncenter\" style=\"width: 800px;\" aria-describedby=\"caption-attachment-198627\"><a href=\"https:\/\/pay.lpwstore.com\/wp-content\/uploads\/2020\/11\/MOC-42586-Magic-Kingdom-skyline-Creator-by-benbuildslego-MOC-FACTORY.jpg\" target=\"_blank\" rel=\"noopener\"><img fetchpriority=\"high\" decoding=\"async\" class=\"wp-image-198627 size-full\" title=\"MOC-42586 Ng\u01b0\u1eddi t\u1ea1o \u0111\u01b0\u1eddng ch\u00e2n tr\u1eddi Magic Kingdom c\u1ee7a benbuildslego MOC FACTORY\" src=\"https:\/\/pay.lpwstore.com\/wp-content\/uploads\/2020\/11\/MOC-42586-Magic-Kingdom-skyline-Creator-by-benbuildslego-MOC-FACTORY.jpg\" alt=\"MOC-42586 Magic Kingdom skyline Creator by benbuildslego MOC FACTORY\" width=\"800\" height=\"800\" \/><\/a><figcaption id=\"caption-attachment-198627\" class=\"wp-caption-text\">MOC-42586 Ng\u01b0\u1eddi t\u1ea1o \u0111\u01b0\u1eddng ch\u00e2n tr\u1eddi Magic Kingdom c\u1ee7a benbuildslego MOC FACTORY<\/figcaption><\/figure>","protected":false},"excerpt":{"rendered":"<ul>\n<li>Bao g\u1ed3m <strong>485+<\/strong> chi\u1ebfc<\/li>\n<li>H\u01b0\u1edbng d\u1eabn PDF tr\u1ef1c tuy\u1ebfn<\/li>\n<li>Kh\u1ed1i ABS ch\u1ea5t l\u01b0\u1ee3ng cao<\/li>\n<li>S\u1eafp x\u1ebfp th\u1eddi gian: 3-7 tu\u1ea7n<\/li>\n<\/ul>","protected":false},"featured_media":21673,"comment_status":"open","ping_status":"closed","template":"","meta":{"_acf_changed":false},"product_cat":[371],"product_tag":[],"class_list":["product","first","instock","shipping-taxable","purchasable","product-type-simple"],"acf":[],"_links":{"self":[{"href":"https:\/\/mouldking.store\/vi\/wp-json\/wp\/v2\/product\/21674","targetHints":{"allow":["GET"]}}],"collection":[{"href":"https:\/\/mouldking.store\/vi\/wp-json\/wp\/v2\/product"}],"about":[{"href":"https:\/\/mouldking.store\/vi\/wp-json\/wp\/v2\/types\/product"}],"replies":[{"embeddable":true,"href":"https:\/\/mouldking.store\/vi\/wp-json\/wp\/v2\/comments?post=21674"}],"wp:featuredmedia":[{"embeddable":true,"href":"https:\/\/mouldking.store\/vi\/wp-json\/wp\/v2\/media\/21673"}],"wp:attachment":[{"href":"https:\/\/mouldking.store\/vi\/wp-json\/wp\/v2\/media?parent=21674"}],"wp:term":[{"taxonomy":"product_cat","embeddable":true,"href":"https:\/\/mouldking.store\/vi\/wp-json\/wp\/v2\/product_cat?post=21674"},{"taxonomy":"product_tag","embeddable":true,"href":"https:\/\/mouldking.store\/vi\/wp-json\/wp\/v2\/product_tag?post=21674"}],"curies":[{"name":"wp","href":"https:\/\/api.w.org\/{rel}","templated":true}]}}