{"id":21690,"date":"2021-10-09T05:12:07","date_gmt":"2021-10-08T22:12:07","guid":{"rendered":"https:\/\/mouldking.store\/shop\/moc-10811-brick-bank-with-coffee-shop-modular-buildings-by-dagupa-moc-factory\/"},"modified":"2025-12-25T09:23:54","modified_gmt":"2025-12-25T02:23:54","slug":"moc-10811-brick-bank-with-coffee-shop-modular-buildings-by-dagupa-moc-factory","status":"publish","type":"product","link":"https:\/\/mouldking.store\/vi\/shop\/moc-10811-brick-bank-with-coffee-shop-modular-buildings-by-dagupa-moc-factory\/","title":{"rendered":"MOC-10811 Ng\u00e2n h\u00e0ng g\u1ea1ch v\u1edbi T\u00f2a nh\u00e0 m\u00f4-\u0111un qu\u00e1n c\u00e0 ph\u00ea c\u1ee7a dagupa MOC FACTORY"},"content":{"rendered":"<p style=\"text-align: left\">MOC-10811 Brick Bank with Coffee Shop Modular Buildings by dagupa MOC FACTORY is a set in Modular Building collection, designed by dagupa. This MOC 10811 comes with PDF instruction which is easy to build and find the missing pieces. The set contains 3965 pieces, first released in 2020.<\/p>\n<figure id=\"attachment_198646\" class=\"wp-caption aligncenter\" style=\"width: 800px\" aria-describedby=\"caption-attachment-198646\"><figcaption id=\"caption-attachment-198646\" class=\"wp-caption-text\">\n<figure id=\"attachment_29997\" aria-describedby=\"caption-attachment-29997\" style=\"width: 800px\" class=\"wp-caption aligncenter\"><img fetchpriority=\"high\" decoding=\"async\" class=\"wp-image-29997 size-full\" src=\"https:\/\/mocfactory.com\/wp-content\/uploads\/2020\/12\/MOC-10811-Brick-Bank-with-Coffee-Shop-Modular-Buildings-by-dagupa-MOC-FACTORY.jpg\" alt=\"MOC-10811 Modular Buildings  Brick Bank with Coffee Shop Designer dagupa MOC FACTORY\" width=\"800\" height=\"800\" title=\"-\"><figcaption id=\"caption-attachment-29997\" class=\"wp-caption-text\">MOC-10811 Modular Buildings Brick Bank with Coffee Shop Designer dagupa MOC FACTORY<\/figcaption><\/figure>\n<figure id=\"attachment_29996\" aria-describedby=\"caption-attachment-29996\" style=\"width: 800px\" class=\"wp-caption aligncenter\"><img decoding=\"async\" class=\"wp-image-29996 size-full\" src=\"https:\/\/mocfactory.com\/wp-content\/uploads\/2020\/12\/MOC-10811-Brick-Bank-with-Coffee-Shop-Modular-Buildings-by-dagupa-MOC-FACTORY-2.jpg\" alt=\"MOC-10811 Modular Buildings  Brick Bank with Coffee Shop Designer dagupa MOC FACTORY\" width=\"800\" height=\"800\" title=\"-\"><figcaption id=\"caption-attachment-29996\" class=\"wp-caption-text\">MOC-10811 Modular Buildings Brick Bank with Coffee Shop Designer dagupa MOC FACTORY<\/figcaption><\/figure>\n<figure id=\"attachment_29995\" aria-describedby=\"caption-attachment-29995\" style=\"width: 800px\" class=\"wp-caption aligncenter\"><img decoding=\"async\" class=\"wp-image-29995 size-full\" src=\"https:\/\/mocfactory.com\/wp-content\/uploads\/2020\/12\/MOC-10811-Brick-Bank-with-Coffee-Shop-Modular-Buildings-by-dagupa-MOC-FACTORY-3.jpg\" alt=\"MOC-10811 Modular Buildings  Brick Bank with Coffee Shop Designer dagupa MOC FACTORY\" width=\"800\" height=\"800\" title=\"-\"><figcaption id=\"caption-attachment-29995\" class=\"wp-caption-text\">MOC-10811 Modular Buildings Brick Bank with Coffee Shop Designer dagupa MOC FACTORY<\/figcaption><\/figure>\n<figure id=\"attachment_29994\" aria-describedby=\"caption-attachment-29994\" style=\"width: 800px\" class=\"wp-caption aligncenter\"><img loading=\"lazy\" decoding=\"async\" class=\"wp-image-29994 size-full\" src=\"https:\/\/mocfactory.com\/wp-content\/uploads\/2020\/12\/MOC-10811-Brick-Bank-with-Coffee-Shop-Modular-Buildings-by-dagupa-MOC-FACTORY-4.jpg\" alt=\"MOC-10811 Modular Buildings  Brick Bank with Coffee Shop Designer dagupa MOC FACTORY\" width=\"800\" height=\"800\" title=\"-\"><figcaption id=\"caption-attachment-29994\" class=\"wp-caption-text\">MOC-10811 Modular Buildings Brick Bank with Coffee Shop Designer dagupa MOC FACTORY<\/figcaption><\/figure>\n<\/figcaption><\/figure>\n<p>&nbsp;<\/p>","protected":false},"excerpt":{"rendered":"<ul>\n<li>Bao g\u1ed3m <strong>3965+<\/strong> chi\u1ebfc<\/li>\n<li>H\u01b0\u1edbng d\u1eabn PDF tr\u1ef1c tuy\u1ebfn<\/li>\n<li>Kh\u1ed1i ABS ch\u1ea5t l\u01b0\u1ee3ng cao<\/li>\n<\/ul>","protected":false},"featured_media":21686,"comment_status":"open","ping_status":"closed","template":"","meta":{"_acf_changed":false},"product_cat":[390],"product_tag":[],"class_list":["product","first","instock","shipping-taxable","purchasable","product-type-simple"],"acf":[],"_links":{"self":[{"href":"https:\/\/mouldking.store\/vi\/wp-json\/wp\/v2\/product\/21690","targetHints":{"allow":["GET"]}}],"collection":[{"href":"https:\/\/mouldking.store\/vi\/wp-json\/wp\/v2\/product"}],"about":[{"href":"https:\/\/mouldking.store\/vi\/wp-json\/wp\/v2\/types\/product"}],"replies":[{"embeddable":true,"href":"https:\/\/mouldking.store\/vi\/wp-json\/wp\/v2\/comments?post=21690"}],"wp:featuredmedia":[{"embeddable":true,"href":"https:\/\/mouldking.store\/vi\/wp-json\/wp\/v2\/media\/21686"}],"wp:attachment":[{"href":"https:\/\/mouldking.store\/vi\/wp-json\/wp\/v2\/media?parent=21690"}],"wp:term":[{"taxonomy":"product_cat","embeddable":true,"href":"https:\/\/mouldking.store\/vi\/wp-json\/wp\/v2\/product_cat?post=21690"},{"taxonomy":"product_tag","embeddable":true,"href":"https:\/\/mouldking.store\/vi\/wp-json\/wp\/v2\/product_tag?post=21690"}],"curies":[{"name":"wp","href":"https:\/\/api.w.org\/{rel}","templated":true}]}}