{"id":21701,"date":"2021-10-09T05:12:20","date_gmt":"2021-10-08T22:12:20","guid":{"rendered":"https:\/\/mouldking.store\/shop\/moc-38833-chinese-diorama-build-from-4-mocs-modular-buildings-by-gabizon-moc-factory\/"},"modified":"2025-12-25T09:23:53","modified_gmt":"2025-12-25T02:23:53","slug":"moc-38833-chinese-diorama-build-from-4-mocs-modular-buildings-by-gabizon-moc-factory","status":"publish","type":"product","link":"https:\/\/mouldking.store\/vi\/shop\/moc-38833-chinese-diorama-build-from-4-mocs-modular-buildings-by-gabizon-moc-factory\/","title":{"rendered":"MOC-38833 Diorama Trung Qu\u1ed1c | X\u00e2y d\u1ef1ng t\u1eeb 4 t\u00f2a nh\u00e0 m\u00f4-\u0111un MOC c\u1ee7a gabizon MOC FACTORY"},"content":{"rendered":"<p>MOC-38833 Chinese Diorama | Build from 4 MOCs Modular Buildings by gabizon MOC FACTORY is a set in Modular Buildings collection, designed by gabizon. This MOC 38833 comes with PDF instruction which is easy to build and find the missing pieces. The set contains 3634 pieces, first released in 2020.<\/p>\n<figure id=\"attachment_198660\" class=\"wp-caption aligncenter\" style=\"width: 800px;\" aria-describedby=\"caption-attachment-198660\"><a href=\"https:\/\/pay.lpwstore.com\/wp-content\/uploads\/2020\/11\/MOC-38833-Chinese-Diorama-Build-from-4-MOCs-Modular-Buildings-by-gabizon-MOC-FACTORY.jpg\" target=\"_blank\" rel=\"noopener\"><img fetchpriority=\"high\" decoding=\"async\" class=\"wp-image-198660 size-full\" title=\"MOC-38833 Diorama Trung Qu\u1ed1c | X\u00e2y d\u1ef1ng t\u1eeb 4 t\u00f2a nh\u00e0 m\u00f4-\u0111un MOC c\u1ee7a gabizon MOC FACTORY\" src=\"https:\/\/pay.lpwstore.com\/wp-content\/uploads\/2020\/11\/MOC-38833-Chinese-Diorama-Build-from-4-MOCs-Modular-Buildings-by-gabizon-MOC-FACTORY.jpg\" alt=\"MOC-38833 Chinese Diorama | Build from 4 MOCs Modular Buildings by gabizon MOC FACTORY\" width=\"800\" height=\"800\" \/><\/a><figcaption id=\"caption-attachment-198660\" class=\"wp-caption-text\">MOC-38833 Diorama Trung Qu\u1ed1c | X\u00e2y d\u1ef1ng t\u1eeb 4 t\u00f2a nh\u00e0 m\u00f4-\u0111un MOC c\u1ee7a gabizon MOC FACTORY<\/figcaption><\/figure>","protected":false},"excerpt":{"rendered":"<ul>\n<li>Bao g\u1ed3m <strong>3634+<\/strong> chi\u1ebfc<\/li>\n<li>H\u01b0\u1edbng d\u1eabn PDF tr\u1ef1c tuy\u1ebfn<\/li>\n<li>Kh\u1ed1i ABS ch\u1ea5t l\u01b0\u1ee3ng cao<\/li>\n<\/ul>","protected":false},"featured_media":21700,"comment_status":"open","ping_status":"closed","template":"","meta":{"_acf_changed":false},"product_cat":[390],"product_tag":[],"class_list":["product","first","instock","shipping-taxable","purchasable","product-type-simple"],"acf":[],"_links":{"self":[{"href":"https:\/\/mouldking.store\/vi\/wp-json\/wp\/v2\/product\/21701","targetHints":{"allow":["GET"]}}],"collection":[{"href":"https:\/\/mouldking.store\/vi\/wp-json\/wp\/v2\/product"}],"about":[{"href":"https:\/\/mouldking.store\/vi\/wp-json\/wp\/v2\/types\/product"}],"replies":[{"embeddable":true,"href":"https:\/\/mouldking.store\/vi\/wp-json\/wp\/v2\/comments?post=21701"}],"wp:featuredmedia":[{"embeddable":true,"href":"https:\/\/mouldking.store\/vi\/wp-json\/wp\/v2\/media\/21700"}],"wp:attachment":[{"href":"https:\/\/mouldking.store\/vi\/wp-json\/wp\/v2\/media?parent=21701"}],"wp:term":[{"taxonomy":"product_cat","embeddable":true,"href":"https:\/\/mouldking.store\/vi\/wp-json\/wp\/v2\/product_cat?post=21701"},{"taxonomy":"product_tag","embeddable":true,"href":"https:\/\/mouldking.store\/vi\/wp-json\/wp\/v2\/product_tag?post=21701"}],"curies":[{"name":"wp","href":"https:\/\/api.w.org\/{rel}","templated":true}]}}