{"id":21737,"date":"2021-10-09T05:13:01","date_gmt":"2021-10-08T22:13:01","guid":{"rendered":"https:\/\/mouldking.store\/shop\/moc-46579-pontiac-trans-am-firebird-1977-technic-by-firas_legocars-moc-factory\/"},"modified":"2025-12-25T09:23:52","modified_gmt":"2025-12-25T02:23:52","slug":"moc-46579-pontiac-trans-am-firebird-1977-technic-by-firas_legocars-moc-factory","status":"publish","type":"product","link":"https:\/\/mouldking.store\/vi\/shop\/moc-46579-pontiac-trans-am-firebird-1977-technic-by-firas_legocars-moc-factory\/","title":{"rendered":"MOC-46579 Pontiac Trans Am Firebird 1977 K\u1ef9 thu\u1eadt c\u1ee7a firas_legocars MOC FACTORY"},"content":{"rendered":"<p style=\"text-align: left\">MOC-46579 Pontiac Trans Am Firebird 1977 Technic c\u1ee7a firas_legocars MOC FACTORY l\u00e0 m\u1ed9t b\u1ed9 trong b\u1ed9 s\u01b0u t\u1eadp Technic, \u0111\u01b0\u1ee3c thi\u1ebft k\u1ebf b\u1edfi firas_legocars. MOC 46579 n\u00e0y \u0111i k\u00e8m v\u1edbi h\u01b0\u1edbng d\u1eabn PDF gi\u00fap d\u1ec5 d\u00e0ng t\u1ea1o v\u00e0 t\u00ecm c\u00e1c ph\u1ea7n c\u00f2n thi\u1ebfu. B\u1ed9 g\u1ed3m 1394 mi\u1ebfng, ph\u00e1t h\u00e0nh l\u1ea7n \u0111\u1ea7u v\u00e0o n\u0103m 2020.<\/p>\n<figure id=\"attachment_198724\" aria-describedby=\"caption-attachment-198724\" style=\"width: 800px\" class=\"wp-caption aligncenter\"><a href=\"https:\/\/pay.lpwstore.com\/wp-content\/uploads\/2020\/11\/MOC-46579-Pontiac-Trans-Am-Firebird-1977-Technic-by-firas_legocars-MOC-FACTORY.jpg\" target=\"_blank\" rel=\"noopener\"><img fetchpriority=\"high\" decoding=\"async\" class=\"wp-image-198724 size-full\" title=\"MOC-46579 Pontiac Trans Am Firebird 1977 K\u1ef9 thu\u1eadt c\u1ee7a firas_legocars MOC FACTORY\" src=\"https:\/\/pay.lpwstore.com\/wp-content\/uploads\/2020\/11\/MOC-46579-Pontiac-Trans-Am-Firebird-1977-Technic-by-firas_legocars-MOC-FACTORY.jpg\" alt=\"MOC-46579 Pontiac Trans Am Firebird 1977 Technic by firas_legocars MOC FACTORY\" width=\"800\" height=\"800\" \/><\/a><figcaption id=\"caption-attachment-198724\" class=\"wp-caption-text\">MOC-46579 Pontiac Trans Am Firebird 1977 K\u1ef9 thu\u1eadt c\u1ee7a firas_legocars MOC FACTORY<\/figcaption><\/figure>\n<p><img decoding=\"async\" class=\"alignnone size-full wp-image-198725 aligncenter\" src=\"https:\/\/pay.lpwstore.com\/wp-content\/uploads\/2020\/11\/MOC-46579-Pontiac-Trans-Am-Firebird-1977-Technic-by-firas_legocars-MOC-FACTORY-2.jpg\" alt=\"MOC-46579-Pontiac-Trans-Am-Firebird-1977-Technic-by-firas_legocars-MOC-FACTORY-2\" width=\"800\" height=\"800\" title=\"-\"><\/p>","protected":false},"excerpt":{"rendered":"<ul>\n<li>Bao g\u1ed3m <strong>1394+<\/strong> chi\u1ebfc<\/li>\n<li>H\u01b0\u1edbng d\u1eabn PDF tr\u1ef1c tuy\u1ebfn<\/li>\n<li>Kh\u1ed1i ABS ch\u1ea5t l\u01b0\u1ee3ng cao<\/li>\n<\/ul>","protected":false},"featured_media":21735,"comment_status":"open","ping_status":"closed","template":"","meta":{"_acf_changed":false},"product_cat":[364],"product_tag":[],"class_list":["product","first","instock","shipping-taxable","purchasable","product-type-simple"],"acf":[],"_links":{"self":[{"href":"https:\/\/mouldking.store\/vi\/wp-json\/wp\/v2\/product\/21737","targetHints":{"allow":["GET"]}}],"collection":[{"href":"https:\/\/mouldking.store\/vi\/wp-json\/wp\/v2\/product"}],"about":[{"href":"https:\/\/mouldking.store\/vi\/wp-json\/wp\/v2\/types\/product"}],"replies":[{"embeddable":true,"href":"https:\/\/mouldking.store\/vi\/wp-json\/wp\/v2\/comments?post=21737"}],"wp:featuredmedia":[{"embeddable":true,"href":"https:\/\/mouldking.store\/vi\/wp-json\/wp\/v2\/media\/21735"}],"wp:attachment":[{"href":"https:\/\/mouldking.store\/vi\/wp-json\/wp\/v2\/media?parent=21737"}],"wp:term":[{"taxonomy":"product_cat","embeddable":true,"href":"https:\/\/mouldking.store\/vi\/wp-json\/wp\/v2\/product_cat?post=21737"},{"taxonomy":"product_tag","embeddable":true,"href":"https:\/\/mouldking.store\/vi\/wp-json\/wp\/v2\/product_tag?post=21737"}],"curies":[{"name":"wp","href":"https:\/\/api.w.org\/{rel}","templated":true}]}}