{"id":21753,"date":"2021-10-09T05:13:23","date_gmt":"2021-10-08T22:13:23","guid":{"rendered":"https:\/\/mouldking.store\/shop\/moc-49541-71374-nes-castle-level-super-mario-game-by-enochgray-moc-factory\/"},"modified":"2025-12-25T09:23:52","modified_gmt":"2025-12-25T02:23:52","slug":"moc-49541-71374-nes-castle-level-super-mario-game-by-enochgray-moc-factory","status":"publish","type":"product","link":"https:\/\/mouldking.store\/vi\/shop\/moc-49541-71374-nes-castle-level-super-mario-game-by-enochgray-moc-factory\/","title":{"rendered":"MOC-49541 71374 NES Tr\u00f2 ch\u01a1i Super Mario C\u1ea5p l\u00e2u \u0111\u00e0i c\u1ee7a enochgray MOC FACTORY"},"content":{"rendered":"<p>MOC-49541 71374 NES Castle Level Super Mario Game by enochgray MOC FACTORY is a set in Creator collection, designed by enochgray. This MOC 49541 comes with PDF instruction which is easy to build and find the missing pieces. The set contains 526 pieces, first released in 2020.<\/p>\n<figure id=\"attachment_198752\" class=\"wp-caption aligncenter\" style=\"width: 800px;\" aria-describedby=\"caption-attachment-198752\"><a href=\"https:\/\/pay.lpwstore.com\/wp-content\/uploads\/2020\/12\/MOC-49541-71374-NES-Castle-Level-Super-Mario-Game-by-enochgray-MOC-FACTORY.jpg\" target=\"_blank\" rel=\"noopener\"><img fetchpriority=\"high\" decoding=\"async\" class=\"wp-image-198752 size-full\" title=\"MOC-49541 71374 NES Tr\u00f2 ch\u01a1i Super Mario C\u1ea5p l\u00e2u \u0111\u00e0i c\u1ee7a enochgray MOC FACTORY\" src=\"https:\/\/pay.lpwstore.com\/wp-content\/uploads\/2020\/12\/MOC-49541-71374-NES-Castle-Level-Super-Mario-Game-by-enochgray-MOC-FACTORY.jpg\" alt=\"MOC-49541 71374 NES Castle Level Super Mario Game by enochgray MOC FACTORY\" width=\"800\" height=\"800\" \/><\/a><figcaption id=\"caption-attachment-198752\" class=\"wp-caption-text\">MOC-49541 71374 NES Tr\u00f2 ch\u01a1i Super Mario C\u1ea5p l\u00e2u \u0111\u00e0i c\u1ee7a enochgray MOC FACTORY<\/figcaption><\/figure>","protected":false},"excerpt":{"rendered":"<ul>\n<li>Bao g\u1ed3m <strong>526+<\/strong> chi\u1ebfc<\/li>\n<li>H\u01b0\u1edbng d\u1eabn PDF tr\u1ef1c tuy\u1ebfn<\/li>\n<li>Kh\u1ed1i ABS ch\u1ea5t l\u01b0\u1ee3ng cao<\/li>\n<\/ul>","protected":false},"featured_media":21752,"comment_status":"open","ping_status":"closed","template":"","meta":{"_acf_changed":false},"product_cat":[15],"product_tag":[],"class_list":["product","first","instock","shipping-taxable","purchasable","product-type-simple"],"acf":[],"_links":{"self":[{"href":"https:\/\/mouldking.store\/vi\/wp-json\/wp\/v2\/product\/21753","targetHints":{"allow":["GET"]}}],"collection":[{"href":"https:\/\/mouldking.store\/vi\/wp-json\/wp\/v2\/product"}],"about":[{"href":"https:\/\/mouldking.store\/vi\/wp-json\/wp\/v2\/types\/product"}],"replies":[{"embeddable":true,"href":"https:\/\/mouldking.store\/vi\/wp-json\/wp\/v2\/comments?post=21753"}],"wp:featuredmedia":[{"embeddable":true,"href":"https:\/\/mouldking.store\/vi\/wp-json\/wp\/v2\/media\/21752"}],"wp:attachment":[{"href":"https:\/\/mouldking.store\/vi\/wp-json\/wp\/v2\/media?parent=21753"}],"wp:term":[{"taxonomy":"product_cat","embeddable":true,"href":"https:\/\/mouldking.store\/vi\/wp-json\/wp\/v2\/product_cat?post=21753"},{"taxonomy":"product_tag","embeddable":true,"href":"https:\/\/mouldking.store\/vi\/wp-json\/wp\/v2\/product_tag?post=21753"}],"curies":[{"name":"wp","href":"https:\/\/api.w.org\/{rel}","templated":true}]}}