{"id":21785,"date":"2021-10-09T05:13:58","date_gmt":"2021-10-08T22:13:58","guid":{"rendered":"https:\/\/mouldking.store\/shop\/moc-22749-70617-modular-secret-hideout-modular-building-by-peme-moc-factory\/"},"modified":"2025-12-25T09:23:51","modified_gmt":"2025-12-25T02:23:51","slug":"moc-22749-70617-modular-secret-hideout-modular-building-by-peme-moc-factory","status":"publish","type":"product","link":"https:\/\/mouldking.store\/vi\/shop\/moc-22749-70617-modular-secret-hideout-modular-building-by-peme-moc-factory\/","title":{"rendered":"MOC-22749 70617 Modular &#8211; Secret Hideout Modular Building by peme MOC FACTORY"},"content":{"rendered":"<p style=\"text-align: left\">MOC-22749 70617 Modular &#8211; Secret Hideout Modular Building by peme MOC FACTORY is a set in Modular Building collection, designed by peme. This MOC 22749 comes with PDF instruction which is easy to build and find the missing pieces. The set contains 1028 pieces, first released in 2020.<\/p>\n<figure id=\"attachment_198784\" aria-describedby=\"caption-attachment-198784\" style=\"width: 800px\" class=\"wp-caption aligncenter\"><a href=\"https:\/\/pay.lpwstore.com\/wp-content\/uploads\/2020\/12\/MOC-22749-70617-Modular-Secret-Hideout-Modular-Building-by-peme-MOC-FACTORY.jpg\" target=\"_blank\" rel=\"noopener\"><img fetchpriority=\"high\" decoding=\"async\" class=\"wp-image-198784 size-full\" title=\"MOC-22749 70617 Modular - T\u00f2a nh\u00e0 m\u00f4-\u0111un n\u01a1i \u1ea9n n\u00e1u b\u00ed m\u1eadt c\u1ee7a peme MOC FACTORY \" src=\"https:\/\/pay.lpwstore.com\/wp-content\/uploads\/2020\/12\/MOC-22749-70617-Modular-Secret-Hideout-Modular-Building-by-peme-MOC-FACTORY.jpg\" alt=\"MOC-22749 70617 Modular - Secret Hideout Modular Building by peme MOC FACTORY \" width=\"800\" height=\"800\" \/><\/a><figcaption id=\"caption-attachment-198784\" class=\"wp-caption-text\">MOC-22749 70617 Modular &#8211; Secret Hideout Modular Building by peme MOC FACTORY<\/figcaption><\/figure>\n<p><img decoding=\"async\" class=\"alignnone size-full wp-image-198785 aligncenter\" src=\"https:\/\/pay.lpwstore.com\/wp-content\/uploads\/2020\/12\/MOC-22749-70617-Modular-Secret-Hideout-Modular-Building-by-peme-MOC-FACTORY-2.jpg\" alt=\"-\" width=\"800\" height=\"800\" title=\"-\"> <img decoding=\"async\" class=\"alignnone size-full wp-image-198786 aligncenter\" src=\"https:\/\/pay.lpwstore.com\/wp-content\/uploads\/2020\/12\/MOC-22749-70617-Modular-Secret-Hideout-Modular-Building-by-peme-MOC-FACTORY-3.jpg\" alt=\"-\" width=\"800\" height=\"800\" title=\"-\"><\/p>","protected":false},"excerpt":{"rendered":"<ul>\n<li>Bao g\u1ed3m <strong>1028+<\/strong> chi\u1ebfc<\/li>\n<li>H\u01b0\u1edbng d\u1eabn PDF tr\u1ef1c tuy\u1ebfn<\/li>\n<li>Kh\u1ed1i ABS ch\u1ea5t l\u01b0\u1ee3ng cao<\/li>\n<\/ul>","protected":false},"featured_media":21782,"comment_status":"open","ping_status":"closed","template":"","meta":{"_acf_changed":false},"product_cat":[390],"product_tag":[],"class_list":["product","first","instock","shipping-taxable","purchasable","product-type-simple"],"acf":[],"_links":{"self":[{"href":"https:\/\/mouldking.store\/vi\/wp-json\/wp\/v2\/product\/21785","targetHints":{"allow":["GET"]}}],"collection":[{"href":"https:\/\/mouldking.store\/vi\/wp-json\/wp\/v2\/product"}],"about":[{"href":"https:\/\/mouldking.store\/vi\/wp-json\/wp\/v2\/types\/product"}],"replies":[{"embeddable":true,"href":"https:\/\/mouldking.store\/vi\/wp-json\/wp\/v2\/comments?post=21785"}],"wp:featuredmedia":[{"embeddable":true,"href":"https:\/\/mouldking.store\/vi\/wp-json\/wp\/v2\/media\/21782"}],"wp:attachment":[{"href":"https:\/\/mouldking.store\/vi\/wp-json\/wp\/v2\/media?parent=21785"}],"wp:term":[{"taxonomy":"product_cat","embeddable":true,"href":"https:\/\/mouldking.store\/vi\/wp-json\/wp\/v2\/product_cat?post=21785"},{"taxonomy":"product_tag","embeddable":true,"href":"https:\/\/mouldking.store\/vi\/wp-json\/wp\/v2\/product_tag?post=21785"}],"curies":[{"name":"wp","href":"https:\/\/api.w.org\/{rel}","templated":true}]}}