{"id":21804,"date":"2021-10-09T05:14:03","date_gmt":"2021-10-08T22:14:03","guid":{"rendered":"https:\/\/mouldking.store\/shop\/moc-54894-modular-central-perk-cafe-pub-modular-building-by-legoartisan-moc-factory\/"},"modified":"2025-12-25T09:23:51","modified_gmt":"2025-12-25T02:23:51","slug":"moc-54894-modular-central-perk-cafe-pub-modular-building-by-legoartisan-moc-factory","status":"publish","type":"product","link":"https:\/\/mouldking.store\/vi\/shop\/moc-54894-modular-central-perk-cafe-pub-modular-building-by-legoartisan-moc-factory\/","title":{"rendered":"MOC-54894 T\u00f2a nh\u00e0 m\u00f4-\u0111un Central Perk Cafe &amp; Pub c\u1ee7a LegoArtisan MOC FACTORY"},"content":{"rendered":"<p style=\"text-align: left\">MOC-54894 Modular Central Perk Cafe &amp; Pub T\u00f2a nh\u00e0 m\u00f4-\u0111un c\u1ee7a LegoArtisan MOC FACTORY l\u00e0 m\u1ed9t b\u1ed9 trong b\u1ed9 s\u01b0u t\u1eadp T\u00f2a nh\u00e0 m\u00f4-\u0111un, \u0111\u01b0\u1ee3c thi\u1ebft k\u1ebf b\u1edfi LegoArtisan. MOC 54894 n\u00e0y \u0111i k\u00e8m v\u1edbi h\u01b0\u1edbng d\u1eabn PDF gi\u00fap d\u1ec5 d\u00e0ng t\u1ea1o v\u00e0 t\u00ecm c\u00e1c ph\u1ea7n c\u00f2n thi\u1ebfu. B\u1ed9 g\u1ed3m 2258 mi\u1ebfng, ph\u00e1t h\u00e0nh l\u1ea7n \u0111\u1ea7u v\u00e0o n\u0103m 2020.<\/p>\n<figure id=\"attachment_198896\" aria-describedby=\"caption-attachment-198896\" style=\"width: 800px\" class=\"wp-caption aligncenter\"><a href=\"https:\/\/pay.lpwstore.com\/wp-content\/uploads\/2020\/12\/MOC-54894-Modular-Central-Perk-Cafe-Pub-Modular-Building-by-LegoArtisan-MOC-FACTORY.jpg\" target=\"_blank\" rel=\"noopener\"><img fetchpriority=\"high\" decoding=\"async\" class=\"wp-image-198896 size-full\" title=\"MOC-54894 T\u00f2a nh\u00e0 m\u00f4-\u0111un Central Perk Cafe &amp; Pub c\u1ee7a LegoArtisan MOC FACTORY\" src=\"https:\/\/pay.lpwstore.com\/wp-content\/uploads\/2020\/12\/MOC-54894-Modular-Central-Perk-Cafe-Pub-Modular-Building-by-LegoArtisan-MOC-FACTORY.jpg\" alt=\"MOC-54894 Modular Central Perk Cafe &amp; Pub Modular Building by LegoArtisan MOC FACTORY\" width=\"800\" height=\"800\" \/><\/a><figcaption id=\"caption-attachment-198896\" class=\"wp-caption-text\">MOC-54894 T\u00f2a nh\u00e0 m\u00f4-\u0111un Central Perk Cafe &amp; Pub c\u1ee7a LegoArtisan MOC FACTORY<\/figcaption><\/figure>\n<p><img decoding=\"async\" class=\"alignnone size-full wp-image-198897 aligncenter\" src=\"https:\/\/pay.lpwstore.com\/wp-content\/uploads\/2020\/12\/MOC-54894-Modular-Central-Perk-Cafe-Pub-Modular-Building-by-LegoArtisan-MOC-FACTORY-2.jpg\" alt=\"-\" width=\"800\" height=\"800\" title=\"-\"> <img decoding=\"async\" class=\"alignnone size-full wp-image-198898 aligncenter\" src=\"https:\/\/pay.lpwstore.com\/wp-content\/uploads\/2020\/12\/MOC-54894-Modular-Central-Perk-Cafe-Pub-Modular-Building-by-LegoArtisan-MOC-FACTORY-3.jpg\" alt=\"-\" width=\"800\" height=\"800\" title=\"-\"> <img loading=\"lazy\" decoding=\"async\" class=\"alignnone size-full wp-image-198899 aligncenter\" src=\"https:\/\/pay.lpwstore.com\/wp-content\/uploads\/2020\/12\/MOC-54894-Modular-Central-Perk-Cafe-Pub-Modular-Building-by-LegoArtisan-MOC-FACTORY-4.jpg\" alt=\"-\" width=\"800\" height=\"800\" title=\"-\"> <img loading=\"lazy\" decoding=\"async\" class=\"alignnone size-full wp-image-198900 aligncenter\" src=\"https:\/\/pay.lpwstore.com\/wp-content\/uploads\/2020\/12\/MOC-54894-Modular-Central-Perk-Cafe-Pub-Modular-Building-by-LegoArtisan-MOC-FACTORY-5.jpg\" alt=\"-\" width=\"800\" height=\"800\" title=\"-\"> <img loading=\"lazy\" decoding=\"async\" class=\"alignnone size-full wp-image-198901 aligncenter\" src=\"https:\/\/pay.lpwstore.com\/wp-content\/uploads\/2020\/12\/MOC-54894-Modular-Central-Perk-Cafe-Pub-Modular-Building-by-LegoArtisan-MOC-FACTORY-6.jpg\" alt=\"-\" width=\"800\" height=\"800\" title=\"-\"><\/p>","protected":false},"excerpt":{"rendered":"<ul>\n<li>Bao g\u1ed3m <strong>2258+<\/strong> chi\u1ebfc<\/li>\n<li>H\u01b0\u1edbng d\u1eabn PDF tr\u1ef1c tuy\u1ebfn<\/li>\n<li>Kh\u1ed1i ABS ch\u1ea5t l\u01b0\u1ee3ng cao<\/li>\n<\/ul>","protected":false},"featured_media":21798,"comment_status":"open","ping_status":"closed","template":"","meta":{"_acf_changed":false},"product_cat":[390],"product_tag":[],"class_list":["product","first","instock","shipping-taxable","purchasable","product-type-simple"],"acf":[],"_links":{"self":[{"href":"https:\/\/mouldking.store\/vi\/wp-json\/wp\/v2\/product\/21804","targetHints":{"allow":["GET"]}}],"collection":[{"href":"https:\/\/mouldking.store\/vi\/wp-json\/wp\/v2\/product"}],"about":[{"href":"https:\/\/mouldking.store\/vi\/wp-json\/wp\/v2\/types\/product"}],"replies":[{"embeddable":true,"href":"https:\/\/mouldking.store\/vi\/wp-json\/wp\/v2\/comments?post=21804"}],"wp:featuredmedia":[{"embeddable":true,"href":"https:\/\/mouldking.store\/vi\/wp-json\/wp\/v2\/media\/21798"}],"wp:attachment":[{"href":"https:\/\/mouldking.store\/vi\/wp-json\/wp\/v2\/media?parent=21804"}],"wp:term":[{"taxonomy":"product_cat","embeddable":true,"href":"https:\/\/mouldking.store\/vi\/wp-json\/wp\/v2\/product_cat?post=21804"},{"taxonomy":"product_tag","embeddable":true,"href":"https:\/\/mouldking.store\/vi\/wp-json\/wp\/v2\/product_tag?post=21804"}],"curies":[{"name":"wp","href":"https:\/\/api.w.org\/{rel}","templated":true}]}}