{"id":21835,"date":"2021-10-09T05:14:12","date_gmt":"2021-10-08T22:14:12","guid":{"rendered":"https:\/\/mouldking.store\/shop\/moc-36089-stadium-truck-2-0-technic-by-grohl-moc-factory\/"},"modified":"2025-12-25T09:23:50","modified_gmt":"2025-12-25T02:23:50","slug":"moc-36089-stadium-truck-2-0-technic-by-grohl-moc-factory","status":"publish","type":"product","link":"https:\/\/mouldking.store\/vi\/shop\/moc-36089-stadium-truck-2-0-technic-by-grohl-moc-factory\/","title":{"rendered":"MOC-36089 Xe t\u1ea3i s\u00e2n v\u1eadn \u0111\u1ed9ng 2.0 Technic c\u1ee7a grohl MOC FACTORY"},"content":{"rendered":"<ul>\n<li style=\"text-align: left;\">MOC-36089 Xe t\u1ea3i s\u00e2n v\u1eadn \u0111\u1ed9ng 2.0 Technic c\u1ee7a grohl MOC FACTORY l\u00e0 m\u1ed9t b\u1ed9 trong b\u1ed9 s\u01b0u t\u1eadp Technic, \u0111\u01b0\u1ee3c thi\u1ebft k\u1ebf b\u1edfi grohl. MOC 36089 n\u00e0y \u0111i k\u00e8m v\u1edbi h\u01b0\u1edbng d\u1eabn PDF gi\u00fap d\u1ec5 d\u00e0ng t\u1ea1o v\u00e0 t\u00ecm c\u00e1c ph\u1ea7n c\u00f2n thi\u1ebfu. B\u1ed9 g\u1ed3m 2572 mi\u1ebfng, ph\u00e1t h\u00e0nh l\u1ea7n \u0111\u1ea7u v\u00e0o n\u0103m 2020.<\/li>\n<li>S\u1eafp x\u1ebfp th\u1eddi gian: 4-7 tu\u1ea7n<\/li>\n<\/ul>\n<p>&nbsp;<\/p>\n<figure id=\"attachment_198928\" class=\"wp-caption aligncenter\" style=\"width: 800px;\" aria-describedby=\"caption-attachment-198928\"><figcaption id=\"caption-attachment-198928\" class=\"wp-caption-text\">\n<figure id=\"attachment_21834\" aria-describedby=\"caption-attachment-21834\" style=\"width: 800px\" class=\"wp-caption aligncenter\"><img fetchpriority=\"high\" decoding=\"async\" class=\"wp-image-21834 size-full\" src=\"https:\/\/mouldking.store\/wp-content\/uploads\/2021\/10\/MOC-36089-Stadium-Truck-6.jpg\" alt=\"MOC-36089 Stadium Truck 2.0 Technic by grohl MOC FACTORY\" width=\"800\" height=\"800\" title=\"-\" srcset=\"https:\/\/mouldking.store\/wp-content\/uploads\/2021\/10\/MOC-36089-Stadium-Truck-6.jpg 800w, https:\/\/mouldking.store\/wp-content\/uploads\/2021\/10\/MOC-36089-Stadium-Truck-6-300x300.jpg 300w, https:\/\/mouldking.store\/wp-content\/uploads\/2021\/10\/MOC-36089-Stadium-Truck-6-768x768.jpg 768w, https:\/\/mouldking.store\/wp-content\/uploads\/2021\/10\/MOC-36089-Stadium-Truck-6-600x600.jpg 600w, https:\/\/mouldking.store\/wp-content\/uploads\/2021\/10\/MOC-36089-Stadium-Truck-6-150x150.jpg 150w\" sizes=\"(max-width: 800px) 100vw, 800px\" \/><figcaption id=\"caption-attachment-21834\" class=\"wp-caption-text\">MOC-36089 Xe t\u1ea3i s\u00e2n v\u1eadn \u0111\u1ed9ng 2.0 Technic c\u1ee7a grohl MOC FACTORY<\/figcaption><\/figure>\n<figure id=\"attachment_21831\" aria-describedby=\"caption-attachment-21831\" style=\"width: 800px\" class=\"wp-caption aligncenter\"><img decoding=\"async\" class=\"wp-image-21831 size-full\" src=\"https:\/\/mouldking.store\/wp-content\/uploads\/2021\/10\/MOC-36089-Stadium-Truck-3.jpg\" alt=\"MOC-36089 Stadium Truck 2.0 Technic by grohl MOC FACTORY\" width=\"800\" height=\"800\" title=\"-\" srcset=\"https:\/\/mouldking.store\/wp-content\/uploads\/2021\/10\/MOC-36089-Stadium-Truck-3.jpg 800w, https:\/\/mouldking.store\/wp-content\/uploads\/2021\/10\/MOC-36089-Stadium-Truck-3-300x300.jpg 300w, https:\/\/mouldking.store\/wp-content\/uploads\/2021\/10\/MOC-36089-Stadium-Truck-3-768x768.jpg 768w, https:\/\/mouldking.store\/wp-content\/uploads\/2021\/10\/MOC-36089-Stadium-Truck-3-600x600.jpg 600w, https:\/\/mouldking.store\/wp-content\/uploads\/2021\/10\/MOC-36089-Stadium-Truck-3-150x150.jpg 150w\" sizes=\"(max-width: 800px) 100vw, 800px\" \/><figcaption id=\"caption-attachment-21831\" class=\"wp-caption-text\">MOC-36089 Xe t\u1ea3i s\u00e2n v\u1eadn \u0111\u1ed9ng 2.0 Technic c\u1ee7a grohl MOC FACTORY<\/figcaption><\/figure>\n<figure id=\"attachment_21833\" aria-describedby=\"caption-attachment-21833\" style=\"width: 800px\" class=\"wp-caption aligncenter\"><img decoding=\"async\" class=\"wp-image-21833 size-full\" src=\"https:\/\/mouldking.store\/wp-content\/uploads\/2021\/10\/MOC-36089-Stadium-Truck-5.jpg\" alt=\"MOC-36089 Stadium Truck 2.0 Technic by grohl MOC FACTORY\" width=\"800\" height=\"800\" title=\"-\" srcset=\"https:\/\/mouldking.store\/wp-content\/uploads\/2021\/10\/MOC-36089-Stadium-Truck-5.jpg 800w, https:\/\/mouldking.store\/wp-content\/uploads\/2021\/10\/MOC-36089-Stadium-Truck-5-300x300.jpg 300w, https:\/\/mouldking.store\/wp-content\/uploads\/2021\/10\/MOC-36089-Stadium-Truck-5-768x768.jpg 768w, https:\/\/mouldking.store\/wp-content\/uploads\/2021\/10\/MOC-36089-Stadium-Truck-5-600x600.jpg 600w, https:\/\/mouldking.store\/wp-content\/uploads\/2021\/10\/MOC-36089-Stadium-Truck-5-150x150.jpg 150w\" sizes=\"(max-width: 800px) 100vw, 800px\" \/><figcaption id=\"caption-attachment-21833\" class=\"wp-caption-text\">MOC-36089 Xe t\u1ea3i s\u00e2n v\u1eadn \u0111\u1ed9ng 2.0 Technic c\u1ee7a grohl MOC FACTORY<\/figcaption><\/figure>\n<figure id=\"attachment_21832\" aria-describedby=\"caption-attachment-21832\" style=\"width: 800px\" class=\"wp-caption aligncenter\"><img loading=\"lazy\" decoding=\"async\" class=\"wp-image-21832 size-full\" src=\"https:\/\/mouldking.store\/wp-content\/uploads\/2021\/10\/MOC-36089-Stadium-Truck-4.jpg\" alt=\"MOC-36089 Stadium Truck 2.0 Technic by grohl MOC FACTORY\" width=\"800\" height=\"800\" title=\"-\" srcset=\"https:\/\/mouldking.store\/wp-content\/uploads\/2021\/10\/MOC-36089-Stadium-Truck-4.jpg 800w, https:\/\/mouldking.store\/wp-content\/uploads\/2021\/10\/MOC-36089-Stadium-Truck-4-300x300.jpg 300w, https:\/\/mouldking.store\/wp-content\/uploads\/2021\/10\/MOC-36089-Stadium-Truck-4-768x768.jpg 768w, https:\/\/mouldking.store\/wp-content\/uploads\/2021\/10\/MOC-36089-Stadium-Truck-4-600x600.jpg 600w, https:\/\/mouldking.store\/wp-content\/uploads\/2021\/10\/MOC-36089-Stadium-Truck-4-150x150.jpg 150w\" sizes=\"(max-width: 800px) 100vw, 800px\" \/><figcaption id=\"caption-attachment-21832\" class=\"wp-caption-text\">MOC-36089 Xe t\u1ea3i s\u00e2n v\u1eadn \u0111\u1ed9ng 2.0 Technic c\u1ee7a grohl MOC FACTORY<\/figcaption><\/figure>\n<\/figcaption><\/figure>\n<p>&nbsp;<\/p>","protected":false},"excerpt":{"rendered":"<ul>\n<li>Bao g\u1ed3m <strong>2572+<\/strong> chi\u1ebfc<\/li>\n<li>H\u01b0\u1edbng d\u1eabn PDF tr\u1ef1c tuy\u1ebfn<\/li>\n<li>Kh\u1ed1i ABS ch\u1ea5t l\u01b0\u1ee3ng cao<\/li>\n<\/ul>","protected":false},"featured_media":21830,"comment_status":"open","ping_status":"closed","template":"","meta":{"_acf_changed":false},"product_cat":[364],"product_tag":[5714,5713,5715],"class_list":["product","first","instock","shipping-taxable","purchasable","product-type-simple"],"acf":[],"_links":{"self":[{"href":"https:\/\/mouldking.store\/vi\/wp-json\/wp\/v2\/product\/21835","targetHints":{"allow":["GET"]}}],"collection":[{"href":"https:\/\/mouldking.store\/vi\/wp-json\/wp\/v2\/product"}],"about":[{"href":"https:\/\/mouldking.store\/vi\/wp-json\/wp\/v2\/types\/product"}],"replies":[{"embeddable":true,"href":"https:\/\/mouldking.store\/vi\/wp-json\/wp\/v2\/comments?post=21835"}],"wp:featuredmedia":[{"embeddable":true,"href":"https:\/\/mouldking.store\/vi\/wp-json\/wp\/v2\/media\/21830"}],"wp:attachment":[{"href":"https:\/\/mouldking.store\/vi\/wp-json\/wp\/v2\/media?parent=21835"}],"wp:term":[{"taxonomy":"product_cat","embeddable":true,"href":"https:\/\/mouldking.store\/vi\/wp-json\/wp\/v2\/product_cat?post=21835"},{"taxonomy":"product_tag","embeddable":true,"href":"https:\/\/mouldking.store\/vi\/wp-json\/wp\/v2\/product_tag?post=21835"}],"curies":[{"name":"wp","href":"https:\/\/api.w.org\/{rel}","templated":true}]}}