{"id":21847,"date":"2021-10-09T05:14:15","date_gmt":"2021-10-09T05:14:15","guid":{"rendered":"https:\/\/mouldking.store\/shop\/moc-55969-among-us-impostor-crewmate-creator-by-vnmbricks-moc-factory\/"},"modified":"2025-12-25T09:23:50","modified_gmt":"2025-12-25T02:23:50","slug":"moc-55969-among-us-impostor-crewmate-creator-by-vnmbricks-moc-factory","status":"publish","type":"product","link":"https:\/\/mouldking.store\/vi\/shop\/moc-55969-among-us-impostor-crewmate-creator-by-vnmbricks-moc-factory\/","title":{"rendered":"MOC-55969 K\u1ebb m\u1ea1o danh &amp; Ng\u01b0\u1eddi t\u1ea1o \u0111\u1ed3ng \u0111\u1ed9i \u201cGi\u1eefa ch\u00fang ta\u201d b\u1edfi VNMBricks MOC FACTORY"},"content":{"rendered":"<p>MOC-55969 \u201cAmong Us\u201d Impostor &amp; Crewmate Creator c\u1ee7a VNMBricks MOC FACTORY l\u00e0 m\u1ed9t b\u1ed9 trong b\u1ed9 s\u01b0u t\u1eadp Creator, \u0111\u01b0\u1ee3c thi\u1ebft k\u1ebf b\u1edfi VNMBricks. MOC 55969 n\u00e0y \u0111i k\u00e8m v\u1edbi h\u01b0\u1edbng d\u1eabn PDF gi\u00fap d\u1ec5 d\u00e0ng t\u1ea1o v\u00e0 t\u00ecm c\u00e1c ph\u1ea7n c\u00f2n thi\u1ebfu. B\u1ed9 g\u1ed3m 133 mi\u1ebfng, ph\u00e1t h\u00e0nh l\u1ea7n \u0111\u1ea7u v\u00e0o n\u0103m 2020.<\/p>\n<figure id=\"attachment_198973\" aria-describedby=\"caption-attachment-198973\" style=\"width: 800px\" class=\"wp-caption aligncenter\"><a href=\"https:\/\/pay.lpwstore.com\/wp-content\/uploads\/2020\/12\/MOC-55969-Among-Us-Impostor-Crewmate-Creator-by-VNMBricks-MOC-FACTORY.jpg\" target=\"_blank\" rel=\"noopener\"><img fetchpriority=\"high\" decoding=\"async\" class=\"wp-image-198973 size-full\" title=\"MOC-55969 K\u1ebb gi\u1ea3 m\u1ea1o &amp; \u0111\u1ed3ng \u0111\u1ed9i t\u1ea1o &quot;Trong s\u1ed1 ch\u00fang ta&quot; b\u1edfi VNMBricks MOC FACTORY\" src=\"https:\/\/pay.lpwstore.com\/wp-content\/uploads\/2020\/12\/MOC-55969-Among-Us-Impostor-Crewmate-Creator-by-VNMBricks-MOC-FACTORY.jpg\" alt=\"MOC-55969 &quot;Among Us&quot; Impostor &amp; Crewmate Creator by VNMBricks MOC FACTORY\" width=\"800\" height=\"800\" \/><\/a><figcaption id=\"caption-attachment-198973\" class=\"wp-caption-text\">MOC-55969 K\u1ebb m\u1ea1o danh &amp; Ng\u01b0\u1eddi t\u1ea1o \u0111\u1ed3ng \u0111\u1ed9i \u201cGi\u1eefa ch\u00fang ta\u201d b\u1edfi VNMBricks MOC FACTORY<\/figcaption><\/figure>","protected":false},"excerpt":{"rendered":"<ul>\n<li>Bao g\u1ed3m <strong>133+<\/strong> chi\u1ebfc<\/li>\n<li>H\u01b0\u1edbng d\u1eabn PDF tr\u1ef1c tuy\u1ebfn<\/li>\n<li>Kh\u1ed1i ABS ch\u1ea5t l\u01b0\u1ee3ng cao<\/li>\n<\/ul>","protected":false},"featured_media":21846,"comment_status":"open","ping_status":"closed","template":"","meta":{"_acf_changed":false},"product_cat":[371],"product_tag":[],"class_list":["product","first","instock","shipping-taxable","purchasable","product-type-simple"],"acf":[],"_links":{"self":[{"href":"https:\/\/mouldking.store\/vi\/wp-json\/wp\/v2\/product\/21847","targetHints":{"allow":["GET"]}}],"collection":[{"href":"https:\/\/mouldking.store\/vi\/wp-json\/wp\/v2\/product"}],"about":[{"href":"https:\/\/mouldking.store\/vi\/wp-json\/wp\/v2\/types\/product"}],"replies":[{"embeddable":true,"href":"https:\/\/mouldking.store\/vi\/wp-json\/wp\/v2\/comments?post=21847"}],"wp:featuredmedia":[{"embeddable":true,"href":"https:\/\/mouldking.store\/vi\/wp-json\/wp\/v2\/media\/21846"}],"wp:attachment":[{"href":"https:\/\/mouldking.store\/vi\/wp-json\/wp\/v2\/media?parent=21847"}],"wp:term":[{"taxonomy":"product_cat","embeddable":true,"href":"https:\/\/mouldking.store\/vi\/wp-json\/wp\/v2\/product_cat?post=21847"},{"taxonomy":"product_tag","embeddable":true,"href":"https:\/\/mouldking.store\/vi\/wp-json\/wp\/v2\/product_tag?post=21847"}],"curies":[{"name":"wp","href":"https:\/\/api.w.org\/{rel}","templated":true}]}}