{"id":21879,"date":"2021-10-09T05:14:28","date_gmt":"2021-10-08T22:14:28","guid":{"rendered":"https:\/\/mouldking.store\/shop\/moc-52064-anakins-the-twilight-the-clone-wars-star-wars-by-bruxxy-moc-factory\/"},"modified":"2025-12-25T09:23:46","modified_gmt":"2025-12-25T02:23:46","slug":"moc-52064-anakins-the-twilight-the-clone-wars-star-wars-by-bruxxy-moc-factory","status":"publish","type":"product","link":"https:\/\/mouldking.store\/vi\/shop\/moc-52064-anakins-the-twilight-the-clone-wars-star-wars-by-bruxxy-moc-factory\/","title":{"rendered":"MOC-52064 Ch\u1ea1ng v\u1ea1ng c\u1ee7a Anakin \u2013 Chi\u1ebfn tranh gi\u1eefa c\u00e1c v\u00ec sao c\u1ee7a Bruxxy MOC FACTORY"},"content":{"rendered":"<p style=\"text-align: left\">MOC-52064 Anakin&#039;s the Twilight \u2013 the Clone Wars Star Wars c\u1ee7a Bruxxy MOC FACTORY l\u00e0 m\u1ed9t b\u1ed1i c\u1ea3nh trong b\u1ed9 s\u01b0u t\u1eadp Kh\u00f4ng gian, \u0111\u01b0\u1ee3c thi\u1ebft k\u1ebf b\u1edfi Bruxxy. MOC 52064 n\u00e0y \u0111i k\u00e8m v\u1edbi h\u01b0\u1edbng d\u1eabn PDF gi\u00fap d\u1ec5 d\u00e0ng t\u1ea1o v\u00e0 t\u00ecm c\u00e1c ph\u1ea7n c\u00f2n thi\u1ebfu. B\u1ed9 g\u1ed3m 1418 mi\u1ebfng, ph\u00e1t h\u00e0nh l\u1ea7n \u0111\u1ea7u v\u00e0o n\u0103m 2020.<\/p>\n<figure id=\"attachment_199070\" aria-describedby=\"caption-attachment-199070\" style=\"width: 800px\" class=\"wp-caption aligncenter\"><a href=\"https:\/\/pay.lpwstore.com\/wp-content\/uploads\/2020\/12\/MOC-52064-Anakins-the-Twilight-the-Clone-Wars-Star-Wars-by-Bruxxy-MOC-FACTORY-2.jpg\" target=\"_blank\" rel=\"noopener\"><img fetchpriority=\"high\" decoding=\"async\" class=\"wp-image-199070 size-full\" title=\"MOC-52064 Anakin&#039;s the Twilight - Chi\u1ebfn tranh gi\u1eefa c\u00e1c v\u00ec sao Chi\u1ebfn tranh gi\u1eefa c\u00e1c v\u00ec sao c\u1ee7a Bruxxy MOC FACTORY\" src=\"https:\/\/pay.lpwstore.com\/wp-content\/uploads\/2020\/12\/MOC-52064-Anakins-the-Twilight-the-Clone-Wars-Star-Wars-by-Bruxxy-MOC-FACTORY-2.jpg\" alt=\"MOC-52064  Anakin's the Twilight - the Clone Wars Star Wars by Bruxxy MOC FACTORY\" width=\"800\" height=\"800\" \/><\/a><figcaption id=\"caption-attachment-199070\" class=\"wp-caption-text\">MOC-52064 Ch\u1ea1ng v\u1ea1ng c\u1ee7a Anakin \u2013 Chi\u1ebfn tranh gi\u1eefa c\u00e1c v\u00ec sao c\u1ee7a Bruxxy MOC FACTORY<\/figcaption><\/figure>\n<p><img decoding=\"async\" class=\"alignnone size-full wp-image-199069 aligncenter\" src=\"https:\/\/pay.lpwstore.com\/wp-content\/uploads\/2020\/12\/MOC-52064-Anakins-the-Twilight-the-Clone-Wars-Star-Wars-by-Bruxxy-MOC-FACTORY.jpg\" alt=\"-\" width=\"800\" height=\"800\" title=\"-\"><\/p>","protected":false},"excerpt":{"rendered":"<ul>\n<li>Bao g\u1ed3m <strong>1418+<\/strong> chi\u1ebfc<\/li>\n<li>H\u01b0\u1edbng d\u1eabn PDF tr\u1ef1c tuy\u1ebfn<\/li>\n<li>Kh\u1ed1i ABS ch\u1ea5t l\u01b0\u1ee3ng cao<\/li>\n<\/ul>","protected":false},"featured_media":21877,"comment_status":"open","ping_status":"closed","template":"","meta":{"_acf_changed":false},"product_cat":[415],"product_tag":[],"class_list":["product","first","instock","shipping-taxable","purchasable","product-type-simple"],"acf":[],"_links":{"self":[{"href":"https:\/\/mouldking.store\/vi\/wp-json\/wp\/v2\/product\/21879","targetHints":{"allow":["GET"]}}],"collection":[{"href":"https:\/\/mouldking.store\/vi\/wp-json\/wp\/v2\/product"}],"about":[{"href":"https:\/\/mouldking.store\/vi\/wp-json\/wp\/v2\/types\/product"}],"replies":[{"embeddable":true,"href":"https:\/\/mouldking.store\/vi\/wp-json\/wp\/v2\/comments?post=21879"}],"wp:featuredmedia":[{"embeddable":true,"href":"https:\/\/mouldking.store\/vi\/wp-json\/wp\/v2\/media\/21877"}],"wp:attachment":[{"href":"https:\/\/mouldking.store\/vi\/wp-json\/wp\/v2\/media?parent=21879"}],"wp:term":[{"taxonomy":"product_cat","embeddable":true,"href":"https:\/\/mouldking.store\/vi\/wp-json\/wp\/v2\/product_cat?post=21879"},{"taxonomy":"product_tag","embeddable":true,"href":"https:\/\/mouldking.store\/vi\/wp-json\/wp\/v2\/product_tag?post=21879"}],"curies":[{"name":"wp","href":"https:\/\/api.w.org\/{rel}","templated":true}]}}