{"id":21886,"date":"2021-10-09T05:14:30","date_gmt":"2021-10-08T22:14:30","guid":{"rendered":"https:\/\/mouldking.store\/shop\/moc-factory-s7317-hogwarts-castle-epic-extension-moc-30884-part-3\/"},"modified":"2025-12-25T09:23:45","modified_gmt":"2025-12-25T02:23:45","slug":"moc-factory-s7317-hogwarts-castle-epic-extension-moc-30884-part-3","status":"publish","type":"product","link":"https:\/\/mouldking.store\/vi\/shop\/moc-factory-s7317-hogwarts-castle-epic-extension-moc-30884-part-3\/","title":{"rendered":"MOC FACTORY S7317 Ph\u1ea7n m\u1edf r\u1ed9ng S\u1eed thi L\u00e2u \u0111\u00e0i Hogwart MOC-30884 Ph\u1ea7n 3"},"content":{"rendered":"<div class=\"richtext_wrap\">\n<div class=\"richtext\">MOC FACTORY S7317 Hogwart&#039;s Castle Epic Extension MOC-30884 Ph\u1ea7n 3 thu\u1ed9c th\u1ec3 lo\u1ea1i video game x\u1ebfp kh\u1ed1i x\u00e2y d\u1ef1ng. To\u00e0n b\u1ed9 b\u1ed9 ch\u1ee9a 6483 h\u1ea1t kh\u1ed1i x\u00e2y d\u1ef1ng. N\u00f3 s\u1ebd \u0111\u01b0\u1ee3c ra m\u1eaft v\u00e0o n\u0103m 2019.<\/div>\n<div>\u00a0 <img fetchpriority=\"high\" decoding=\"async\" class=\"alignnone size-full wp-image-199086\" src=\"https:\/\/pay.lpwstore.com\/wp-content\/uploads\/2020\/08\/MOC-FACTORY-S7317-Hogwarts-Castle-Epic-Extension-MOC-30884-Part-3.jpg\" alt=\"-\" width=\"800\" height=\"800\" title=\"-\"> <img decoding=\"async\" class=\"alignnone size-medium wp-image-199087\" src=\"https:\/\/pay.lpwstore.com\/wp-content\/uploads\/2020\/08\/MOC-FACTORY-S7317-Hogwarts-Castle-Epic-Extension-MOC-30884-Part-3-v2.jpg\" alt=\"-\" width=\"800\" height=\"800\" title=\"-\"> <img decoding=\"async\" class=\"alignnone size-medium wp-image-199088\" src=\"https:\/\/pay.lpwstore.com\/wp-content\/uploads\/2020\/08\/MOC-FACTORY-S7317-Hogwarts-Castle-Epic-Extension-MOC-30884-Part-3-v3.jpg\" alt=\"-\" width=\"800\" height=\"800\" title=\"-\"> <img loading=\"lazy\" decoding=\"async\" class=\"alignnone size-medium wp-image-199089\" src=\"https:\/\/pay.lpwstore.com\/wp-content\/uploads\/2020\/08\/MOC-FACTORY-S7317-Hogwarts-Castle-Epic-Extension-MOC-30884-Part-3-v4.jpg\" alt=\"-\" width=\"800\" height=\"800\" title=\"-\"> <img loading=\"lazy\" decoding=\"async\" class=\"alignnone size-medium wp-image-199090\" src=\"https:\/\/pay.lpwstore.com\/wp-content\/uploads\/2020\/08\/MOC-FACTORY-S7317-Hogwarts-Castle-Epic-Extension-MOC-30884-Part-3-v5.jpg\" alt=\"-\" width=\"800\" height=\"800\" title=\"-\"> <img loading=\"lazy\" decoding=\"async\" class=\"alignnone size-medium wp-image-199091\" src=\"https:\/\/pay.lpwstore.com\/wp-content\/uploads\/2020\/08\/MOC-FACTORY-S7317-Hogwarts-Castle-Epic-Extension-MOC-30884-Part-3-v6.jpg\" alt=\"-\" width=\"800\" height=\"800\" title=\"-\"><\/div>\n<\/div>","protected":false},"excerpt":{"rendered":"<h1><strong style=\"color: #ed1c24;font-size: 14.4px\">MOC 30884 (S7315 + S7317) + 71043\/16060\/S7316 = \u0110\u1ea6Y \u0110\u1ee6 L\u00e2u \u0111\u00e0i Hogwart<\/strong><\/h1>\n<p>Bao g\u1ed3m <strong>6483+<\/strong> pcs M\u1ed8C FACTORY Kh\u1ed1i Ch\u1ea5t L\u01b0\u1ee3ng Cao<\/p>\n<div id=\"gtx-anchor\" style=\"width: 42.684px;height: 18.8889px\"><\/div>\n<div class=\"jfk-bubble gtx-bubble\" role=\"alertdialog\" aria-describedby=\"bubble-4\">\n<div id=\"bubble-4\" class=\"jfk-bubble-content-id\">\n<div id=\"gtx-host\" style=\"min-width: 200px;max-width: 400px\"><\/div>\n<\/div>\n<div class=\"jfk-bubble-closebtn-id jfk-bubble-closebtn\" role=\"button\" aria-label=\"\u0110\u00f3ng\"><\/div>\n<div class=\"jfk-bubble-arrow-id jfk-bubble-arrow jfk-bubble-arrowup\">\n<div class=\"jfk-bubble-arrowimplbefore\"><\/div>\n<div class=\"jfk-bubble-arrowimplafter\"><\/div>\n<\/div>\n<\/div>","protected":false},"featured_media":19435,"comment_status":"open","ping_status":"closed","template":"","meta":{"_acf_changed":false},"product_cat":[15],"product_tag":[],"class_list":["product","first","instock","shipping-taxable","purchasable","product-type-simple"],"acf":[],"_links":{"self":[{"href":"https:\/\/mouldking.store\/vi\/wp-json\/wp\/v2\/product\/21886","targetHints":{"allow":["GET"]}}],"collection":[{"href":"https:\/\/mouldking.store\/vi\/wp-json\/wp\/v2\/product"}],"about":[{"href":"https:\/\/mouldking.store\/vi\/wp-json\/wp\/v2\/types\/product"}],"replies":[{"embeddable":true,"href":"https:\/\/mouldking.store\/vi\/wp-json\/wp\/v2\/comments?post=21886"}],"wp:featuredmedia":[{"embeddable":true,"href":"https:\/\/mouldking.store\/vi\/wp-json\/wp\/v2\/media\/19435"}],"wp:attachment":[{"href":"https:\/\/mouldking.store\/vi\/wp-json\/wp\/v2\/media?parent=21886"}],"wp:term":[{"taxonomy":"product_cat","embeddable":true,"href":"https:\/\/mouldking.store\/vi\/wp-json\/wp\/v2\/product_cat?post=21886"},{"taxonomy":"product_tag","embeddable":true,"href":"https:\/\/mouldking.store\/vi\/wp-json\/wp\/v2\/product_tag?post=21886"}],"curies":[{"name":"wp","href":"https:\/\/api.w.org\/{rel}","templated":true}]}}