{"id":21891,"date":"2021-10-09T05:14:31","date_gmt":"2021-10-08T22:14:31","guid":{"rendered":"https:\/\/mouldking.store\/shop\/moc-19379-internet-cafe-10260-downtown-diner-alternate-model-modular-modular-building-by-huaojozu-moc-factory\/"},"modified":"2025-12-25T09:23:45","modified_gmt":"2025-12-25T02:23:45","slug":"moc-19379-internet-cafe-10260-downtown-diner-alternate-model-modular-modular-building-by-huaojozu-moc-factory","status":"publish","type":"product","link":"https:\/\/mouldking.store\/vi\/shop\/moc-19379-internet-cafe-10260-downtown-diner-alternate-model-modular-modular-building-by-huaojozu-moc-factory\/","title":{"rendered":"MOC-19379 Qu\u00e1n c\u00e0 ph\u00ea Internet (10260 Downtown Diner M\u00f4-\u0111un thay th\u1ebf m\u00f4-\u0111un) T\u00f2a nh\u00e0 m\u00f4-\u0111un c\u1ee7a Huaojozu MOC FACTORY"},"content":{"rendered":"<p style=\"text-align: left\">MOC-19379 Internet Caf\u00e9 (10260 Downtown Diner Alternate Model Modular) Modular Building by Huaojozu MOC FACTORY is a set in Modular Building collection, designed by Huaojozu. This MOC 19379 comes with PDF instruction which is easy to build and find the missing pieces. The set contains 2220 pieces, first released in 2020.<\/p>\n<figure id=\"attachment_199146\" aria-describedby=\"caption-attachment-199146\" style=\"width: 800px\" class=\"wp-caption aligncenter\"><a href=\"https:\/\/pay.lpwstore.com\/wp-content\/uploads\/2020\/12\/MOC-19379-Internet-Caf\u00e9-10260-Downtown-Diner-Alternate-Model-Modular-Modular-Building-by-Huaojozu-MOC-FACTORY.jpg\" target=\"_blank\" rel=\"noopener\"><img fetchpriority=\"high\" decoding=\"async\" class=\"wp-image-199146 size-full\" title=\"MOC-19379 Qu\u00e1n c\u00e0 ph\u00ea Internet (10260 Downtown Diner M\u00f4-\u0111un thay th\u1ebf m\u00f4-\u0111un) T\u00f2a nh\u00e0 m\u00f4-\u0111un c\u1ee7a Huaojozu MOC FACTORY\" src=\"https:\/\/pay.lpwstore.com\/wp-content\/uploads\/2020\/12\/MOC-19379-Internet-Caf\u00e9-10260-Downtown-Diner-Alternate-Model-Modular-Modular-Building-by-Huaojozu-MOC-FACTORY.jpg\" alt=\"MOC-19379 Internet Caf\u00e9 (10260 Downtown Diner Alternate Model Modular) Modular Building by Huaojozu MOC FACTORY\" width=\"800\" height=\"800\" \/><\/a><figcaption id=\"caption-attachment-199146\" class=\"wp-caption-text\">MOC-19379 Qu\u00e1n c\u00e0 ph\u00ea Internet (10260 Downtown Diner M\u00f4-\u0111un thay th\u1ebf m\u00f4-\u0111un) T\u00f2a nh\u00e0 m\u00f4-\u0111un c\u1ee7a Huaojozu MOC FACTORY<\/figcaption><\/figure>\n<p><img decoding=\"async\" class=\"alignnone size-full wp-image-199147 aligncenter\" src=\"https:\/\/pay.lpwstore.com\/wp-content\/uploads\/2020\/12\/MOC-19379-Internet-Caf\u00e9-10260-Downtown-Diner-Alternate-Model-Modular-Modular-Building-by-Huaojozu-MOC-FACTORY-2.jpg\" alt=\"-\" width=\"800\" height=\"800\" title=\"-\"> <img decoding=\"async\" class=\"alignnone size-full wp-image-199148 aligncenter\" src=\"https:\/\/pay.lpwstore.com\/wp-content\/uploads\/2020\/12\/MOC-19379-Internet-Caf\u00e9-10260-Downtown-Diner-Alternate-Model-Modular-Modular-Building-by-Huaojozu-MOC-FACTORY-3.jpg\" alt=\"-\" width=\"800\" height=\"800\" title=\"-\"> <img loading=\"lazy\" decoding=\"async\" class=\"alignnone size-full wp-image-199149 aligncenter\" src=\"https:\/\/pay.lpwstore.com\/wp-content\/uploads\/2020\/12\/MOC-19379-Internet-Caf\u00e9-10260-Downtown-Diner-Alternate-Model-Modular-Modular-Building-by-Huaojozu-MOC-FACTORY-4.jpg\" alt=\"-\" width=\"800\" height=\"800\" title=\"-\"><\/p>","protected":false},"excerpt":{"rendered":"<ul>\n<li>Bao g\u1ed3m <strong>2220+<\/strong> chi\u1ebfc<\/li>\n<li>H\u01b0\u1edbng d\u1eabn PDF tr\u1ef1c tuy\u1ebfn<\/li>\n<li>Kh\u1ed1i ABS ch\u1ea5t l\u01b0\u1ee3ng cao<\/li>\n<\/ul>","protected":false},"featured_media":21887,"comment_status":"open","ping_status":"closed","template":"","meta":{"_acf_changed":false},"product_cat":[390],"product_tag":[],"class_list":["product","first","instock","shipping-taxable","purchasable","product-type-simple"],"acf":[],"_links":{"self":[{"href":"https:\/\/mouldking.store\/vi\/wp-json\/wp\/v2\/product\/21891","targetHints":{"allow":["GET"]}}],"collection":[{"href":"https:\/\/mouldking.store\/vi\/wp-json\/wp\/v2\/product"}],"about":[{"href":"https:\/\/mouldking.store\/vi\/wp-json\/wp\/v2\/types\/product"}],"replies":[{"embeddable":true,"href":"https:\/\/mouldking.store\/vi\/wp-json\/wp\/v2\/comments?post=21891"}],"wp:featuredmedia":[{"embeddable":true,"href":"https:\/\/mouldking.store\/vi\/wp-json\/wp\/v2\/media\/21887"}],"wp:attachment":[{"href":"https:\/\/mouldking.store\/vi\/wp-json\/wp\/v2\/media?parent=21891"}],"wp:term":[{"taxonomy":"product_cat","embeddable":true,"href":"https:\/\/mouldking.store\/vi\/wp-json\/wp\/v2\/product_cat?post=21891"},{"taxonomy":"product_tag","embeddable":true,"href":"https:\/\/mouldking.store\/vi\/wp-json\/wp\/v2\/product_tag?post=21891"}],"curies":[{"name":"wp","href":"https:\/\/api.w.org\/{rel}","templated":true}]}}