{"id":21931,"date":"2021-10-09T05:14:44","date_gmt":"2021-10-08T22:14:44","guid":{"rendered":"https:\/\/mouldking.store\/shop\/moc-34566-mirage-hotel-for-modular-city-las-vegas-modular-building-by-gabizon-moc-factory\/"},"modified":"2025-12-25T09:23:44","modified_gmt":"2025-12-25T02:23:44","slug":"moc-34566-mirage-hotel-for-modular-city-las-vegas-modular-building-by-gabizon-moc-factory","status":"publish","type":"product","link":"https:\/\/mouldking.store\/vi\/shop\/moc-34566-mirage-hotel-for-modular-city-las-vegas-modular-building-by-gabizon-moc-factory\/","title":{"rendered":"MOC-34566 Kh\u00e1ch s\u1ea1n Mirage cho Th\u00e0nh ph\u1ed1 M\u00f4-\u0111un T\u00f2a nh\u00e0 M\u00f4-\u0111un Las Vegas c\u1ee7a gabizon MOC FACTORY"},"content":{"rendered":"<p>MOC-34566 Mirage Hotel for Modular City Las Vegas Modular Building by gabizon MOC FACTORY is a set in Modular Building collection, designed by gabizon. This MOC 34566 comes with PDF instruction which is easy to build and find the missing pieces. The set contains 573 pieces, first released in 2020.<\/p>\n<figure id=\"attachment_199211\" aria-describedby=\"caption-attachment-199211\" style=\"width: 800px\" class=\"wp-caption aligncenter\"><a href=\"https:\/\/pay.lpwstore.com\/wp-content\/uploads\/2020\/12\/MOC-34566-Mirage-Hotel-for-Modular-City-Las-Vegas-Modular-Building-by-gabizon-MOC-FACTORY.jpg\" target=\"_blank\" rel=\"noopener\"><img fetchpriority=\"high\" decoding=\"async\" class=\"wp-image-199211 size-full\" title=\"MOC-34566 Kh\u00e1ch s\u1ea1n Mirage cho Th\u00e0nh ph\u1ed1 M\u00f4-\u0111un T\u00f2a nh\u00e0 M\u00f4-\u0111un Las Vegas c\u1ee7a gabizon MOC FACTORY\" src=\"https:\/\/pay.lpwstore.com\/wp-content\/uploads\/2020\/12\/MOC-34566-Mirage-Hotel-for-Modular-City-Las-Vegas-Modular-Building-by-gabizon-MOC-FACTORY.jpg\" alt=\"MOC-34566 Mirage Hotel for Modular City Las Vegas Modular Building by gabizon MOC FACTORY\" width=\"800\" height=\"800\" \/><\/a><figcaption id=\"caption-attachment-199211\" class=\"wp-caption-text\">MOC-34566 Kh\u00e1ch s\u1ea1n Mirage cho Th\u00e0nh ph\u1ed1 M\u00f4-\u0111un T\u00f2a nh\u00e0 M\u00f4-\u0111un Las Vegas c\u1ee7a gabizon MOC FACTORY<\/figcaption><\/figure>","protected":false},"excerpt":{"rendered":"<ul>\n<li>Bao g\u1ed3m <strong>573+<\/strong> chi\u1ebfc<\/li>\n<li>H\u01b0\u1edbng d\u1eabn PDF tr\u1ef1c tuy\u1ebfn<\/li>\n<li>Kh\u1ed1i ABS ch\u1ea5t l\u01b0\u1ee3ng cao<\/li>\n<\/ul>","protected":false},"featured_media":21930,"comment_status":"open","ping_status":"closed","template":"","meta":{"_acf_changed":false},"product_cat":[390],"product_tag":[],"class_list":["product","first","instock","shipping-taxable","purchasable","product-type-simple"],"acf":[],"_links":{"self":[{"href":"https:\/\/mouldking.store\/vi\/wp-json\/wp\/v2\/product\/21931","targetHints":{"allow":["GET"]}}],"collection":[{"href":"https:\/\/mouldking.store\/vi\/wp-json\/wp\/v2\/product"}],"about":[{"href":"https:\/\/mouldking.store\/vi\/wp-json\/wp\/v2\/types\/product"}],"replies":[{"embeddable":true,"href":"https:\/\/mouldking.store\/vi\/wp-json\/wp\/v2\/comments?post=21931"}],"wp:featuredmedia":[{"embeddable":true,"href":"https:\/\/mouldking.store\/vi\/wp-json\/wp\/v2\/media\/21930"}],"wp:attachment":[{"href":"https:\/\/mouldking.store\/vi\/wp-json\/wp\/v2\/media?parent=21931"}],"wp:term":[{"taxonomy":"product_cat","embeddable":true,"href":"https:\/\/mouldking.store\/vi\/wp-json\/wp\/v2\/product_cat?post=21931"},{"taxonomy":"product_tag","embeddable":true,"href":"https:\/\/mouldking.store\/vi\/wp-json\/wp\/v2\/product_tag?post=21931"}],"curies":[{"name":"wp","href":"https:\/\/api.w.org\/{rel}","templated":true}]}}