{"id":21935,"date":"2021-10-09T05:14:45","date_gmt":"2021-10-09T05:14:45","guid":{"rendered":"https:\/\/mouldking.store\/shop\/moc-34544-bellagio-hotel-for-modular-city-las-vegas-modular-building-by-gabizon-moc-factory\/"},"modified":"2025-12-25T09:23:44","modified_gmt":"2025-12-25T02:23:44","slug":"moc-34544-bellagio-hotel-for-modular-city-las-vegas-modular-building-by-gabizon-moc-factory","status":"publish","type":"product","link":"https:\/\/mouldking.store\/vi\/shop\/moc-34544-bellagio-hotel-for-modular-city-las-vegas-modular-building-by-gabizon-moc-factory\/","title":{"rendered":"MOC-34544 Kh\u00e1ch s\u1ea1n Bellagio cho Th\u00e0nh ph\u1ed1 M\u00f4-\u0111un T\u00f2a nh\u00e0 M\u00f4-\u0111un Las Vegas c\u1ee7a gabizon MOC FACTORY"},"content":{"rendered":"<p>MOC-34544 Kh\u00e1ch s\u1ea1n Bellagio cho Th\u00e0nh ph\u1ed1 M\u00f4-\u0111un T\u00f2a nh\u00e0 M\u00f4-\u0111un c\u1ee7a gabizon MOC FACTORY l\u00e0 m\u1ed9t t\u1eadp h\u1ee3p trong b\u1ed9 s\u01b0u t\u1eadp T\u00f2a nh\u00e0 M\u00f4-\u0111un, \u0111\u01b0\u1ee3c thi\u1ebft k\u1ebf b\u1edfi gabizon. MOC 34544 n\u00e0y \u0111i k\u00e8m v\u1edbi h\u01b0\u1edbng d\u1eabn PDF, d\u1ec5 x\u00e2y d\u1ef1ng v\u00e0 t\u00ecm c\u00e1c ph\u1ea7n c\u00f2n thi\u1ebfu. B\u1ed9 g\u1ed3m 506 mi\u1ebfng, ph\u00e1t h\u00e0nh l\u1ea7n \u0111\u1ea7u v\u00e0o n\u0103m 2020.<\/p>\n<figure id=\"attachment_199215\" aria-describedby=\"caption-attachment-199215\" style=\"width: 800px\" class=\"wp-caption aligncenter\"><a href=\"https:\/\/pay.lpwstore.com\/wp-content\/uploads\/2020\/12\/MOC-34544-Bellagio-Hotel-for-Modular-City-Las-Vegas-Modular-Building-by-gabizon-MOC-FACTORY.jpg\" target=\"_blank\" rel=\"noopener\"><img fetchpriority=\"high\" decoding=\"async\" class=\"wp-image-199215 size-full\" title=\"MOC-34544 Kh\u00e1ch s\u1ea1n Bellagio cho Th\u00e0nh ph\u1ed1 M\u00f4-\u0111un T\u00f2a nh\u00e0 M\u00f4-\u0111un Las Vegas c\u1ee7a gabizon MOC FACTORY\" src=\"https:\/\/pay.lpwstore.com\/wp-content\/uploads\/2020\/12\/MOC-34544-Bellagio-Hotel-for-Modular-City-Las-Vegas-Modular-Building-by-gabizon-MOC-FACTORY.jpg\" alt=\"MOC-34544 Bellagio Hotel for Modular City Las Vegas Modular Building by gabizon MOC FACTORY\" width=\"800\" height=\"800\" \/><\/a><figcaption id=\"caption-attachment-199215\" class=\"wp-caption-text\">MOC-34544 Kh\u00e1ch s\u1ea1n Bellagio cho Th\u00e0nh ph\u1ed1 M\u00f4-\u0111un T\u00f2a nh\u00e0 M\u00f4-\u0111un Las Vegas c\u1ee7a gabizon MOC FACTORY<\/figcaption><\/figure>","protected":false},"excerpt":{"rendered":"<ul>\n<li>Bao g\u1ed3m <strong>506+<\/strong> chi\u1ebfc<\/li>\n<li>H\u01b0\u1edbng d\u1eabn PDF tr\u1ef1c tuy\u1ebfn<\/li>\n<li>Kh\u1ed1i ABS ch\u1ea5t l\u01b0\u1ee3ng cao<\/li>\n<\/ul>","protected":false},"featured_media":21934,"comment_status":"open","ping_status":"closed","template":"","meta":{"_acf_changed":false},"product_cat":[390],"product_tag":[],"class_list":["product","first","instock","shipping-taxable","purchasable","product-type-simple"],"acf":[],"_links":{"self":[{"href":"https:\/\/mouldking.store\/vi\/wp-json\/wp\/v2\/product\/21935","targetHints":{"allow":["GET"]}}],"collection":[{"href":"https:\/\/mouldking.store\/vi\/wp-json\/wp\/v2\/product"}],"about":[{"href":"https:\/\/mouldking.store\/vi\/wp-json\/wp\/v2\/types\/product"}],"replies":[{"embeddable":true,"href":"https:\/\/mouldking.store\/vi\/wp-json\/wp\/v2\/comments?post=21935"}],"wp:featuredmedia":[{"embeddable":true,"href":"https:\/\/mouldking.store\/vi\/wp-json\/wp\/v2\/media\/21934"}],"wp:attachment":[{"href":"https:\/\/mouldking.store\/vi\/wp-json\/wp\/v2\/media?parent=21935"}],"wp:term":[{"taxonomy":"product_cat","embeddable":true,"href":"https:\/\/mouldking.store\/vi\/wp-json\/wp\/v2\/product_cat?post=21935"},{"taxonomy":"product_tag","embeddable":true,"href":"https:\/\/mouldking.store\/vi\/wp-json\/wp\/v2\/product_tag?post=21935"}],"curies":[{"name":"wp","href":"https:\/\/api.w.org\/{rel}","templated":true}]}}