{"id":21937,"date":"2021-10-09T05:14:46","date_gmt":"2021-10-09T05:14:46","guid":{"rendered":"https:\/\/mouldking.store\/shop\/moc-34624-caesars-palace-for-modular-city-las-vegas-modular-building-by-gabizon-moc-factory\/"},"modified":"2025-12-25T09:23:44","modified_gmt":"2025-12-25T02:23:44","slug":"moc-34624-caesars-palace-for-modular-city-las-vegas-modular-building-by-gabizon-moc-factory","status":"publish","type":"product","link":"https:\/\/mouldking.store\/vi\/shop\/moc-34624-caesars-palace-for-modular-city-las-vegas-modular-building-by-gabizon-moc-factory\/","title":{"rendered":"MOC-34624 Cung \u0111i\u1ec7n Caesars cho Th\u00e0nh ph\u1ed1 M\u00f4-\u0111un T\u00f2a nh\u00e0 M\u00f4-\u0111un Las Vegas c\u1ee7a gabizon MOC FACTORY"},"content":{"rendered":"<p>MOC-34624 Caesars Palace for Modular City Las Vegas Modular Building by gabizon MOC FACTORY is a set in Modular Building collection, designed by gabizon. This MOC 34624 comes with PDF instruction which is easy to build and find the missing pieces. The set contains 614 pieces, first released in 2020.<\/p>\n<p><img fetchpriority=\"high\" decoding=\"async\" class=\"size-full wp-image-199217 aligncenter\" src=\"https:\/\/pay.lpwstore.com\/wp-content\/uploads\/2020\/12\/MOC-34624-Caesars-Palace-for-Modular-City-Las-Vegas-Modular-Building-by-gabizon-MOC-FACTORY.jpg\" alt=\"MOC-34624-Caesars-Palace-for-Modular-City-Las-Vegas-Modular-Building-by-gabizon-MOC-FACTORY\" width=\"800\" height=\"800\" title=\"-\"><\/p>","protected":false},"excerpt":{"rendered":"<ul>\n<li>Bao g\u1ed3m\u00a0<strong>614+<\/strong>\u00a0chi\u1ebfc<\/li>\n<li>H\u01b0\u1edbng d\u1eabn PDF tr\u1ef1c tuy\u1ebfn<\/li>\n<li>Kh\u1ed1i ABS ch\u1ea5t l\u01b0\u1ee3ng cao<\/li>\n<\/ul>","protected":false},"featured_media":21936,"comment_status":"open","ping_status":"closed","template":"","meta":{"_acf_changed":false},"product_cat":[390],"product_tag":[],"class_list":["product","first","instock","shipping-taxable","purchasable","product-type-simple"],"acf":[],"_links":{"self":[{"href":"https:\/\/mouldking.store\/vi\/wp-json\/wp\/v2\/product\/21937","targetHints":{"allow":["GET"]}}],"collection":[{"href":"https:\/\/mouldking.store\/vi\/wp-json\/wp\/v2\/product"}],"about":[{"href":"https:\/\/mouldking.store\/vi\/wp-json\/wp\/v2\/types\/product"}],"replies":[{"embeddable":true,"href":"https:\/\/mouldking.store\/vi\/wp-json\/wp\/v2\/comments?post=21937"}],"wp:featuredmedia":[{"embeddable":true,"href":"https:\/\/mouldking.store\/vi\/wp-json\/wp\/v2\/media\/21936"}],"wp:attachment":[{"href":"https:\/\/mouldking.store\/vi\/wp-json\/wp\/v2\/media?parent=21937"}],"wp:term":[{"taxonomy":"product_cat","embeddable":true,"href":"https:\/\/mouldking.store\/vi\/wp-json\/wp\/v2\/product_cat?post=21937"},{"taxonomy":"product_tag","embeddable":true,"href":"https:\/\/mouldking.store\/vi\/wp-json\/wp\/v2\/product_tag?post=21937"}],"curies":[{"name":"wp","href":"https:\/\/api.w.org\/{rel}","templated":true}]}}