{"id":21948,"date":"2021-10-09T05:14:49","date_gmt":"2021-10-09T05:14:49","guid":{"rendered":"https:\/\/mouldking.store\/shop\/moc-31738-solar-farm-for-a-modular-city-creator-by-gabizon-moc-factory\/"},"modified":"2025-12-25T09:23:44","modified_gmt":"2025-12-25T02:23:44","slug":"moc-31738-solar-farm-for-a-modular-city-creator-by-gabizon-moc-factory","status":"publish","type":"product","link":"https:\/\/mouldking.store\/vi\/shop\/moc-31738-solar-farm-for-a-modular-city-creator-by-gabizon-moc-factory\/","title":{"rendered":"MOC-31738 Trang tr\u1ea1i n\u0103ng l\u01b0\u1ee3ng m\u1eb7t tr\u1eddi cho Ng\u01b0\u1eddi t\u1ea1o th\u00e0nh ph\u1ed1 m\u00f4-\u0111un c\u1ee7a gabizon MOC FACTORY"},"content":{"rendered":"<p>MOC-31738 Solar farm for a Modular City Creator c\u1ee7a gabizon MOC FACTORY l\u00e0 m\u1ed9t b\u1ed9 trong b\u1ed9 s\u01b0u t\u1eadp Creator, \u0111\u01b0\u1ee3c thi\u1ebft k\u1ebf b\u1edfi gabizon. MOC 31738 n\u00e0y \u0111i k\u00e8m v\u1edbi h\u01b0\u1edbng d\u1eabn PDF gi\u00fap d\u1ec5 d\u00e0ng t\u1ea1o v\u00e0 t\u00ecm c\u00e1c ph\u1ea7n c\u00f2n thi\u1ebfu. B\u1ed9 g\u1ed3m 311 mi\u1ebfng, ph\u00e1t h\u00e0nh l\u1ea7n \u0111\u1ea7u v\u00e0o n\u0103m 2020.<\/p>\n<figure id=\"attachment_199282\" aria-describedby=\"caption-attachment-199282\" style=\"width: 800px\" class=\"wp-caption aligncenter\"><a href=\"https:\/\/pay.lpwstore.com\/wp-content\/uploads\/2020\/12\/MOC-31738-Solar-farm-for-a-Modular-City-Creator-by-gabizon-MOC-FACTORY.jpg\" target=\"_blank\" rel=\"noopener\"><img fetchpriority=\"high\" decoding=\"async\" class=\"wp-image-199282 size-full\" title=\"MOC-31738 Trang tr\u1ea1i n\u0103ng l\u01b0\u1ee3ng m\u1eb7t tr\u1eddi cho Ng\u01b0\u1eddi t\u1ea1o th\u00e0nh ph\u1ed1 m\u00f4-\u0111un c\u1ee7a gabizon MOC FACTORY\" src=\"https:\/\/pay.lpwstore.com\/wp-content\/uploads\/2020\/12\/MOC-31738-Solar-farm-for-a-Modular-City-Creator-by-gabizon-MOC-FACTORY.jpg\" alt=\"MOC-31738 Solar farm for a Modular City Creator by gabizon MOC FACTORY\" width=\"800\" height=\"800\" \/><\/a><figcaption id=\"caption-attachment-199282\" class=\"wp-caption-text\">MOC-31738 Trang tr\u1ea1i n\u0103ng l\u01b0\u1ee3ng m\u1eb7t tr\u1eddi cho Ng\u01b0\u1eddi t\u1ea1o th\u00e0nh ph\u1ed1 m\u00f4-\u0111un c\u1ee7a gabizon MOC FACTORY<\/figcaption><\/figure>","protected":false},"excerpt":{"rendered":"<ul>\n<li>Bao g\u1ed3m <strong>311+<\/strong> chi\u1ebfc<\/li>\n<li>H\u01b0\u1edbng d\u1eabn PDF tr\u1ef1c tuy\u1ebfn<\/li>\n<li>Kh\u1ed1i ABS ch\u1ea5t l\u01b0\u1ee3ng cao<\/li>\n<\/ul>","protected":false},"featured_media":21947,"comment_status":"open","ping_status":"closed","template":"","meta":{"_acf_changed":false},"product_cat":[371],"product_tag":[],"class_list":["product","first","instock","shipping-taxable","purchasable","product-type-simple"],"acf":[],"_links":{"self":[{"href":"https:\/\/mouldking.store\/vi\/wp-json\/wp\/v2\/product\/21948","targetHints":{"allow":["GET"]}}],"collection":[{"href":"https:\/\/mouldking.store\/vi\/wp-json\/wp\/v2\/product"}],"about":[{"href":"https:\/\/mouldking.store\/vi\/wp-json\/wp\/v2\/types\/product"}],"replies":[{"embeddable":true,"href":"https:\/\/mouldking.store\/vi\/wp-json\/wp\/v2\/comments?post=21948"}],"wp:featuredmedia":[{"embeddable":true,"href":"https:\/\/mouldking.store\/vi\/wp-json\/wp\/v2\/media\/21947"}],"wp:attachment":[{"href":"https:\/\/mouldking.store\/vi\/wp-json\/wp\/v2\/media?parent=21948"}],"wp:term":[{"taxonomy":"product_cat","embeddable":true,"href":"https:\/\/mouldking.store\/vi\/wp-json\/wp\/v2\/product_cat?post=21948"},{"taxonomy":"product_tag","embeddable":true,"href":"https:\/\/mouldking.store\/vi\/wp-json\/wp\/v2\/product_tag?post=21948"}],"curies":[{"name":"wp","href":"https:\/\/api.w.org\/{rel}","templated":true}]}}