{"id":21954,"date":"2021-10-09T05:14:50","date_gmt":"2021-10-09T05:14:50","guid":{"rendered":"https:\/\/mouldking.store\/shop\/moc-32918-center-with-car-park-for-a-modular-city-creator-by-gabizon-moc-factory\/"},"modified":"2025-12-25T09:23:43","modified_gmt":"2025-12-25T02:23:43","slug":"moc-32918-center-with-car-park-for-a-modular-city-creator-by-gabizon-moc-factory","status":"publish","type":"product","link":"https:\/\/mouldking.store\/vi\/shop\/moc-32918-center-with-car-park-for-a-modular-city-creator-by-gabizon-moc-factory\/","title":{"rendered":"MOC-32918 Trung t\u00e2m c\u00f3 b\u00e3i \u0111\u1ed7 xe d\u00e0nh cho Ng\u01b0\u1eddi t\u1ea1o th\u00e0nh ph\u1ed1 m\u00f4-\u0111un c\u1ee7a gabizon MOC FACTORY"},"content":{"rendered":"<p>MOC-32918 Center with car park for a Modular City Creator by gabizon MOC FACTORY is a set in Creator collection, designed by gabizon. This MOC 32918 comes with PDF instruction which is easy to build and find the missing pieces. The set contains 248 pieces, first released in 2020.<\/p>\n<figure id=\"attachment_199333\" aria-describedby=\"caption-attachment-199333\" style=\"width: 800px\" class=\"wp-caption aligncenter\"><a href=\"https:\/\/pay.lpwstore.com\/wp-content\/uploads\/2020\/12\/MOC-32918-Center-with-car-park-for-a-Modular-City-Creator-by-gabizon-MOC-FACTORY.jpg\" target=\"_blank\" rel=\"noopener\"><img fetchpriority=\"high\" decoding=\"async\" class=\"wp-image-199333 size-full\" title=\"MOC-32918 Trung t\u00e2m c\u00f3 b\u00e3i \u0111\u1ed7 xe d\u00e0nh cho Ng\u01b0\u1eddi t\u1ea1o th\u00e0nh ph\u1ed1 m\u00f4-\u0111un c\u1ee7a gabizon MOC FACTORY\" src=\"https:\/\/pay.lpwstore.com\/wp-content\/uploads\/2020\/12\/MOC-32918-Center-with-car-park-for-a-Modular-City-Creator-by-gabizon-MOC-FACTORY.jpg\" alt=\"MOC-32918 Center with car park for a Modular City Creator by gabizon MOC FACTORY\" width=\"800\" height=\"800\" \/><\/a><figcaption id=\"caption-attachment-199333\" class=\"wp-caption-text\">MOC-32918 Trung t\u00e2m c\u00f3 b\u00e3i \u0111\u1ed7 xe d\u00e0nh cho Ng\u01b0\u1eddi t\u1ea1o th\u00e0nh ph\u1ed1 m\u00f4-\u0111un c\u1ee7a gabizon MOC FACTORY<\/figcaption><\/figure>","protected":false},"excerpt":{"rendered":"<ul>\n<li>Bao g\u1ed3m <strong>248+<\/strong> chi\u1ebfc<\/li>\n<li>H\u01b0\u1edbng d\u1eabn PDF tr\u1ef1c tuy\u1ebfn<\/li>\n<li>Kh\u1ed1i ABS ch\u1ea5t l\u01b0\u1ee3ng cao<\/li>\n<\/ul>","protected":false},"featured_media":21953,"comment_status":"open","ping_status":"closed","template":"","meta":{"_acf_changed":false},"product_cat":[371],"product_tag":[],"class_list":["product","first","instock","shipping-taxable","purchasable","product-type-simple"],"acf":[],"_links":{"self":[{"href":"https:\/\/mouldking.store\/vi\/wp-json\/wp\/v2\/product\/21954","targetHints":{"allow":["GET"]}}],"collection":[{"href":"https:\/\/mouldking.store\/vi\/wp-json\/wp\/v2\/product"}],"about":[{"href":"https:\/\/mouldking.store\/vi\/wp-json\/wp\/v2\/types\/product"}],"replies":[{"embeddable":true,"href":"https:\/\/mouldking.store\/vi\/wp-json\/wp\/v2\/comments?post=21954"}],"wp:featuredmedia":[{"embeddable":true,"href":"https:\/\/mouldking.store\/vi\/wp-json\/wp\/v2\/media\/21953"}],"wp:attachment":[{"href":"https:\/\/mouldking.store\/vi\/wp-json\/wp\/v2\/media?parent=21954"}],"wp:term":[{"taxonomy":"product_cat","embeddable":true,"href":"https:\/\/mouldking.store\/vi\/wp-json\/wp\/v2\/product_cat?post=21954"},{"taxonomy":"product_tag","embeddable":true,"href":"https:\/\/mouldking.store\/vi\/wp-json\/wp\/v2\/product_tag?post=21954"}],"curies":[{"name":"wp","href":"https:\/\/api.w.org\/{rel}","templated":true}]}}