{"id":21970,"date":"2021-10-09T05:15:09","date_gmt":"2021-10-08T22:15:09","guid":{"rendered":"https:\/\/mouldking.store\/shop\/moc-32538-desert-house-2-for-a-modular-desert-village-creator-by-gabizon-moc-factory\/"},"modified":"2025-12-25T09:23:42","modified_gmt":"2025-12-25T02:23:42","slug":"moc-32538-desert-house-2-for-a-modular-desert-village-creator-by-gabizon-moc-factory","status":"publish","type":"product","link":"https:\/\/mouldking.store\/vi\/shop\/moc-32538-desert-house-2-for-a-modular-desert-village-creator-by-gabizon-moc-factory\/","title":{"rendered":"MOC-32538 Ng\u00f4i nh\u00e0 tr\u00ean sa m\u1ea1c #2 cho ng\u00f4i l\u00e0ng m\u00f4-\u0111un tr\u00ean sa m\u1ea1c Ng\u01b0\u1eddi t\u1ea1o b\u1edfi gabizon MOC FACTORY"},"content":{"rendered":"<p>MOC-32538 Desert House #2 for a Modular Desert village Creator by gabizon MOC FACTORY is a set in Creator collection, designed by gabizon. This MOC 32538 comes with PDF instruction which is easy to build and find the missing pieces. The set contains 544 pieces, first released in 2020.<\/p>\n<figure id=\"attachment_199378\" aria-describedby=\"caption-attachment-199378\" style=\"width: 800px\" class=\"wp-caption aligncenter\"><a href=\"https:\/\/pay.lpwstore.com\/wp-content\/uploads\/2020\/12\/MOC-32538-Desert-House-2-for-a-Modular-Desert-village-Creator-by-gabizon-MOC-FACTORY.jpg\" target=\"_blank\" rel=\"noopener\"><img fetchpriority=\"high\" decoding=\"async\" class=\"wp-image-199378 size-full\" title=\"MOC-32538 Ng\u00f4i nh\u00e0 tr\u00ean sa m\u1ea1c #2 cho ng\u00f4i l\u00e0ng m\u00f4-\u0111un tr\u00ean sa m\u1ea1c Ng\u01b0\u1eddi t\u1ea1o b\u1edfi gabizon MOC FACTORY\" src=\"https:\/\/pay.lpwstore.com\/wp-content\/uploads\/2020\/12\/MOC-32538-Desert-House-2-for-a-Modular-Desert-village-Creator-by-gabizon-MOC-FACTORY.jpg\" alt=\"MOC-32538 Desert House #2 for a Modular Desert village Creator by gabizon MOC FACTORY\" width=\"800\" height=\"800\" \/><\/a><figcaption id=\"caption-attachment-199378\" class=\"wp-caption-text\">MOC-32538 Ng\u00f4i nh\u00e0 tr\u00ean sa m\u1ea1c #2 cho ng\u00f4i l\u00e0ng m\u00f4-\u0111un tr\u00ean sa m\u1ea1c Ng\u01b0\u1eddi t\u1ea1o b\u1edfi gabizon MOC FACTORY<\/figcaption><\/figure>","protected":false},"excerpt":{"rendered":"<ul>\n<li>Bao g\u1ed3m\u00a0<strong>544+<\/strong>\u00a0chi\u1ebfc<\/li>\n<li>H\u01b0\u1edbng d\u1eabn PDF tr\u1ef1c tuy\u1ebfn<\/li>\n<li>Kh\u1ed1i ABS ch\u1ea5t l\u01b0\u1ee3ng cao<\/li>\n<\/ul>","protected":false},"featured_media":21969,"comment_status":"open","ping_status":"closed","template":"","meta":{"_acf_changed":false},"product_cat":[371],"product_tag":[],"class_list":["product","first","outofstock","shipping-taxable","purchasable","product-type-simple"],"acf":[],"_links":{"self":[{"href":"https:\/\/mouldking.store\/vi\/wp-json\/wp\/v2\/product\/21970","targetHints":{"allow":["GET"]}}],"collection":[{"href":"https:\/\/mouldking.store\/vi\/wp-json\/wp\/v2\/product"}],"about":[{"href":"https:\/\/mouldking.store\/vi\/wp-json\/wp\/v2\/types\/product"}],"replies":[{"embeddable":true,"href":"https:\/\/mouldking.store\/vi\/wp-json\/wp\/v2\/comments?post=21970"}],"wp:featuredmedia":[{"embeddable":true,"href":"https:\/\/mouldking.store\/vi\/wp-json\/wp\/v2\/media\/21969"}],"wp:attachment":[{"href":"https:\/\/mouldking.store\/vi\/wp-json\/wp\/v2\/media?parent=21970"}],"wp:term":[{"taxonomy":"product_cat","embeddable":true,"href":"https:\/\/mouldking.store\/vi\/wp-json\/wp\/v2\/product_cat?post=21970"},{"taxonomy":"product_tag","embeddable":true,"href":"https:\/\/mouldking.store\/vi\/wp-json\/wp\/v2\/product_tag?post=21970"}],"curies":[{"name":"wp","href":"https:\/\/api.w.org\/{rel}","templated":true}]}}