{"id":22013,"date":"2021-10-09T05:16:13","date_gmt":"2021-10-08T22:16:13","guid":{"rendered":"https:\/\/mouldking.store\/shop\/moc-53670-micro-among-us-the-skeld-space-by-bruxxy-moc-factory\/"},"modified":"2025-12-25T09:23:42","modified_gmt":"2025-12-25T02:23:42","slug":"moc-53670-micro-among-us-the-skeld-space-by-bruxxy-moc-factory","status":"publish","type":"product","link":"https:\/\/mouldking.store\/vi\/shop\/moc-53670-micro-among-us-the-skeld-space-by-bruxxy-moc-factory\/","title":{"rendered":"MOC-53670 Micro Among Us \u2013 Kh\u00f4ng gian Skeld c\u1ee7a Bruxxy MOC FACTORY"},"content":{"rendered":"<p style=\"text-align: left\">MOC-53670 Micro Among Us \u2013 the Skeld Space c\u1ee7a Bruxxy MOC FACTORY l\u00e0 m\u1ed9t b\u1ed9 trong b\u1ed9 s\u01b0u t\u1eadp Space, \u0111\u01b0\u1ee3c thi\u1ebft k\u1ebf b\u1edfi Bruxxy. MOC 53670 n\u00e0y \u0111i k\u00e8m v\u1edbi h\u01b0\u1edbng d\u1eabn PDF gi\u00fap d\u1ec5 d\u00e0ng t\u1ea1o v\u00e0 t\u00ecm c\u00e1c ph\u1ea7n c\u00f2n thi\u1ebfu. B\u1ed9 g\u1ed3m 1460 mi\u1ebfng, ph\u00e1t h\u00e0nh l\u1ea7n \u0111\u1ea7u v\u00e0o n\u0103m 2020.<\/p>\n<figure id=\"attachment_199490\" aria-describedby=\"caption-attachment-199490\" style=\"width: 800px\" class=\"wp-caption aligncenter\"><a href=\"https:\/\/pay.lpwstore.com\/wp-content\/uploads\/2020\/12\/MOC-53670-Micro-Among-Us-the-Skeld-Space-by-Bruxxy-MOC-FACTORY.jpg\" target=\"_blank\" rel=\"noopener\"><img fetchpriority=\"high\" decoding=\"async\" class=\"wp-image-199490 size-full\" title=\"MOC-53670 Micro Among Us - Kh\u00f4ng gian Skeld c\u1ee7a Bruxxy MOC FACTORY\" src=\"https:\/\/pay.lpwstore.com\/wp-content\/uploads\/2020\/12\/MOC-53670-Micro-Among-Us-the-Skeld-Space-by-Bruxxy-MOC-FACTORY.jpg\" alt=\"MOC-53670 Micro Among Us - the Skeld Space by Bruxxy MOC FACTORY\" width=\"800\" height=\"800\" \/><\/a><figcaption id=\"caption-attachment-199490\" class=\"wp-caption-text\">MOC-53670 Micro Among Us \u2013 Kh\u00f4ng gian Skeld c\u1ee7a Bruxxy MOC FACTORY<\/figcaption><\/figure>\n<p><img decoding=\"async\" class=\"alignnone size-full wp-image-199491 aligncenter\" src=\"https:\/\/pay.lpwstore.com\/wp-content\/uploads\/2020\/12\/MOC-53670-Micro-Among-Us-the-Skeld-Space-by-Bruxxy-MOC-FACTORY-2.jpg\" alt=\"-\" width=\"800\" height=\"800\" title=\"-\"> <img decoding=\"async\" class=\"alignnone size-full wp-image-199492 aligncenter\" src=\"https:\/\/pay.lpwstore.com\/wp-content\/uploads\/2020\/12\/MOC-53670-Micro-Among-Us-the-Skeld-Space-by-Bruxxy-MOC-FACTORY-3.jpg\" alt=\"-\" width=\"800\" height=\"800\" title=\"-\"><\/p>","protected":false},"excerpt":{"rendered":"<ul>\n<li>Bao g\u1ed3m <strong>1460+<\/strong> chi\u1ebfc<\/li>\n<li>H\u01b0\u1edbng d\u1eabn PDF tr\u1ef1c tuy\u1ebfn<\/li>\n<li>Kh\u1ed1i ABS ch\u1ea5t l\u01b0\u1ee3ng cao<\/li>\n<\/ul>","protected":false},"featured_media":22010,"comment_status":"open","ping_status":"closed","template":"","meta":{"_acf_changed":false},"product_cat":[371],"product_tag":[],"class_list":["product","first","instock","shipping-taxable","purchasable","product-type-simple"],"acf":[],"_links":{"self":[{"href":"https:\/\/mouldking.store\/vi\/wp-json\/wp\/v2\/product\/22013","targetHints":{"allow":["GET"]}}],"collection":[{"href":"https:\/\/mouldking.store\/vi\/wp-json\/wp\/v2\/product"}],"about":[{"href":"https:\/\/mouldking.store\/vi\/wp-json\/wp\/v2\/types\/product"}],"replies":[{"embeddable":true,"href":"https:\/\/mouldking.store\/vi\/wp-json\/wp\/v2\/comments?post=22013"}],"wp:featuredmedia":[{"embeddable":true,"href":"https:\/\/mouldking.store\/vi\/wp-json\/wp\/v2\/media\/22010"}],"wp:attachment":[{"href":"https:\/\/mouldking.store\/vi\/wp-json\/wp\/v2\/media?parent=22013"}],"wp:term":[{"taxonomy":"product_cat","embeddable":true,"href":"https:\/\/mouldking.store\/vi\/wp-json\/wp\/v2\/product_cat?post=22013"},{"taxonomy":"product_tag","embeddable":true,"href":"https:\/\/mouldking.store\/vi\/wp-json\/wp\/v2\/product_tag?post=22013"}],"curies":[{"name":"wp","href":"https:\/\/api.w.org\/{rel}","templated":true}]}}