{"id":22022,"date":"2021-10-09T05:16:23","date_gmt":"2021-10-08T22:16:23","guid":{"rendered":"https:\/\/mouldking.store\/shop\/moc-50076-yavin-iv-rebel-base-with-interior-star-wars-by-bruxxy-moc-factory\/"},"modified":"2025-12-25T09:23:39","modified_gmt":"2025-12-25T02:23:39","slug":"moc-50076-yavin-iv-rebel-base-with-interior-star-wars-by-bruxxy-moc-factory","status":"publish","type":"product","link":"https:\/\/mouldking.store\/vi\/shop\/moc-50076-yavin-iv-rebel-base-with-interior-star-wars-by-bruxxy-moc-factory\/","title":{"rendered":"MOC-50076 Yavin IV Rebel Base (c\u00f3 n\u1ed9i th\u1ea5t) Star Wars c\u1ee7a Bruxxy MOC FACTORY"},"content":{"rendered":"<ul>\n<li style=\"text-align: left;\">MOC-50076 Yavin IV Rebel Base (c\u00f3 n\u1ed9i th\u1ea5t) Star Wars c\u1ee7a Bruxxy MOC FACTORY l\u00e0 m\u1ed9t b\u1ed1i c\u1ea3nh trong b\u1ed9 s\u01b0u t\u1eadp Star Wars, \u0111\u01b0\u1ee3c thi\u1ebft k\u1ebf b\u1edfi Bruxxy. MOC 50076 n\u00e0y \u0111i k\u00e8m v\u1edbi h\u01b0\u1edbng d\u1eabn PDF gi\u00fap d\u1ec5 d\u00e0ng t\u1ea1o v\u00e0 t\u00ecm c\u00e1c ph\u1ea7n c\u00f2n thi\u1ebfu. B\u1ed9 g\u1ed3m 2293 mi\u1ebfng, ph\u00e1t h\u00e0nh l\u1ea7n \u0111\u1ea7u v\u00e0o n\u0103m 2020.<\/li>\n<li>S\u1eafp x\u1ebfp th\u1eddi gian: 4-7 tu\u1ea7n<\/li>\n<\/ul>\n<figure id=\"attachment_199500\" class=\"wp-caption aligncenter\" style=\"width: 800px;\" aria-describedby=\"caption-attachment-199500\"><figcaption id=\"caption-attachment-199500\" class=\"wp-caption-text\">\n<figure id=\"attachment_22019\" aria-describedby=\"caption-attachment-22019\" style=\"width: 800px\" class=\"wp-caption aligncenter\"><img fetchpriority=\"high\" decoding=\"async\" class=\"wp-image-22019 size-full\" src=\"https:\/\/mouldking.store\/wp-content\/uploads\/2021\/10\/MOC-50076-Yavin-IV-Rebel-Base-with-interior-Star-Wars-by-Bruxxy-MOC-FACTORY.jpg\" alt=\"MOC-50076 Yavin IV Rebel Base (with interior) Star Wars by Bruxxy MOC FACTORY\" width=\"800\" height=\"800\" title=\"-\" srcset=\"https:\/\/mouldking.store\/wp-content\/uploads\/2021\/10\/MOC-50076-Yavin-IV-Rebel-Base-with-interior-Star-Wars-by-Bruxxy-MOC-FACTORY.jpg 800w, https:\/\/mouldking.store\/wp-content\/uploads\/2021\/10\/MOC-50076-Yavin-IV-Rebel-Base-with-interior-Star-Wars-by-Bruxxy-MOC-FACTORY-300x300.jpg 300w, https:\/\/mouldking.store\/wp-content\/uploads\/2021\/10\/MOC-50076-Yavin-IV-Rebel-Base-with-interior-Star-Wars-by-Bruxxy-MOC-FACTORY-768x768.jpg 768w, https:\/\/mouldking.store\/wp-content\/uploads\/2021\/10\/MOC-50076-Yavin-IV-Rebel-Base-with-interior-Star-Wars-by-Bruxxy-MOC-FACTORY-600x600.jpg 600w, https:\/\/mouldking.store\/wp-content\/uploads\/2021\/10\/MOC-50076-Yavin-IV-Rebel-Base-with-interior-Star-Wars-by-Bruxxy-MOC-FACTORY-150x150.jpg 150w\" sizes=\"(max-width: 800px) 100vw, 800px\" \/><figcaption id=\"caption-attachment-22019\" class=\"wp-caption-text\">MOC-50076 Yavin IV Rebel Base (c\u00f3 n\u1ed9i th\u1ea5t) Star Wars c\u1ee7a Bruxxy MOC FACTORY<\/figcaption><\/figure>\n<figure id=\"attachment_22020\" aria-describedby=\"caption-attachment-22020\" style=\"width: 800px\" class=\"wp-caption aligncenter\"><img decoding=\"async\" class=\"wp-image-22020 size-full\" src=\"https:\/\/mouldking.store\/wp-content\/uploads\/2021\/10\/MOC-50076-Yavin-IV-Rebel-Base-with-interior-Star-Wars-by-Bruxxy-MOC-FACTORY-2.jpg\" alt=\"MOC-50076 Yavin IV Rebel Base (with interior) Star Wars by Bruxxy MOC FACTORY\" width=\"800\" height=\"800\" title=\"-\" srcset=\"https:\/\/mouldking.store\/wp-content\/uploads\/2021\/10\/MOC-50076-Yavin-IV-Rebel-Base-with-interior-Star-Wars-by-Bruxxy-MOC-FACTORY-2.jpg 800w, https:\/\/mouldking.store\/wp-content\/uploads\/2021\/10\/MOC-50076-Yavin-IV-Rebel-Base-with-interior-Star-Wars-by-Bruxxy-MOC-FACTORY-2-300x300.jpg 300w, https:\/\/mouldking.store\/wp-content\/uploads\/2021\/10\/MOC-50076-Yavin-IV-Rebel-Base-with-interior-Star-Wars-by-Bruxxy-MOC-FACTORY-2-768x768.jpg 768w, https:\/\/mouldking.store\/wp-content\/uploads\/2021\/10\/MOC-50076-Yavin-IV-Rebel-Base-with-interior-Star-Wars-by-Bruxxy-MOC-FACTORY-2-600x600.jpg 600w, https:\/\/mouldking.store\/wp-content\/uploads\/2021\/10\/MOC-50076-Yavin-IV-Rebel-Base-with-interior-Star-Wars-by-Bruxxy-MOC-FACTORY-2-150x150.jpg 150w\" sizes=\"(max-width: 800px) 100vw, 800px\" \/><figcaption id=\"caption-attachment-22020\" class=\"wp-caption-text\">MOC-50076 Yavin IV Rebel Base (c\u00f3 n\u1ed9i th\u1ea5t) Star Wars c\u1ee7a Bruxxy MOC FACTORY<\/figcaption><\/figure>\n<figure id=\"attachment_22021\" aria-describedby=\"caption-attachment-22021\" style=\"width: 800px\" class=\"wp-caption aligncenter\"><img decoding=\"async\" class=\"wp-image-22021 size-full\" src=\"https:\/\/mouldking.store\/wp-content\/uploads\/2021\/10\/MOC-50076-Yavin-IV-Rebel-Base-with-interior-Star-Wars-by-Bruxxy-MOC-FACTORY-3.jpg\" alt=\"MOC-50076 Yavin IV Rebel Base (with interior) Star Wars by Bruxxy MOC FACTORY\" width=\"800\" height=\"800\" title=\"-\" srcset=\"https:\/\/mouldking.store\/wp-content\/uploads\/2021\/10\/MOC-50076-Yavin-IV-Rebel-Base-with-interior-Star-Wars-by-Bruxxy-MOC-FACTORY-3.jpg 800w, https:\/\/mouldking.store\/wp-content\/uploads\/2021\/10\/MOC-50076-Yavin-IV-Rebel-Base-with-interior-Star-Wars-by-Bruxxy-MOC-FACTORY-3-300x300.jpg 300w, https:\/\/mouldking.store\/wp-content\/uploads\/2021\/10\/MOC-50076-Yavin-IV-Rebel-Base-with-interior-Star-Wars-by-Bruxxy-MOC-FACTORY-3-768x768.jpg 768w, https:\/\/mouldking.store\/wp-content\/uploads\/2021\/10\/MOC-50076-Yavin-IV-Rebel-Base-with-interior-Star-Wars-by-Bruxxy-MOC-FACTORY-3-600x600.jpg 600w, https:\/\/mouldking.store\/wp-content\/uploads\/2021\/10\/MOC-50076-Yavin-IV-Rebel-Base-with-interior-Star-Wars-by-Bruxxy-MOC-FACTORY-3-150x150.jpg 150w\" sizes=\"(max-width: 800px) 100vw, 800px\" \/><figcaption id=\"caption-attachment-22021\" class=\"wp-caption-text\">MOC-50076 Yavin IV Rebel Base (c\u00f3 n\u1ed9i th\u1ea5t) Star Wars c\u1ee7a Bruxxy MOC FACTORY<\/figcaption><\/figure>\n<\/figcaption><\/figure>\n<p>&nbsp;<\/p>","protected":false},"excerpt":{"rendered":"<ul>\n<li>Bao g\u1ed3m\u00a0<strong>2293+<\/strong>\u00a0chi\u1ebfc<\/li>\n<li>H\u01b0\u1edbng d\u1eabn PDF tr\u1ef1c tuy\u1ebfn<\/li>\n<li>Kh\u1ed1i ABS ch\u1ea5t l\u01b0\u1ee3ng cao<\/li>\n<\/ul>","protected":false},"featured_media":22019,"comment_status":"open","ping_status":"closed","template":"","meta":{"_acf_changed":false},"product_cat":[415],"product_tag":[5686,5685,5684,5687],"class_list":["product","first","instock","shipping-taxable","purchasable","product-type-simple"],"acf":[],"_links":{"self":[{"href":"https:\/\/mouldking.store\/vi\/wp-json\/wp\/v2\/product\/22022","targetHints":{"allow":["GET"]}}],"collection":[{"href":"https:\/\/mouldking.store\/vi\/wp-json\/wp\/v2\/product"}],"about":[{"href":"https:\/\/mouldking.store\/vi\/wp-json\/wp\/v2\/types\/product"}],"replies":[{"embeddable":true,"href":"https:\/\/mouldking.store\/vi\/wp-json\/wp\/v2\/comments?post=22022"}],"wp:featuredmedia":[{"embeddable":true,"href":"https:\/\/mouldking.store\/vi\/wp-json\/wp\/v2\/media\/22019"}],"wp:attachment":[{"href":"https:\/\/mouldking.store\/vi\/wp-json\/wp\/v2\/media?parent=22022"}],"wp:term":[{"taxonomy":"product_cat","embeddable":true,"href":"https:\/\/mouldking.store\/vi\/wp-json\/wp\/v2\/product_cat?post=22022"},{"taxonomy":"product_tag","embeddable":true,"href":"https:\/\/mouldking.store\/vi\/wp-json\/wp\/v2\/product_tag?post=22022"}],"curies":[{"name":"wp","href":"https:\/\/api.w.org\/{rel}","templated":true}]}}