{"id":22081,"date":"2021-10-09T05:18:33","date_gmt":"2021-10-08T22:18:33","guid":{"rendered":"https:\/\/mouldking.store\/shop\/moc-41630-screaming-hand-creator-by-brick-flag-moc-factory\/"},"modified":"2025-12-25T09:23:38","modified_gmt":"2025-12-25T02:23:38","slug":"moc-41630-screaming-hand-creator-by-brick-flag-moc-factory","status":"publish","type":"product","link":"https:\/\/mouldking.store\/vi\/shop\/moc-41630-screaming-hand-creator-by-brick-flag-moc-factory\/","title":{"rendered":"MOC-41630 B\u1ed9 t\u1ea1o b\u00e0n tay la h\u00e9t b\u1eb1ng Brick Flag MOC FACTORY"},"content":{"rendered":"<p style=\"text-align: left\">MOC-41630 B\u1ed9 t\u1ea1o b\u00e0n tay la h\u00e9t c\u1ee7a Brick Flag MOC FACTORY l\u00e0 m\u1ed9t b\u1ed9 trong b\u1ed9 s\u01b0u t\u1eadp Creator, \u0111\u01b0\u1ee3c thi\u1ebft k\u1ebf b\u1edfi Brick Flag. MOC 41630 n\u00e0y \u0111i k\u00e8m v\u1edbi h\u01b0\u1edbng d\u1eabn PDF gi\u00fap d\u1ec5 d\u00e0ng t\u1ea1o v\u00e0 t\u00ecm c\u00e1c ph\u1ea7n c\u00f2n thi\u1ebfu. B\u1ed9 g\u1ed3m 512 mi\u1ebfng, ph\u00e1t h\u00e0nh l\u1ea7n \u0111\u1ea7u v\u00e0o n\u0103m 2020.<\/p>\n<figure id=\"attachment_199624\" aria-describedby=\"caption-attachment-199624\" style=\"width: 800px\" class=\"wp-caption aligncenter\"><a href=\"https:\/\/pay.lpwstore.com\/wp-content\/uploads\/2020\/12\/MOC-41630-Screaming-Hand-Creator-by-Brick-Flag-MOC-FACTORY.jpg\" target=\"_blank\" rel=\"noopener\"><img fetchpriority=\"high\" decoding=\"async\" class=\"wp-image-199624 size-full\" title=\"MOC-41630 B\u1ed9 t\u1ea1o b\u00e0n tay la h\u00e9t b\u1eb1ng Brick Flag MOC FACTORY\" src=\"https:\/\/pay.lpwstore.com\/wp-content\/uploads\/2020\/12\/MOC-41630-Screaming-Hand-Creator-by-Brick-Flag-MOC-FACTORY.jpg\" alt=\"MOC-41630 Screaming Hand Creator by Brick Flag MOC FACTORY\" width=\"800\" height=\"800\" \/><\/a><figcaption id=\"caption-attachment-199624\" class=\"wp-caption-text\">MOC-41630 B\u1ed9 t\u1ea1o b\u00e0n tay la h\u00e9t b\u1eb1ng Brick Flag MOC FACTORY<\/figcaption><\/figure>\n<p><img decoding=\"async\" class=\"alignnone size-full wp-image-199625 aligncenter\" src=\"https:\/\/pay.lpwstore.com\/wp-content\/uploads\/2020\/12\/MOC-41630-Screaming-Hand-Creator-by-Brick-Flag-MOC-FACTORY-2.jpg\" alt=\"-\" width=\"800\" height=\"800\" title=\"-\"><\/p>","protected":false},"excerpt":{"rendered":"<ul>\n<li>Bao g\u1ed3m\u00a0<strong>512+<\/strong>\u00a0chi\u1ebfc<\/li>\n<li>H\u01b0\u1edbng d\u1eabn PDF tr\u1ef1c tuy\u1ebfn<\/li>\n<li>Kh\u1ed1i ABS ch\u1ea5t l\u01b0\u1ee3ng cao<\/li>\n<\/ul>","protected":false},"featured_media":22079,"comment_status":"open","ping_status":"closed","template":"","meta":{"_acf_changed":false},"product_cat":[371],"product_tag":[],"class_list":["product","first","instock","shipping-taxable","purchasable","product-type-simple"],"acf":[],"_links":{"self":[{"href":"https:\/\/mouldking.store\/vi\/wp-json\/wp\/v2\/product\/22081","targetHints":{"allow":["GET"]}}],"collection":[{"href":"https:\/\/mouldking.store\/vi\/wp-json\/wp\/v2\/product"}],"about":[{"href":"https:\/\/mouldking.store\/vi\/wp-json\/wp\/v2\/types\/product"}],"replies":[{"embeddable":true,"href":"https:\/\/mouldking.store\/vi\/wp-json\/wp\/v2\/comments?post=22081"}],"wp:featuredmedia":[{"embeddable":true,"href":"https:\/\/mouldking.store\/vi\/wp-json\/wp\/v2\/media\/22079"}],"wp:attachment":[{"href":"https:\/\/mouldking.store\/vi\/wp-json\/wp\/v2\/media?parent=22081"}],"wp:term":[{"taxonomy":"product_cat","embeddable":true,"href":"https:\/\/mouldking.store\/vi\/wp-json\/wp\/v2\/product_cat?post=22081"},{"taxonomy":"product_tag","embeddable":true,"href":"https:\/\/mouldking.store\/vi\/wp-json\/wp\/v2\/product_tag?post=22081"}],"curies":[{"name":"wp","href":"https:\/\/api.w.org\/{rel}","templated":true}]}}