{"id":22084,"date":"2021-10-09T05:18:40","date_gmt":"2021-10-08T22:18:40","guid":{"rendered":"https:\/\/mouldking.store\/shop\/moc-51917-among-us-player-creator-by-legotaku-moc-factory\/"},"modified":"2025-12-25T09:23:38","modified_gmt":"2025-12-25T02:23:38","slug":"moc-51917-among-us-player-creator-by-legotaku-moc-factory","status":"publish","type":"product","link":"https:\/\/mouldking.store\/vi\/shop\/moc-51917-among-us-player-creator-by-legotaku-moc-factory\/","title":{"rendered":"MOC-51917 Tr\u00ecnh t\u1ea1o tr\u00ecnh ph\u00e1t gi\u1eefa ch\u00fang ta b\u1edfi legOtaku MOC FACTORY"},"content":{"rendered":"<p style=\"text-align: left\">MOC-51917 Tr\u00ecnh t\u1ea1o tr\u00ecnh ph\u00e1t gi\u1eefa ch\u00fang ta c\u1ee7a legOtaku MOC FACTORY l\u00e0 m\u1ed9t b\u1ed9 trong b\u1ed9 s\u01b0u t\u1eadp Creator, \u0111\u01b0\u1ee3c thi\u1ebft k\u1ebf b\u1edfi legOtaku. MOC 51917 n\u00e0y \u0111i k\u00e8m v\u1edbi h\u01b0\u1edbng d\u1eabn PDF gi\u00fap d\u1ec5 d\u00e0ng t\u1ea1o v\u00e0 t\u00ecm c\u00e1c ph\u1ea7n c\u00f2n thi\u1ebfu. B\u1ed9 g\u1ed3m 68 mi\u1ebfng, ph\u00e1t h\u00e0nh l\u1ea7n \u0111\u1ea7u v\u00e0o n\u0103m 2020.<\/p>\n<figure id=\"attachment_199648\" aria-describedby=\"caption-attachment-199648\" style=\"width: 800px\" class=\"wp-caption aligncenter\"><a href=\"https:\/\/pay.lpwstore.com\/wp-content\/uploads\/2020\/12\/MOC-51917-Among-Us-Player-Creator-by-legOtaku-MOC-FACTORY.jpg\" target=\"_blank\" rel=\"noopener\"><img fetchpriority=\"high\" decoding=\"async\" class=\"wp-image-199648 size-full\" title=\"MOC-51917 Tr\u00ecnh t\u1ea1o tr\u00ecnh ph\u00e1t gi\u1eefa ch\u00fang ta b\u1edfi legOtaku MOC FACTORY\" src=\"https:\/\/pay.lpwstore.com\/wp-content\/uploads\/2020\/12\/MOC-51917-Among-Us-Player-Creator-by-legOtaku-MOC-FACTORY.jpg\" alt=\"MOC-51917 Among Us Player Creator by legOtaku MOC FACTORY\" width=\"800\" height=\"800\" \/><\/a><figcaption id=\"caption-attachment-199648\" class=\"wp-caption-text\">MOC-51917 Tr\u00ecnh t\u1ea1o tr\u00ecnh ph\u00e1t gi\u1eefa ch\u00fang ta b\u1edfi legOtaku MOC FACTORY<\/figcaption><\/figure>\n<p><img decoding=\"async\" class=\"alignnone size-full wp-image-199649 aligncenter\" src=\"https:\/\/pay.lpwstore.com\/wp-content\/uploads\/2020\/12\/MOC-51917-Among-Us-Player-Creator-by-legOtaku-MOC-FACTORY-2.jpg\" alt=\"-\" width=\"800\" height=\"800\" title=\"-\"><\/p>","protected":false},"excerpt":{"rendered":"<ul>\n<li>Bao g\u1ed3m\u00a0<strong>68+<\/strong>\u00a0chi\u1ebfc<\/li>\n<li>H\u01b0\u1edbng d\u1eabn PDF tr\u1ef1c tuy\u1ebfn<\/li>\n<li>Kh\u1ed1i ABS ch\u1ea5t l\u01b0\u1ee3ng cao<\/li>\n<\/ul>","protected":false},"featured_media":22082,"comment_status":"open","ping_status":"closed","template":"","meta":{"_acf_changed":false},"product_cat":[371],"product_tag":[],"class_list":["product","first","outofstock","shipping-taxable","purchasable","product-type-simple"],"acf":[],"_links":{"self":[{"href":"https:\/\/mouldking.store\/vi\/wp-json\/wp\/v2\/product\/22084","targetHints":{"allow":["GET"]}}],"collection":[{"href":"https:\/\/mouldking.store\/vi\/wp-json\/wp\/v2\/product"}],"about":[{"href":"https:\/\/mouldking.store\/vi\/wp-json\/wp\/v2\/types\/product"}],"replies":[{"embeddable":true,"href":"https:\/\/mouldking.store\/vi\/wp-json\/wp\/v2\/comments?post=22084"}],"wp:featuredmedia":[{"embeddable":true,"href":"https:\/\/mouldking.store\/vi\/wp-json\/wp\/v2\/media\/22082"}],"wp:attachment":[{"href":"https:\/\/mouldking.store\/vi\/wp-json\/wp\/v2\/media?parent=22084"}],"wp:term":[{"taxonomy":"product_cat","embeddable":true,"href":"https:\/\/mouldking.store\/vi\/wp-json\/wp\/v2\/product_cat?post=22084"},{"taxonomy":"product_tag","embeddable":true,"href":"https:\/\/mouldking.store\/vi\/wp-json\/wp\/v2\/product_tag?post=22084"}],"curies":[{"name":"wp","href":"https:\/\/api.w.org\/{rel}","templated":true}]}}