{"id":22097,"date":"2021-10-09T05:19:25","date_gmt":"2021-10-08T22:19:25","guid":{"rendered":"https:\/\/mouldking.store\/shop\/moc-57488-hans-mazda-rx-7-veilside-fortune-18-super-car-by-artemy-zotov-moc-factory\/"},"modified":"2025-12-25T09:23:38","modified_gmt":"2025-12-25T02:23:38","slug":"moc-57488-hans-mazda-rx-7-veilside-fortune-18-super-car-by-artemy-zotov-moc-factory","status":"publish","type":"product","link":"https:\/\/mouldking.store\/vi\/shop\/moc-57488-hans-mazda-rx-7-veilside-fortune-18-super-car-by-artemy-zotov-moc-factory\/","title":{"rendered":"MOC-57488 Si\u00eau xe Mazda RX-7 VeilSide Fortune (1:8) c\u1ee7a Han b\u1edfi Artemy Zotov MOC FACTORY"},"content":{"rendered":"<p style=\"text-align: left\">MOC-57488 Han&#039;s Mazda RX-7 VeilSide Fortune (1:8) Si\u00eau xe c\u1ee7a Artemy Zotov MOC FACTORY l\u00e0 m\u1ed9t b\u1ed9 trong b\u1ed9 s\u01b0u t\u1eadp Technic, \u0111\u01b0\u1ee3c thi\u1ebft k\u1ebf b\u1edfi Artemy Zotov. MOC 57488 n\u00e0y \u0111i k\u00e8m v\u1edbi h\u01b0\u1edbng d\u1eabn PDF gi\u00fap d\u1ec5 d\u00e0ng t\u1ea1o v\u00e0 t\u00ecm c\u00e1c ph\u1ea7n c\u00f2n thi\u1ebfu. B\u1ed9 g\u1ed3m 3073 mi\u1ebfng, ph\u00e1t h\u00e0nh l\u1ea7n \u0111\u1ea7u v\u00e0o n\u0103m 2020.<\/p>\n<figure id=\"attachment_199677\" aria-describedby=\"caption-attachment-199677\" style=\"width: 800px\" class=\"wp-caption aligncenter\"><a href=\"https:\/\/pay.lpwstore.com\/wp-content\/uploads\/2020\/12\/MOC-57488-Hans-Mazda-RX-7-VeilSide-Fortune-18-Super-Car-by-Artemy-Zotov-MOC-FACTORY.jpg\" target=\"_blank\" rel=\"noopener\"><img fetchpriority=\"high\" decoding=\"async\" class=\"wp-image-199677 size-full\" title=\"MOC-57488 Si\u00eau xe Mazda RX-7 VeilSide Fortune (1:8) c\u1ee7a Han b\u1edfi Artemy Zotov MOC FACTORY\" src=\"https:\/\/pay.lpwstore.com\/wp-content\/uploads\/2020\/12\/MOC-57488-Hans-Mazda-RX-7-VeilSide-Fortune-18-Super-Car-by-Artemy-Zotov-MOC-FACTORY.jpg\" alt=\"MOC-57488 Han's Mazda RX-7 VeilSide Fortune (1:8) Super Car by Artemy Zotov MOC FACTORY\" width=\"800\" height=\"800\" \/><\/a><figcaption id=\"caption-attachment-199677\" class=\"wp-caption-text\">MOC-57488 Si\u00eau xe Mazda RX-7 VeilSide Fortune (1:8) c\u1ee7a Han b\u1edfi Artemy Zotov MOC FACTORY<\/figcaption><\/figure>\n<p><img decoding=\"async\" class=\"alignnone size-full wp-image-199678 aligncenter\" src=\"https:\/\/pay.lpwstore.com\/wp-content\/uploads\/2020\/12\/MOC-57488-Hans-Mazda-RX-7-VeilSide-Fortune-18-Super-Car-by-Artemy-Zotov-MOC-FACTORY-2.jpg\" alt=\"-\" width=\"800\" height=\"800\" title=\"-\"> <img decoding=\"async\" class=\"alignnone size-full wp-image-199679 aligncenter\" src=\"https:\/\/pay.lpwstore.com\/wp-content\/uploads\/2020\/12\/MOC-57488-Hans-Mazda-RX-7-VeilSide-Fortune-18-Super-Car-by-Artemy-Zotov-MOC-FACTORY-3.jpg\" alt=\"-\" width=\"800\" height=\"800\" title=\"-\"> <img loading=\"lazy\" decoding=\"async\" class=\"alignnone size-full wp-image-199680 aligncenter\" src=\"https:\/\/pay.lpwstore.com\/wp-content\/uploads\/2020\/12\/MOC-57488-Hans-Mazda-RX-7-VeilSide-Fortune-18-Super-Car-by-Artemy-Zotov-MOC-FACTORY-4.jpg\" alt=\"-\" width=\"800\" height=\"800\" title=\"-\"> <img loading=\"lazy\" decoding=\"async\" class=\"alignnone size-full wp-image-199681 aligncenter\" src=\"https:\/\/pay.lpwstore.com\/wp-content\/uploads\/2020\/12\/MOC-57488-Hans-Mazda-RX-7-VeilSide-Fortune-18-Super-Car-by-Artemy-Zotov-MOC-FACTORY-5.jpg\" alt=\"-\" width=\"800\" height=\"800\" title=\"-\"> <img loading=\"lazy\" decoding=\"async\" class=\"alignnone size-full wp-image-199682 aligncenter\" src=\"https:\/\/pay.lpwstore.com\/wp-content\/uploads\/2020\/12\/MOC-57488-Hans-Mazda-RX-7-VeilSide-Fortune-18-Super-Car-by-Artemy-Zotov-MOC-FACTORY-6.jpg\" alt=\"-\" width=\"800\" height=\"800\" title=\"-\"> <img loading=\"lazy\" decoding=\"async\" class=\"alignnone size-full wp-image-199683 aligncenter\" src=\"https:\/\/pay.lpwstore.com\/wp-content\/uploads\/2020\/12\/MOC-57488-Hans-Mazda-RX-7-VeilSide-Fortune-18-Super-Car-by-Artemy-Zotov-MOC-FACTORY-7.jpg\" alt=\"-\" width=\"800\" height=\"800\" title=\"-\"> <img loading=\"lazy\" decoding=\"async\" class=\"alignnone size-full wp-image-199684 aligncenter\" src=\"https:\/\/pay.lpwstore.com\/wp-content\/uploads\/2020\/12\/MOC-57488-Hans-Mazda-RX-7-VeilSide-Fortune-18-Super-Car-by-Artemy-Zotov-MOC-FACTORY-8.jpg\" alt=\"-\" width=\"800\" height=\"800\" title=\"-\"> <img loading=\"lazy\" decoding=\"async\" class=\"alignnone size-full wp-image-199685 aligncenter\" src=\"https:\/\/pay.lpwstore.com\/wp-content\/uploads\/2020\/12\/MOC-57488-Hans-Mazda-RX-7-VeilSide-Fortune-18-Super-Car-by-Artemy-Zotov-MOC-FACTORY-9.jpg\" alt=\"-\" width=\"800\" height=\"800\" title=\"-\"><\/p>","protected":false},"excerpt":{"rendered":"<ul>\n<li>Bao g\u1ed3m <strong>3073+<\/strong> chi\u1ebfc<\/li>\n<li>H\u01b0\u1edbng d\u1eabn PDF tr\u1ef1c tuy\u1ebfn<\/li>\n<li>Kh\u1ed1i ABS ch\u1ea5t l\u01b0\u1ee3ng cao<\/li>\n<\/ul>","protected":false},"featured_media":22088,"comment_status":"open","ping_status":"closed","template":"","meta":{"_acf_changed":false},"product_cat":[364],"product_tag":[],"class_list":["product","first","instock","shipping-taxable","purchasable","product-type-simple"],"acf":[],"_links":{"self":[{"href":"https:\/\/mouldking.store\/vi\/wp-json\/wp\/v2\/product\/22097","targetHints":{"allow":["GET"]}}],"collection":[{"href":"https:\/\/mouldking.store\/vi\/wp-json\/wp\/v2\/product"}],"about":[{"href":"https:\/\/mouldking.store\/vi\/wp-json\/wp\/v2\/types\/product"}],"replies":[{"embeddable":true,"href":"https:\/\/mouldking.store\/vi\/wp-json\/wp\/v2\/comments?post=22097"}],"wp:featuredmedia":[{"embeddable":true,"href":"https:\/\/mouldking.store\/vi\/wp-json\/wp\/v2\/media\/22088"}],"wp:attachment":[{"href":"https:\/\/mouldking.store\/vi\/wp-json\/wp\/v2\/media?parent=22097"}],"wp:term":[{"taxonomy":"product_cat","embeddable":true,"href":"https:\/\/mouldking.store\/vi\/wp-json\/wp\/v2\/product_cat?post=22097"},{"taxonomy":"product_tag","embeddable":true,"href":"https:\/\/mouldking.store\/vi\/wp-json\/wp\/v2\/product_tag?post=22097"}],"curies":[{"name":"wp","href":"https:\/\/api.w.org\/{rel}","templated":true}]}}