{"id":22177,"date":"2021-10-10T04:32:49","date_gmt":"2021-10-09T21:32:49","guid":{"rendered":"https:\/\/mouldking.store\/shop\/moc-55778-y-wing-starfighter-dark-blue-star-wars-by-starwarsfan66-moc-factory\/"},"modified":"2025-12-25T09:23:37","modified_gmt":"2025-12-25T02:23:37","slug":"moc-55778-y-wing-starfighter-dark-blue-star-wars-by-starwarsfan66-moc-factory","status":"publish","type":"product","link":"https:\/\/mouldking.store\/vi\/shop\/moc-55778-y-wing-starfighter-dark-blue-star-wars-by-starwarsfan66-moc-factory\/","title":{"rendered":"MOC-55778 Starfighter c\u00e1nh Y (xanh \u0111\u1eadm) Star Wars by starwarsfan66 MOC FACTORY"},"content":{"rendered":"<p style=\"text-align: left\">MOC-55778 Starfighter c\u00e1nh Y (xanh \u0111\u1eadm) Star Wars c\u1ee7a starwarsfan66 MOC FACTORY l\u00e0 m\u1ed9t b\u1ed1i c\u1ea3nh trong b\u1ed9 s\u01b0u t\u1eadp Star Wars, \u0111\u01b0\u1ee3c thi\u1ebft k\u1ebf b\u1edfi starwarsfan66. MOC 55778 n\u00e0y \u0111i k\u00e8m v\u1edbi h\u01b0\u1edbng d\u1eabn PDF gi\u00fap d\u1ec5 d\u00e0ng t\u1ea1o v\u00e0 t\u00ecm c\u00e1c ph\u1ea7n c\u00f2n thi\u1ebfu. B\u1ed9 g\u1ed3m 1869 mi\u1ebfng, ph\u00e1t h\u00e0nh l\u1ea7n \u0111\u1ea7u v\u00e0o n\u0103m 2020.<\/p>\n<figure id=\"attachment_199905\" aria-describedby=\"caption-attachment-199905\" style=\"width: 800px\" class=\"wp-caption aligncenter\"><a href=\"https:\/\/pay.lpwstore.com\/wp-content\/uploads\/2020\/12\/MOC-55778-Y-wing-Starfighter-dark-blue-Star-Wars-by-starwarsfan66-MOC-FACTORY.jpg\" target=\"_blank\" rel=\"noopener\"><img fetchpriority=\"high\" decoding=\"async\" class=\"wp-image-199905 size-full\" title=\"MOC-55778 Starfighter c\u00e1nh Y (xanh \u0111\u1eadm) Star Wars by starwarsfan66 MOC FACTORY\" src=\"https:\/\/pay.lpwstore.com\/wp-content\/uploads\/2020\/12\/MOC-55778-Y-wing-Starfighter-dark-blue-Star-Wars-by-starwarsfan66-MOC-FACTORY.jpg\" alt=\"MOC-55778 Y wing Starfighter (dark blue) Star Wars by starwarsfan66 MOC FACTORY\" width=\"800\" height=\"800\" \/><\/a><figcaption id=\"caption-attachment-199905\" class=\"wp-caption-text\">MOC-55778 Starfighter c\u00e1nh Y (xanh \u0111\u1eadm) Star Wars by starwarsfan66 MOC FACTORY<\/figcaption><\/figure>\n<p><img decoding=\"async\" class=\"alignnone size-full wp-image-199906 aligncenter\" src=\"https:\/\/pay.lpwstore.com\/wp-content\/uploads\/2020\/12\/MOC-55778-Y-wing-Starfighter-dark-blue-Star-Wars-by-starwarsfan66-MOC-FACTORY2.jpg\" alt=\"-\" width=\"800\" height=\"800\" title=\"-\"> <img decoding=\"async\" class=\"alignnone size-full wp-image-199907 aligncenter\" src=\"https:\/\/pay.lpwstore.com\/wp-content\/uploads\/2020\/12\/MOC-55778-Y-wing-Starfighter-dark-blue-Star-Wars-by-starwarsfan66-MOC-FACTORY3.jpg\" alt=\"-\" width=\"800\" height=\"800\" title=\"-\"> <img loading=\"lazy\" decoding=\"async\" class=\"alignnone size-full wp-image-199908 aligncenter\" src=\"https:\/\/pay.lpwstore.com\/wp-content\/uploads\/2020\/12\/MOC-55778-Y-wing-Starfighter-dark-blue-Star-Wars-by-starwarsfan66-MOC-FACTORY4.jpg\" alt=\"-\" width=\"800\" height=\"800\" title=\"-\"><\/p>","protected":false},"excerpt":{"rendered":"<ul>\n<li>Bao g\u1ed3m <strong>1869+<\/strong> chi\u1ebfc<\/li>\n<li>H\u01b0\u1edbng d\u1eabn PDF tr\u1ef1c tuy\u1ebfn<\/li>\n<li>Kh\u1ed1i ABS ch\u1ea5t l\u01b0\u1ee3ng cao<\/li>\n<\/ul>","protected":false},"featured_media":22173,"comment_status":"open","ping_status":"closed","template":"","meta":{"_acf_changed":false},"product_cat":[415],"product_tag":[],"class_list":["product","first","outofstock","shipping-taxable","purchasable","product-type-simple"],"acf":[],"_links":{"self":[{"href":"https:\/\/mouldking.store\/vi\/wp-json\/wp\/v2\/product\/22177","targetHints":{"allow":["GET"]}}],"collection":[{"href":"https:\/\/mouldking.store\/vi\/wp-json\/wp\/v2\/product"}],"about":[{"href":"https:\/\/mouldking.store\/vi\/wp-json\/wp\/v2\/types\/product"}],"replies":[{"embeddable":true,"href":"https:\/\/mouldking.store\/vi\/wp-json\/wp\/v2\/comments?post=22177"}],"wp:featuredmedia":[{"embeddable":true,"href":"https:\/\/mouldking.store\/vi\/wp-json\/wp\/v2\/media\/22173"}],"wp:attachment":[{"href":"https:\/\/mouldking.store\/vi\/wp-json\/wp\/v2\/media?parent=22177"}],"wp:term":[{"taxonomy":"product_cat","embeddable":true,"href":"https:\/\/mouldking.store\/vi\/wp-json\/wp\/v2\/product_cat?post=22177"},{"taxonomy":"product_tag","embeddable":true,"href":"https:\/\/mouldking.store\/vi\/wp-json\/wp\/v2\/product_tag?post=22177"}],"curies":[{"name":"wp","href":"https:\/\/api.w.org\/{rel}","templated":true}]}}