{"id":22213,"date":"2021-10-10T04:33:21","date_gmt":"2021-10-09T21:33:21","guid":{"rendered":"https:\/\/mouldking.store\/shop\/moc-14383-advanced-perfect-minifig-scale-star-wars-by-brickvault-moc-factory\/"},"modified":"2025-12-25T09:23:36","modified_gmt":"2025-12-25T02:23:36","slug":"moc-14383-advanced-perfect-minifig-scale-star-wars-by-brickvault-moc-factory","status":"publish","type":"product","link":"https:\/\/mouldking.store\/vi\/shop\/moc-14383-advanced-perfect-minifig-scale-star-wars-by-brickvault-moc-factory\/","title":{"rendered":"MOC-14383 Advanced \u2013 Perfect Minifig Scale Star Wars b\u1edfi brickvault MOC FACTORY"},"content":{"rendered":"<p style=\"text-align: left\">MOC-14383 Advanced \u2013 Perfect Minifig Scale StarWars by brickvault MOC FACTORY l\u00e0 m\u1ed9t b\u1ed9 trong b\u1ed9 s\u01b0u t\u1eadp Chi\u1ebfn tranh gi\u1eefa c\u00e1c v\u00ec sao, \u0111\u01b0\u1ee3c thi\u1ebft k\u1ebf b\u1edfi brickvault. MOC 14383 n\u00e0y \u0111i k\u00e8m v\u1edbi h\u01b0\u1edbng d\u1eabn PDF gi\u00fap d\u1ec5 d\u00e0ng t\u1ea1o v\u00e0 t\u00ecm c\u00e1c ph\u1ea7n c\u00f2n thi\u1ebfu. B\u1ed9 g\u1ed3m 854 mi\u1ebfng, ph\u00e1t h\u00e0nh l\u1ea7n \u0111\u1ea7u v\u00e0o n\u0103m 2020.<\/p>\n<figure id=\"attachment_200023\" aria-describedby=\"caption-attachment-200023\" style=\"width: 800px\" class=\"wp-caption aligncenter\"><a href=\"https:\/\/pay.lpwstore.com\/wp-content\/uploads\/2020\/12\/MOC-14383-Advanced-Perfect-Minifig-Scale-Star-Wars-by-brickvault-MOC-FACTORY.jpg\" target=\"_blank\" rel=\"noopener\"><img fetchpriority=\"high\" decoding=\"async\" class=\"wp-image-200023 size-full\" title=\"MOC-14383 Advanced - Perfect Minifig Scale Star Wars b\u1edfi brickvault MOC FACTORY\" src=\"https:\/\/pay.lpwstore.com\/wp-content\/uploads\/2020\/12\/MOC-14383-Advanced-Perfect-Minifig-Scale-Star-Wars-by-brickvault-MOC-FACTORY.jpg\" alt=\"MOC-14383 Advanced - Perfect Minifig Scale Star Wars by brickvault MOC FACTORY\" width=\"800\" height=\"800\" \/><\/a><figcaption id=\"caption-attachment-200023\" class=\"wp-caption-text\">MOC-14383 Advanced \u2013 Perfect Minifig Scale Star Wars b\u1edfi brickvault MOC FACTORY<\/figcaption><\/figure>\n<p><img decoding=\"async\" class=\"alignnone size-full wp-image-200024 aligncenter\" src=\"https:\/\/pay.lpwstore.com\/wp-content\/uploads\/2020\/12\/MOC-14383-Advanced-Perfect-Minifig-Scale-Star-Wars-by-brickvault-MOC-FACTORY-2.jpg\" alt=\"-\" width=\"800\" height=\"800\" title=\"-\"> <img decoding=\"async\" class=\"alignnone size-full wp-image-200025 aligncenter\" src=\"https:\/\/pay.lpwstore.com\/wp-content\/uploads\/2020\/12\/MOC-14383-Advanced-Perfect-Minifig-Scale-Star-Wars-by-brickvault-MOC-FACTORY-3.jpg\" alt=\"-\" width=\"800\" height=\"800\" title=\"-\"> <img loading=\"lazy\" decoding=\"async\" class=\"alignnone size-full wp-image-200026 aligncenter\" src=\"https:\/\/pay.lpwstore.com\/wp-content\/uploads\/2020\/12\/MOC-14383-Advanced-Perfect-Minifig-Scale-Star-Wars-by-brickvault-MOC-FACTORY-4.jpg\" alt=\"-\" width=\"800\" height=\"800\" title=\"-\"><\/p>","protected":false},"excerpt":{"rendered":"<ul>\n<li>Bao g\u1ed3m <strong>854+<\/strong> chi\u1ebfc<\/li>\n<li>H\u01b0\u1edbng d\u1eabn PDF tr\u1ef1c tuy\u1ebfn<\/li>\n<li>Kh\u1ed1i ABS ch\u1ea5t l\u01b0\u1ee3ng cao<\/li>\n<\/ul>","protected":false},"featured_media":22209,"comment_status":"open","ping_status":"closed","template":"","meta":{"_acf_changed":false},"product_cat":[415],"product_tag":[],"class_list":["product","first","instock","shipping-taxable","purchasable","product-type-simple"],"acf":[],"_links":{"self":[{"href":"https:\/\/mouldking.store\/vi\/wp-json\/wp\/v2\/product\/22213","targetHints":{"allow":["GET"]}}],"collection":[{"href":"https:\/\/mouldking.store\/vi\/wp-json\/wp\/v2\/product"}],"about":[{"href":"https:\/\/mouldking.store\/vi\/wp-json\/wp\/v2\/types\/product"}],"replies":[{"embeddable":true,"href":"https:\/\/mouldking.store\/vi\/wp-json\/wp\/v2\/comments?post=22213"}],"wp:featuredmedia":[{"embeddable":true,"href":"https:\/\/mouldking.store\/vi\/wp-json\/wp\/v2\/media\/22209"}],"wp:attachment":[{"href":"https:\/\/mouldking.store\/vi\/wp-json\/wp\/v2\/media?parent=22213"}],"wp:term":[{"taxonomy":"product_cat","embeddable":true,"href":"https:\/\/mouldking.store\/vi\/wp-json\/wp\/v2\/product_cat?post=22213"},{"taxonomy":"product_tag","embeddable":true,"href":"https:\/\/mouldking.store\/vi\/wp-json\/wp\/v2\/product_tag?post=22213"}],"curies":[{"name":"wp","href":"https:\/\/api.w.org\/{rel}","templated":true}]}}