{"id":22221,"date":"2021-10-10T04:33:35","date_gmt":"2021-10-09T21:33:35","guid":{"rendered":"https:\/\/mouldking.store\/shop\/moc-50095-cyberpunk-2077-max-tac-police-vehicle-from-2013-teaser-trailer-technic-by-ycbricks-moc-factory\/"},"modified":"2025-12-25T09:21:29","modified_gmt":"2025-12-25T02:21:29","slug":"moc-50095-cyberpunk-2077-max-tac-police-vehicle-from-2013-teaser-trailer-technic-by-ycbricks-moc-factory","status":"publish","type":"product","link":"https:\/\/mouldking.store\/vi\/shop\/moc-50095-cyberpunk-2077-max-tac-police-vehicle-from-2013-teaser-trailer-technic-by-ycbricks-moc-factory\/","title":{"rendered":"MOC-50095 Cyberpunk 2077 Xe c\u1ea3nh s\u00e1t MAX-TAC \u2013 T\u1eeb Teaser Trailer Technic n\u0103m 2013 c\u1ee7a YCBricks MOC FACTORY"},"content":{"rendered":"<p style=\"text-align: left\">MOC-50095 Xe c\u1ea3nh s\u00e1t Cyberpunk 2077 MAX-TAC \u2013 T\u1eeb Teaser Trailer Technic c\u1ee7a YCBricks MOC FACTORY n\u0103m 2013 l\u00e0 m\u1ed9t b\u1ed9 trong b\u1ed9 s\u01b0u t\u1eadp Technic, \u0111\u01b0\u1ee3c thi\u1ebft k\u1ebf b\u1edfi YCBricks. MOC 50095 n\u00e0y \u0111i k\u00e8m v\u1edbi h\u01b0\u1edbng d\u1eabn PDF gi\u00fap d\u1ec5 d\u00e0ng t\u1ea1o v\u00e0 t\u00ecm c\u00e1c ph\u1ea7n c\u00f2n thi\u1ebfu. B\u1ed9 g\u1ed3m 457 mi\u1ebfng, ph\u00e1t h\u00e0nh l\u1ea7n \u0111\u1ea7u v\u00e0o n\u0103m 2020.<\/p>\n<figure id=\"attachment_200029\" aria-describedby=\"caption-attachment-200029\" style=\"width: 800px\" class=\"wp-caption aligncenter\"><a href=\"https:\/\/pay.lpwstore.com\/wp-content\/uploads\/2020\/12\/MOC-50095-Cyberpunk-2077-MAX-TAC-Police-Vehicle-From-2013-Teaser-Trailer-Technic-by-YCBricks-MOC-FACTORY.jpg\" target=\"_blank\" rel=\"noopener\"><img fetchpriority=\"high\" decoding=\"async\" class=\"wp-image-200029 size-full\" title=\"MOC-50095 Xe c\u1ea3nh s\u00e1t Cyberpunk 2077 MAX-TAC - T\u1eeb Teaser Trailer Technic n\u0103m 2013 c\u1ee7a YCBricks MOC FACTORY\" src=\"https:\/\/pay.lpwstore.com\/wp-content\/uploads\/2020\/12\/MOC-50095-Cyberpunk-2077-MAX-TAC-Police-Vehicle-From-2013-Teaser-Trailer-Technic-by-YCBricks-MOC-FACTORY.jpg\" alt=\"MOC-50095 Cyberpunk 2077 MAX-TAC Police Vehicle - From 2013 Teaser Trailer Technic by YCBricks MOC FACTORY\" width=\"800\" height=\"800\" \/><\/a><figcaption id=\"caption-attachment-200029\" class=\"wp-caption-text\">MOC-50095 Cyberpunk 2077 Xe c\u1ea3nh s\u00e1t MAX-TAC \u2013 T\u1eeb Teaser Trailer Technic n\u0103m 2013 c\u1ee7a YCBricks MOC FACTORY<\/figcaption><\/figure>\n<p><img decoding=\"async\" class=\"alignnone size-full wp-image-200030 aligncenter\" src=\"https:\/\/pay.lpwstore.com\/wp-content\/uploads\/2020\/12\/MOC-50095-Cyberpunk-2077-MAX-TAC-Police-Vehicle-From-2013-Teaser-Trailer-Technic-by-YCBricks-MOC-FACTORY-2.jpg\" alt=\"-\" width=\"800\" height=\"800\" title=\"-\"> <img decoding=\"async\" class=\"alignnone size-full wp-image-200031 aligncenter\" src=\"https:\/\/pay.lpwstore.com\/wp-content\/uploads\/2020\/12\/MOC-50095-Cyberpunk-2077-MAX-TAC-Police-Vehicle-From-2013-Teaser-Trailer-Technic-by-YCBricks-MOC-FACTORY-3.jpg\" alt=\"-\" width=\"800\" height=\"800\" title=\"-\"> <img loading=\"lazy\" decoding=\"async\" class=\"alignnone size-full wp-image-200032 aligncenter\" src=\"https:\/\/pay.lpwstore.com\/wp-content\/uploads\/2020\/12\/MOC-50095-Cyberpunk-2077-MAX-TAC-Police-Vehicle-From-2013-Teaser-Trailer-Technic-by-YCBricks-MOC-FACTORY-4.jpg\" alt=\"-\" width=\"800\" height=\"800\" title=\"-\"> <img loading=\"lazy\" decoding=\"async\" class=\"alignnone size-full wp-image-200033 aligncenter\" src=\"https:\/\/pay.lpwstore.com\/wp-content\/uploads\/2020\/12\/MOC-50095-Cyberpunk-2077-MAX-TAC-Police-Vehicle-From-2013-Teaser-Trailer-Technic-by-YCBricks-MOC-FACTORY-5.jpg\" alt=\"-\" width=\"800\" height=\"800\" title=\"-\"> <img loading=\"lazy\" decoding=\"async\" class=\"alignnone size-full wp-image-200034 aligncenter\" src=\"https:\/\/pay.lpwstore.com\/wp-content\/uploads\/2020\/12\/MOC-50095-Cyberpunk-2077-MAX-TAC-Police-Vehicle-From-2013-Teaser-Trailer-Technic-by-YCBricks-MOC-FACTORY-6.jpg\" alt=\"-\" width=\"800\" height=\"800\" title=\"-\"> <img loading=\"lazy\" decoding=\"async\" class=\"alignnone size-full wp-image-200035 aligncenter\" src=\"https:\/\/pay.lpwstore.com\/wp-content\/uploads\/2020\/12\/MOC-50095-Cyberpunk-2077-MAX-TAC-Police-Vehicle-From-2013-Teaser-Trailer-Technic-by-YCBricks-MOC-FACTORY-7.jpg\" alt=\"-\" width=\"800\" height=\"800\" title=\"-\"><\/p>","protected":false},"excerpt":{"rendered":"<ul>\n<li>Bao g\u1ed3m\u00a0<strong>457+<\/strong>\u00a0chi\u1ebfc<\/li>\n<li>H\u01b0\u1edbng d\u1eabn PDF tr\u1ef1c tuy\u1ebfn<\/li>\n<li>Kh\u1ed1i ABS ch\u1ea5t l\u01b0\u1ee3ng cao<\/li>\n<\/ul>","protected":false},"featured_media":22214,"comment_status":"open","ping_status":"closed","template":"","meta":{"_acf_changed":false},"product_cat":[364],"product_tag":[],"class_list":["product","first","instock","shipping-taxable","purchasable","product-type-simple"],"acf":[],"_links":{"self":[{"href":"https:\/\/mouldking.store\/vi\/wp-json\/wp\/v2\/product\/22221","targetHints":{"allow":["GET"]}}],"collection":[{"href":"https:\/\/mouldking.store\/vi\/wp-json\/wp\/v2\/product"}],"about":[{"href":"https:\/\/mouldking.store\/vi\/wp-json\/wp\/v2\/types\/product"}],"replies":[{"embeddable":true,"href":"https:\/\/mouldking.store\/vi\/wp-json\/wp\/v2\/comments?post=22221"}],"wp:featuredmedia":[{"embeddable":true,"href":"https:\/\/mouldking.store\/vi\/wp-json\/wp\/v2\/media\/22214"}],"wp:attachment":[{"href":"https:\/\/mouldking.store\/vi\/wp-json\/wp\/v2\/media?parent=22221"}],"wp:term":[{"taxonomy":"product_cat","embeddable":true,"href":"https:\/\/mouldking.store\/vi\/wp-json\/wp\/v2\/product_cat?post=22221"},{"taxonomy":"product_tag","embeddable":true,"href":"https:\/\/mouldking.store\/vi\/wp-json\/wp\/v2\/product_tag?post=22221"}],"curies":[{"name":"wp","href":"https:\/\/api.w.org\/{rel}","templated":true}]}}