{"id":22319,"date":"2021-10-10T04:35:18","date_gmt":"2021-10-09T21:35:18","guid":{"rendered":"https:\/\/mouldking.store\/shop\/moc-50031-21318-modular-medieval-house-alternative-build-modular-building-by-gabizon-moc-factory\/"},"modified":"2025-12-25T09:21:25","modified_gmt":"2025-12-25T02:21:25","slug":"moc-50031-21318-modular-medieval-house-alternative-build-modular-building-by-gabizon-moc-factory","status":"publish","type":"product","link":"https:\/\/mouldking.store\/vi\/shop\/moc-50031-21318-modular-medieval-house-alternative-build-modular-building-by-gabizon-moc-factory\/","title":{"rendered":"MOC-50031 21318 Ng\u00f4i nh\u00e0 m\u00f4-\u0111un th\u1eddi trung c\u1ed5 T\u00f2a nh\u00e0 thay th\u1ebf x\u00e2y d\u1ef1ng m\u00f4-\u0111un c\u1ee7a gabizon MOC FACTORY"},"content":{"rendered":"<p style=\"text-align: left\">MOC-50031 21318 Modular Medieval House Alternative Build Modular Building by gabizon MOC FACTORY is a set in Modular Building collection, designed by gabizon. This MOC 50031 comes with PDF instruction which is easy to build and find the missing pieces. The set contains 1141 pieces, first released in 2020.<\/p>\n<p><a href=\"https:\/\/pay.lpwstore.com\/wp-content\/uploads\/2021\/01\/MOC-50031-21318-Modular-Medieval-House-Alternative-Build-Modular-Building-by-gabizon-MOC-FACTORY.jpg\" target=\"_blank\" rel=\"noopener\"><img fetchpriority=\"high\" decoding=\"async\" class=\"aligncenter wp-image-200255 size-full\" title=\"MOC-50031 21318 Ng\u00f4i nh\u00e0 m\u00f4-\u0111un th\u1eddi trung c\u1ed5 T\u00f2a nh\u00e0 thay th\u1ebf x\u00e2y d\u1ef1ng m\u00f4-\u0111un c\u1ee7a gabizon MOC FACTORY\" src=\"https:\/\/pay.lpwstore.com\/wp-content\/uploads\/2021\/01\/MOC-50031-21318-Modular-Medieval-House-Alternative-Build-Modular-Building-by-gabizon-MOC-FACTORY.jpg\" alt=\"MOC-50031 21318 Modular Medieval House Alternative Build Modular Building by gabizon MOC FACTORY\" width=\"800\" height=\"800\" \/><\/a> <img decoding=\"async\" class=\"alignnone size-full wp-image-200256 aligncenter\" src=\"https:\/\/pay.lpwstore.com\/wp-content\/uploads\/2021\/01\/MOC-50031-21318-Modular-Medieval-House-Alternative-Build-Modular-Building-by-gabizon-MOC-FACTORY3.jpg\" alt=\"-\" width=\"800\" height=\"800\" title=\"-\"> <img decoding=\"async\" class=\"alignnone size-full wp-image-200257 aligncenter\" src=\"https:\/\/pay.lpwstore.com\/wp-content\/uploads\/2021\/01\/MOC-50031-21318-Modular-Medieval-House-Alternative-Build-Modular-Building-by-gabizon-MOC-FACTORY4.jpg\" alt=\"-\" width=\"800\" height=\"800\" title=\"-\"> <img loading=\"lazy\" decoding=\"async\" class=\"alignnone size-full wp-image-200258 aligncenter\" src=\"https:\/\/pay.lpwstore.com\/wp-content\/uploads\/2021\/01\/MOC-50031-21318-Modular-Medieval-House-Alternative-Build-Modular-Building-by-gabizon-MOC-FACTORY5.jpg\" alt=\"-\" width=\"800\" height=\"800\" title=\"-\"><\/p>","protected":false},"excerpt":{"rendered":"<ul>\n<li>Bao g\u1ed3m\u00a0<strong>1141+<\/strong>\u00a0chi\u1ebfc<\/li>\n<li>H\u01b0\u1edbng d\u1eabn PDF tr\u1ef1c tuy\u1ebfn<\/li>\n<li>Kh\u1ed1i ABS ch\u1ea5t l\u01b0\u1ee3ng cao<\/li>\n<\/ul>","protected":false},"featured_media":22315,"comment_status":"open","ping_status":"closed","template":"","meta":{"_acf_changed":false},"product_cat":[390],"product_tag":[],"class_list":["product","first","instock","shipping-taxable","purchasable","product-type-simple"],"acf":[],"_links":{"self":[{"href":"https:\/\/mouldking.store\/vi\/wp-json\/wp\/v2\/product\/22319","targetHints":{"allow":["GET"]}}],"collection":[{"href":"https:\/\/mouldking.store\/vi\/wp-json\/wp\/v2\/product"}],"about":[{"href":"https:\/\/mouldking.store\/vi\/wp-json\/wp\/v2\/types\/product"}],"replies":[{"embeddable":true,"href":"https:\/\/mouldking.store\/vi\/wp-json\/wp\/v2\/comments?post=22319"}],"wp:featuredmedia":[{"embeddable":true,"href":"https:\/\/mouldking.store\/vi\/wp-json\/wp\/v2\/media\/22315"}],"wp:attachment":[{"href":"https:\/\/mouldking.store\/vi\/wp-json\/wp\/v2\/media?parent=22319"}],"wp:term":[{"taxonomy":"product_cat","embeddable":true,"href":"https:\/\/mouldking.store\/vi\/wp-json\/wp\/v2\/product_cat?post=22319"},{"taxonomy":"product_tag","embeddable":true,"href":"https:\/\/mouldking.store\/vi\/wp-json\/wp\/v2\/product_tag?post=22319"}],"curies":[{"name":"wp","href":"https:\/\/api.w.org\/{rel}","templated":true}]}}