{"id":22342,"date":"2021-10-10T04:35:39","date_gmt":"2021-10-09T21:35:39","guid":{"rendered":"https:\/\/mouldking.store\/shop\/moc-58042-the-three-broomsticks-hogsmeade-winter-village-modular-building-by-benbuildslego-moc-factory\/"},"modified":"2025-12-25T09:21:25","modified_gmt":"2025-12-25T02:21:25","slug":"moc-58042-the-three-broomsticks-hogsmeade-winter-village-modular-building-by-benbuildslego-moc-factory","status":"publish","type":"product","link":"https:\/\/mouldking.store\/vi\/shop\/moc-58042-the-three-broomsticks-hogsmeade-winter-village-modular-building-by-benbuildslego-moc-factory\/","title":{"rendered":"MOC-58042 T\u00f2a nh\u00e0 m\u00f4-\u0111un Ba c\u00e2y ch\u1ed5i (Hogsmeade Winter Village) c\u1ee7a benbuildslego MOC FACTORY"},"content":{"rendered":"<p style=\"text-align: left\">MOC-58042 T\u00f2a nh\u00e0 m\u00f4-\u0111un Ba c\u00e2y ch\u1ed5i (Hogsmeade Winter Village) c\u1ee7a benbuildslego MOC FACTORY l\u00e0 m\u1ed9t b\u1ed9 trong b\u1ed9 s\u01b0u t\u1eadp T\u00f2a nh\u00e0 m\u00f4-\u0111un, \u0111\u01b0\u1ee3c thi\u1ebft k\u1ebf b\u1edfi benbuildslego. MOC 58042 n\u00e0y \u0111i k\u00e8m v\u1edbi h\u01b0\u1edbng d\u1eabn PDF gi\u00fap d\u1ec5 d\u00e0ng t\u1ea1o v\u00e0 t\u00ecm c\u00e1c ph\u1ea7n c\u00f2n thi\u1ebfu. B\u1ed9 g\u1ed3m 1180 mi\u1ebfng, ph\u00e1t h\u00e0nh l\u1ea7n \u0111\u1ea7u v\u00e0o n\u0103m 2020.<\/p>\n<figure id=\"attachment_28526\" aria-describedby=\"caption-attachment-28526\" style=\"width: 800px\" class=\"wp-caption aligncenter\"><img fetchpriority=\"high\" decoding=\"async\" class=\"wp-image-28526 size-full\" src=\"https:\/\/mocfactory.com\/wp-content\/uploads\/2021\/01\/MOC-58042-The-Three-Broomsticks-Hogsmeade-Winter-Village-Modular-Building-by-benbuildslego-MOC-FACTORY.jpg\" alt=\"MOC-58042 Modular Building The Three Broomsticks (Hogsmeade Winter Village) Designer benbuildslego MOC FACTORY\" width=\"800\" height=\"800\" title=\"-\"><figcaption id=\"caption-attachment-28526\" class=\"wp-caption-text\">MOC-58042 T\u00f2a nh\u00e0 m\u00f4-\u0111un Ba c\u00e2y ch\u1ed5i (Hogsmeade Winter Village) Nh\u00e0 thi\u1ebft k\u1ebf benbuildslego MOC FACTORY<\/figcaption><\/figure>\n<figure id=\"attachment_28525\" aria-describedby=\"caption-attachment-28525\" style=\"width: 800px\" class=\"wp-caption aligncenter\"><img decoding=\"async\" class=\"wp-image-28525 size-full\" src=\"https:\/\/mocfactory.com\/wp-content\/uploads\/2021\/01\/MOC-58042-The-Three-Broomsticks-Hogsmeade-Winter-Village-Modular-Building-by-benbuildslego-MOC-FACTORY-2.jpg\" alt=\"MOC-58042 Modular Building The Three Broomsticks (Hogsmeade Winter Village) Designer benbuildslego MOC FACTORY\" width=\"800\" height=\"800\" title=\"-\"><figcaption id=\"caption-attachment-28525\" class=\"wp-caption-text\">MOC-58042 T\u00f2a nh\u00e0 m\u00f4-\u0111un Ba c\u00e2y ch\u1ed5i (Hogsmeade Winter Village) Nh\u00e0 thi\u1ebft k\u1ebf benbuildslego MOC FACTORY<\/figcaption><\/figure>\n<figure id=\"attachment_28524\" aria-describedby=\"caption-attachment-28524\" style=\"width: 800px\" class=\"wp-caption aligncenter\"><img decoding=\"async\" class=\"wp-image-28524 size-full\" src=\"https:\/\/mocfactory.com\/wp-content\/uploads\/2021\/01\/MOC-58042-The-Three-Broomsticks-Hogsmeade-Winter-Village-Modular-Building-by-benbuildslego-MOC-FACTORY-3.jpg\" alt=\"MOC-58042 Modular Building The Three Broomsticks (Hogsmeade Winter Village) Designer benbuildslego MOC FACTORY\" width=\"800\" height=\"800\" title=\"-\"><figcaption id=\"caption-attachment-28524\" class=\"wp-caption-text\">MOC-58042 T\u00f2a nh\u00e0 m\u00f4-\u0111un Ba c\u00e2y ch\u1ed5i (Hogsmeade Winter Village) Nh\u00e0 thi\u1ebft k\u1ebf benbuildslego MOC FACTORY<\/figcaption><\/figure>\n<figure id=\"attachment_28523\" aria-describedby=\"caption-attachment-28523\" style=\"width: 800px\" class=\"wp-caption aligncenter\"><img loading=\"lazy\" decoding=\"async\" class=\"wp-image-28523 size-full\" src=\"https:\/\/mocfactory.com\/wp-content\/uploads\/2021\/01\/MOC-58042-The-Three-Broomsticks-Hogsmeade-Winter-Village-Modular-Building-by-benbuildslego-MOC-FACTORY-4.jpg\" alt=\"MOC-58042 Modular Building The Three Broomsticks (Hogsmeade Winter Village) Designer benbuildslego MOC FACTORY\" width=\"800\" height=\"800\" title=\"-\"><figcaption id=\"caption-attachment-28523\" class=\"wp-caption-text\">MOC-58042 T\u00f2a nh\u00e0 m\u00f4-\u0111un Ba c\u00e2y ch\u1ed5i (Hogsmeade Winter Village) Nh\u00e0 thi\u1ebft k\u1ebf benbuildslego MOC FACTORY<\/figcaption><\/figure>","protected":false},"excerpt":{"rendered":"<ul>\n<li>Bao g\u1ed3m\u00a0<b>1180<\/b><strong>+<\/strong>\u00a0chi\u1ebfc<\/li>\n<li>H\u01b0\u1edbng d\u1eabn PDF tr\u1ef1c tuy\u1ebfn<\/li>\n<li>Kh\u1ed1i ABS ch\u1ea5t l\u01b0\u1ee3ng cao<\/li>\n<li>S\u1eafp x\u1ebfp th\u1eddi gian: 4-8 tu\u1ea7n<\/li>\n<\/ul>","protected":false},"featured_media":22338,"comment_status":"open","ping_status":"closed","template":"","meta":{"_acf_changed":false},"product_cat":[390],"product_tag":[10508,10510,3687,430,461,10507,10514,10506,392,10509,10512,10513,6373,10511],"class_list":["product","first","instock","shipping-taxable","purchasable","product-type-simple"],"acf":[],"_links":{"self":[{"href":"https:\/\/mouldking.store\/vi\/wp-json\/wp\/v2\/product\/22342","targetHints":{"allow":["GET"]}}],"collection":[{"href":"https:\/\/mouldking.store\/vi\/wp-json\/wp\/v2\/product"}],"about":[{"href":"https:\/\/mouldking.store\/vi\/wp-json\/wp\/v2\/types\/product"}],"replies":[{"embeddable":true,"href":"https:\/\/mouldking.store\/vi\/wp-json\/wp\/v2\/comments?post=22342"}],"wp:featuredmedia":[{"embeddable":true,"href":"https:\/\/mouldking.store\/vi\/wp-json\/wp\/v2\/media\/22338"}],"wp:attachment":[{"href":"https:\/\/mouldking.store\/vi\/wp-json\/wp\/v2\/media?parent=22342"}],"wp:term":[{"taxonomy":"product_cat","embeddable":true,"href":"https:\/\/mouldking.store\/vi\/wp-json\/wp\/v2\/product_cat?post=22342"},{"taxonomy":"product_tag","embeddable":true,"href":"https:\/\/mouldking.store\/vi\/wp-json\/wp\/v2\/product_tag?post=22342"}],"curies":[{"name":"wp","href":"https:\/\/api.w.org\/{rel}","templated":true}]}}