{"id":22389,"date":"2021-10-10T04:36:21","date_gmt":"2021-10-09T21:36:21","guid":{"rendered":"https:\/\/mouldking.store\/shop\/moc-56034-the-mandalorian-speeder-bike-star-wars-by-johndierocks-moc-factory\/"},"modified":"2025-12-25T09:21:24","modified_gmt":"2025-12-25T02:21:24","slug":"moc-56034-the-mandalorian-speeder-bike-star-wars-by-johndierocks-moc-factory","status":"publish","type":"product","link":"https:\/\/mouldking.store\/vi\/shop\/moc-56034-the-mandalorian-speeder-bike-star-wars-by-johndierocks-moc-factory\/","title":{"rendered":"MOC-56034 Xe \u0111\u1ea1p si\u00eau t\u1ed1c Mandalorian Chi\u1ebfn tranh gi\u1eefa c\u00e1c v\u00ec sao c\u1ee7a JohndieRocks MOC FACTORY"},"content":{"rendered":"<p style=\"text-align: left\">MOC-56034 Xe \u0111\u1ea1p si\u00eau t\u1ed1c Mandalorian Chi\u1ebfn tranh gi\u1eefa c\u00e1c v\u00ec sao c\u1ee7a JohndieRocks MOC FACTORY l\u00e0 m\u1ed9t b\u1ed1i c\u1ea3nh trong b\u1ed9 s\u01b0u t\u1eadp Chi\u1ebfn tranh gi\u1eefa c\u00e1c v\u00ec sao, \u0111\u01b0\u1ee3c thi\u1ebft k\u1ebf b\u1edfi JohndieRocks. MOC 56034 n\u00e0y \u0111i k\u00e8m v\u1edbi h\u01b0\u1edbng d\u1eabn PDF gi\u00fap d\u1ec5 d\u00e0ng t\u1ea1o v\u00e0 t\u00ecm c\u00e1c ph\u1ea7n c\u00f2n thi\u1ebfu. B\u1ed9 g\u1ed3m 43 mi\u1ebfng, ph\u00e1t h\u00e0nh l\u1ea7n \u0111\u1ea7u v\u00e0o n\u0103m 2020.<\/p>\n<p><a href=\"https:\/\/pay.lpwstore.com\/wp-content\/uploads\/2021\/01\/MOC-56034-The-Mandalorian-Speeder-Bike-Star-Wars-by-JohndieRocks-MOC-FACTORY.jpg\" target=\"_blank\" rel=\"noopener\"><img fetchpriority=\"high\" decoding=\"async\" class=\"aligncenter wp-image-200520 size-full\" src=\"https:\/\/pay.lpwstore.com\/wp-content\/uploads\/2021\/01\/MOC-56034-The-Mandalorian-Speeder-Bike-Star-Wars-by-JohndieRocks-MOC-FACTORY.jpg\" alt=\"MOC-56034-The-Mandalorian-Speeder-Bike-Star-Wars-by-JohndieRocks-MOC-FACTORY\" width=\"800\" height=\"800\" title=\"-\"><\/a> <img decoding=\"async\" class=\"alignnone size-full wp-image-200521 aligncenter\" src=\"https:\/\/pay.lpwstore.com\/wp-content\/uploads\/2021\/01\/MOC-56034-The-Mandalorian-Speeder-Bike-Star-Wars-by-JohndieRocks-MOC-FACTORY-2.jpg\" alt=\"-\" width=\"800\" height=\"800\" title=\"-\"> <img decoding=\"async\" class=\"alignnone size-full wp-image-200522 aligncenter\" src=\"https:\/\/pay.lpwstore.com\/wp-content\/uploads\/2021\/01\/MOC-56034-The-Mandalorian-Speeder-Bike-Star-Wars-by-JohndieRocks-MOC-FACTORY-3.jpg\" alt=\"-\" width=\"800\" height=\"800\" title=\"-\"> <img loading=\"lazy\" decoding=\"async\" class=\"alignnone size-full wp-image-200523 aligncenter\" src=\"https:\/\/pay.lpwstore.com\/wp-content\/uploads\/2021\/01\/MOC-56034-The-Mandalorian-Speeder-Bike-Star-Wars-by-JohndieRocks-MOC-FACTORY-4.jpg\" alt=\"-\" width=\"800\" height=\"800\" title=\"-\"> <img loading=\"lazy\" decoding=\"async\" class=\"alignnone size-full wp-image-200524 aligncenter\" src=\"https:\/\/pay.lpwstore.com\/wp-content\/uploads\/2021\/01\/MOC-56034-The-Mandalorian-Speeder-Bike-Star-Wars-by-JohndieRocks-MOC-FACTORY-5.jpg\" alt=\"-\" width=\"800\" height=\"800\" title=\"-\"><\/p>","protected":false},"excerpt":{"rendered":"<ul>\n<li>Bao g\u1ed3m\u00a0<strong>43+<\/strong>\u00a0chi\u1ebfc<\/li>\n<li>H\u01b0\u1edbng d\u1eabn PDF tr\u1ef1c tuy\u1ebfn<\/li>\n<li>Kh\u1ed1i ABS ch\u1ea5t l\u01b0\u1ee3ng cao<\/li>\n<\/ul>","protected":false},"featured_media":22384,"comment_status":"open","ping_status":"closed","template":"","meta":{"_acf_changed":false},"product_cat":[415],"product_tag":[],"class_list":["product","first","instock","shipping-taxable","purchasable","product-type-simple"],"acf":[],"_links":{"self":[{"href":"https:\/\/mouldking.store\/vi\/wp-json\/wp\/v2\/product\/22389","targetHints":{"allow":["GET"]}}],"collection":[{"href":"https:\/\/mouldking.store\/vi\/wp-json\/wp\/v2\/product"}],"about":[{"href":"https:\/\/mouldking.store\/vi\/wp-json\/wp\/v2\/types\/product"}],"replies":[{"embeddable":true,"href":"https:\/\/mouldking.store\/vi\/wp-json\/wp\/v2\/comments?post=22389"}],"wp:featuredmedia":[{"embeddable":true,"href":"https:\/\/mouldking.store\/vi\/wp-json\/wp\/v2\/media\/22384"}],"wp:attachment":[{"href":"https:\/\/mouldking.store\/vi\/wp-json\/wp\/v2\/media?parent=22389"}],"wp:term":[{"taxonomy":"product_cat","embeddable":true,"href":"https:\/\/mouldking.store\/vi\/wp-json\/wp\/v2\/product_cat?post=22389"},{"taxonomy":"product_tag","embeddable":true,"href":"https:\/\/mouldking.store\/vi\/wp-json\/wp\/v2\/product_tag?post=22389"}],"curies":[{"name":"wp","href":"https:\/\/api.w.org\/{rel}","templated":true}]}}