{"id":22422,"date":"2021-10-10T04:36:52","date_gmt":"2021-10-10T04:36:52","guid":{"rendered":"https:\/\/mouldking.store\/shop\/moc-50568-car-pack-2-155-scale-creator-by-mobilbenja-factory\/"},"modified":"2025-12-25T09:21:23","modified_gmt":"2025-12-25T02:21:23","slug":"moc-50568-car-pack-2-155-scale-creator-by-mobilbenja-factory","status":"publish","type":"product","link":"https:\/\/mouldking.store\/vi\/shop\/moc-50568-car-pack-2-155-scale-creator-by-mobilbenja-factory\/","title":{"rendered":"MOC-50568 G\u00f3i \u00f4 t\u00f4 #2 (t\u1ef7 l\u1ec7 1:55) Ng\u01b0\u1eddi t\u1ea1o b\u1edfi Mobilbenja FACTORY"},"content":{"rendered":"<p style=\"text-align: left\">MOC-50568 Car pack #2 (1:55 scale) Creator by Mobilbenja FACTORY is a set in Creator collection, designed by Mobilbenja. This MOC 50568 comes with PDF instruction which is easy to build and find the missing pieces. The set contains 285 pieces, first released in 2020.<\/p>\n<p><a href=\"https:\/\/pay.lpwstore.com\/wp-content\/uploads\/2021\/01\/MOC-50568-Car-pack-2-155-scale-Creator-by-Mobilbenja-FACTORY.jpg\" target=\"_blank\" rel=\"noopener\"><img fetchpriority=\"high\" decoding=\"async\" class=\"aligncenter wp-image-200606 size-full\" src=\"https:\/\/pay.lpwstore.com\/wp-content\/uploads\/2021\/01\/MOC-50568-Car-pack-2-155-scale-Creator-by-Mobilbenja-FACTORY.jpg\" alt=\"MOC-50568-Car-pack-#2-(155-scale)-Creator-by-Mobilbenja-FACTORY\" width=\"800\" height=\"800\" title=\"-\"><\/a> <img decoding=\"async\" class=\"alignnone size-full wp-image-200607 aligncenter\" src=\"https:\/\/pay.lpwstore.com\/wp-content\/uploads\/2021\/01\/MOC-50568-Car-pack-2-155-scale-Creator-by-Mobilbenja-FACTORY-2.jpg\" alt=\"-\" width=\"800\" height=\"800\" title=\"-\"><\/p>","protected":false},"excerpt":{"rendered":"<ul>\n<li>Bao g\u1ed3m\u00a0<strong>285+<\/strong>\u00a0chi\u1ebfc<\/li>\n<li>H\u01b0\u1edbng d\u1eabn PDF tr\u1ef1c tuy\u1ebfn<\/li>\n<li>Kh\u1ed1i ABS ch\u1ea5t l\u01b0\u1ee3ng cao<\/li>\n<\/ul>","protected":false},"featured_media":22420,"comment_status":"open","ping_status":"closed","template":"","meta":{"_acf_changed":false},"product_cat":[371],"product_tag":[],"class_list":["product","first","instock","shipping-taxable","purchasable","product-type-simple"],"acf":[],"_links":{"self":[{"href":"https:\/\/mouldking.store\/vi\/wp-json\/wp\/v2\/product\/22422","targetHints":{"allow":["GET"]}}],"collection":[{"href":"https:\/\/mouldking.store\/vi\/wp-json\/wp\/v2\/product"}],"about":[{"href":"https:\/\/mouldking.store\/vi\/wp-json\/wp\/v2\/types\/product"}],"replies":[{"embeddable":true,"href":"https:\/\/mouldking.store\/vi\/wp-json\/wp\/v2\/comments?post=22422"}],"wp:featuredmedia":[{"embeddable":true,"href":"https:\/\/mouldking.store\/vi\/wp-json\/wp\/v2\/media\/22420"}],"wp:attachment":[{"href":"https:\/\/mouldking.store\/vi\/wp-json\/wp\/v2\/media?parent=22422"}],"wp:term":[{"taxonomy":"product_cat","embeddable":true,"href":"https:\/\/mouldking.store\/vi\/wp-json\/wp\/v2\/product_cat?post=22422"},{"taxonomy":"product_tag","embeddable":true,"href":"https:\/\/mouldking.store\/vi\/wp-json\/wp\/v2\/product_tag?post=22422"}],"curies":[{"name":"wp","href":"https:\/\/api.w.org\/{rel}","templated":true}]}}