{"id":22472,"date":"2021-10-10T04:37:43","date_gmt":"2021-10-09T21:37:43","guid":{"rendered":"https:\/\/mouldking.store\/shop\/moc-45950-harry-potter-hogwarts-castle-epic-detailed-build-movie-by-citizenfive-moc-factory\/"},"modified":"2025-12-25T09:21:22","modified_gmt":"2025-12-25T02:21:22","slug":"moc-45950-harry-potter-hogwarts-castle-epic-detailed-build-movie-by-citizenfive-moc-factory","status":"publish","type":"product","link":"https:\/\/mouldking.store\/vi\/shop\/moc-45950-harry-potter-hogwarts-castle-epic-detailed-build-movie-by-citizenfive-moc-factory\/","title":{"rendered":"MOC-45950 Phim x\u00e2y d\u1ef1ng chi ti\u1ebft s\u1eed thi v\u1ec1 l\u00e2u \u0111\u00e0i Harry Potter Hogwarts c\u1ee7a c\u00f4ng d\u00e2n n\u0103m MOC FACTORY"},"content":{"rendered":"<p style=\"text-align: center\">MOC-45950 Harry Potter L\u00e2u \u0111\u00e0i Hogwarts B\u1ed9 phim x\u00e2y d\u1ef1ng chi ti\u1ebft s\u1eed thi c\u1ee7a c\u00f4ng d\u00e2n MOC FACTORY l\u00e0 m\u1ed9t b\u1ed9 trong b\u1ed9 s\u01b0u t\u1eadp Phim, \u0111\u01b0\u1ee3c thi\u1ebft k\u1ebf b\u1edfi c\u00f4ng d\u00e2n n\u0103m. MOC 45950 n\u00e0y \u0111i k\u00e8m v\u1edbi h\u01b0\u1edbng d\u1eabn t\u1ec7p 3D gi\u00fap d\u1ec5 d\u00e0ng t\u1ea1o v\u00e0 t\u00ecm c\u00e1c ph\u1ea7n c\u00f2n thi\u1ebfu. B\u1ed9 g\u1ed3m 11726 mi\u1ebfng, ph\u00e1t h\u00e0nh l\u1ea7n \u0111\u1ea7u v\u00e0o n\u0103m 2020.<\/p>\n<p><a href=\"https:\/\/pay.lpwstore.com\/wp-content\/uploads\/2021\/01\/MOC-45950-Harry-Potter-Hogwarts-Castle-Epic-Detailed-Build-Movie-by-citizenfive-MOC-FACTORY.jpg\" target=\"_blank\" rel=\"noopener\"><img fetchpriority=\"high\" decoding=\"async\" class=\"aligncenter wp-image-200690 size-full\" src=\"https:\/\/pay.lpwstore.com\/wp-content\/uploads\/2021\/01\/MOC-45950-Harry-Potter-Hogwarts-Castle-Epic-Detailed-Build-Movie-by-citizenfive-MOC-FACTORY.jpg\" alt=\"MOC-45950-Harry-Potter-Hogwarts-Castle-Epic-Detailed-Build-Movie-by-citizenfive-MOC-FACTORY\" width=\"800\" height=\"800\" title=\"-\"><\/a> <img decoding=\"async\" class=\"alignnone size-full wp-image-200691 aligncenter\" src=\"https:\/\/pay.lpwstore.com\/wp-content\/uploads\/2021\/01\/MOC-45950-Harry-Potter-Hogwarts-Castle-Epic-Detailed-Build-Movie-by-citizenfive-MOC-FACTORY-2.jpg\" alt=\"-\" width=\"800\" height=\"800\" title=\"-\"> <img decoding=\"async\" class=\"alignnone size-full wp-image-200692 aligncenter\" src=\"https:\/\/pay.lpwstore.com\/wp-content\/uploads\/2021\/01\/MOC-45950-Harry-Potter-Hogwarts-Castle-Epic-Detailed-Build-Movie-by-citizenfive-MOC-FACTORY-3.jpg\" alt=\"-\" width=\"800\" height=\"800\" title=\"-\"> <img loading=\"lazy\" decoding=\"async\" class=\"alignnone size-full wp-image-200693 aligncenter\" src=\"https:\/\/pay.lpwstore.com\/wp-content\/uploads\/2021\/01\/MOC-45950-Harry-Potter-Hogwarts-Castle-Epic-Detailed-Build-Movie-by-citizenfive-MOC-FACTORY-4.jpg\" alt=\"-\" width=\"800\" height=\"800\" title=\"-\"> <img loading=\"lazy\" decoding=\"async\" class=\"alignnone size-full wp-image-200694 aligncenter\" src=\"https:\/\/pay.lpwstore.com\/wp-content\/uploads\/2021\/01\/MOC-45950-Harry-Potter-Hogwarts-Castle-Epic-Detailed-Build-Movie-by-citizenfive-MOC-FACTORY-5.jpg\" alt=\"-\" width=\"800\" height=\"800\" title=\"-\"><\/p>","protected":false},"excerpt":{"rendered":"<ul>\n<li>Bao g\u1ed3m\u00a0<strong>11726<\/strong><strong>+<\/strong>\u00a0chi\u1ebfc<\/li>\n<li>h\u01b0\u1edbng d\u1eabn t\u1eadp tin 3D<\/li>\n<li>Kh\u1ed1i ABS ch\u1ea5t l\u01b0\u1ee3ng cao<\/li>\n<\/ul>","protected":false},"featured_media":22471,"comment_status":"open","ping_status":"closed","template":"","meta":{"_acf_changed":false},"product_cat":[581],"product_tag":[],"class_list":["product","first","instock","shipping-taxable","purchasable","product-type-simple"],"acf":[],"_links":{"self":[{"href":"https:\/\/mouldking.store\/vi\/wp-json\/wp\/v2\/product\/22472","targetHints":{"allow":["GET"]}}],"collection":[{"href":"https:\/\/mouldking.store\/vi\/wp-json\/wp\/v2\/product"}],"about":[{"href":"https:\/\/mouldking.store\/vi\/wp-json\/wp\/v2\/types\/product"}],"replies":[{"embeddable":true,"href":"https:\/\/mouldking.store\/vi\/wp-json\/wp\/v2\/comments?post=22472"}],"wp:featuredmedia":[{"embeddable":true,"href":"https:\/\/mouldking.store\/vi\/wp-json\/wp\/v2\/media\/22471"}],"wp:attachment":[{"href":"https:\/\/mouldking.store\/vi\/wp-json\/wp\/v2\/media?parent=22472"}],"wp:term":[{"taxonomy":"product_cat","embeddable":true,"href":"https:\/\/mouldking.store\/vi\/wp-json\/wp\/v2\/product_cat?post=22472"},{"taxonomy":"product_tag","embeddable":true,"href":"https:\/\/mouldking.store\/vi\/wp-json\/wp\/v2\/product_tag?post=22472"}],"curies":[{"name":"wp","href":"https:\/\/api.w.org\/{rel}","templated":true}]}}