{"id":22502,"date":"2021-10-10T04:38:09","date_gmt":"2021-10-10T04:38:09","guid":{"rendered":"https:\/\/mouldking.store\/shop\/moc-60088-launch-tower-mk-i-for-saturn-v-21309-92176-with-crawler-space-by-janotechnic-moc-factory\/"},"modified":"2025-12-25T09:21:17","modified_gmt":"2025-12-25T02:21:17","slug":"moc-60088-launch-tower-mk-i-for-saturn-v-21309-92176-with-crawler-space-by-janotechnic-moc-factory","status":"publish","type":"product","link":"https:\/\/mouldking.store\/vi\/shop\/moc-60088-launch-tower-mk-i-for-saturn-v-21309-92176-with-crawler-space-by-janotechnic-moc-factory\/","title":{"rendered":"MOC-60088 Th\u00e1p ph\u00f3ng Mk I cho Saturn V (21309\/92176) v\u1edbi Kh\u00f4ng gian b\u00e1nh x\u00edch c\u1ee7a Janotechnic MOC FACTORY"},"content":{"rendered":"<p style=\"text-align: left\">MOC-60088 Th\u00e1p ph\u00f3ng Mk I cho Sao Th\u1ed5 V (21309\/92176) v\u1edbi Kh\u00f4ng gian b\u00e1nh x\u00edch c\u1ee7a Janotechnic MOC FACTORY l\u00e0 m\u1ed9t b\u1ed9 trong b\u1ed9 s\u01b0u t\u1eadp Kh\u00f4ng gian, \u0111\u01b0\u1ee3c thi\u1ebft k\u1ebf b\u1edfi Janotechnic. MOC 60088 n\u00e0y \u0111i k\u00e8m v\u1edbi h\u01b0\u1edbng d\u1eabn PDF gi\u00fap d\u1ec5 d\u00e0ng t\u1ea1o v\u00e0 t\u00ecm c\u00e1c ph\u1ea7n c\u00f2n thi\u1ebfu. B\u1ed9 n\u00e0y bao g\u1ed3m 7702 mi\u1ebfng, ph\u00e1t h\u00e0nh l\u1ea7n \u0111\u1ea7u v\u00e0o n\u0103m 2021.<\/p>\n<p><a href=\"https:\/\/pay.lpwstore.com\/wp-content\/uploads\/2021\/01\/MOC-60088-Launch-Tower-Mk-I-for-Saturn-V-2130992176-with-Crawler-Space-by-Janotechnic-MOC-FACTORY-3.jpg\" target=\"_blank\" rel=\"noopener\"><img fetchpriority=\"high\" decoding=\"async\" class=\"aligncenter wp-image-200883 size-full\" title=\"MOC-60088-Launch-Tower-Mk-I-for-Saturn-V-(2130992176)-with-Crawler-Space-by-Janotechnic-MOC-FACTORY-3\" src=\"https:\/\/pay.lpwstore.com\/wp-content\/uploads\/2021\/01\/MOC-60088-Launch-Tower-Mk-I-for-Saturn-V-2130992176-with-Crawler-Space-by-Janotechnic-MOC-FACTORY-3.jpg\" alt=\"MOC-60088-Launch-Tower-Mk-I-for-Saturn-V-(2130992176)-with-Crawler-Space-by-Janotechnic-MOC-FACTORY-3\" width=\"800\" height=\"800\" \/><\/a> <img decoding=\"async\" class=\"alignnone size-full wp-image-200884 aligncenter\" src=\"https:\/\/pay.lpwstore.com\/wp-content\/uploads\/2021\/01\/MOC-60088-Launch-Tower-Mk-I-for-Saturn-V-2130992176-with-Crawler-Space-by-Janotechnic-MOC-FACTORY-4.jpg\" alt=\"-\" width=\"800\" height=\"800\" title=\"-\"> <img decoding=\"async\" class=\"alignnone size-full wp-image-200885 aligncenter\" src=\"https:\/\/pay.lpwstore.com\/wp-content\/uploads\/2021\/01\/MOC-60088-Launch-Tower-Mk-I-for-Saturn-V-2130992176-with-Crawler-Space-by-Janotechnic-MOC-FACTORY-5.jpg\" alt=\"-\" width=\"800\" height=\"800\" title=\"-\"> <img loading=\"lazy\" decoding=\"async\" class=\"alignnone size-full wp-image-200886 aligncenter\" src=\"https:\/\/pay.lpwstore.com\/wp-content\/uploads\/2021\/01\/MOC-60088-Launch-Tower-Mk-I-for-Saturn-V-2130992176-with-Crawler-Space-by-Janotechnic-MOC-FACTORY-6.jpg\" alt=\"-\" width=\"800\" height=\"800\" title=\"-\"> <img loading=\"lazy\" decoding=\"async\" class=\"alignnone size-full wp-image-200887 aligncenter\" src=\"https:\/\/pay.lpwstore.com\/wp-content\/uploads\/2021\/01\/MOC-60088-Launch-Tower-Mk-I-for-Saturn-V-2130992176-with-Crawler-Space-by-Janotechnic-MOC-FACTORY-7.jpg\" alt=\"-\" width=\"800\" height=\"800\" title=\"-\"><\/p>","protected":false},"excerpt":{"rendered":"<ul>\n<li>Bao g\u1ed3m <strong>7702+<\/strong> chi\u1ebfc<\/li>\n<li>H\u01b0\u1edbng d\u1eabn PDF tr\u1ef1c tuy\u1ebfn<\/li>\n<li>Kh\u1ed1i ABS ch\u1ea5t l\u01b0\u1ee3ng cao<\/li>\n<li>Kh\u00f4ng bao g\u1ed3m t\u00e0u v\u0169 tr\u1ee5<\/li>\n<\/ul>","protected":false},"featured_media":22497,"comment_status":"open","ping_status":"closed","template":"","meta":{"_acf_changed":false},"product_cat":[364],"product_tag":[],"class_list":["product","first","instock","shipping-taxable","purchasable","product-type-simple"],"acf":[],"_links":{"self":[{"href":"https:\/\/mouldking.store\/vi\/wp-json\/wp\/v2\/product\/22502","targetHints":{"allow":["GET"]}}],"collection":[{"href":"https:\/\/mouldking.store\/vi\/wp-json\/wp\/v2\/product"}],"about":[{"href":"https:\/\/mouldking.store\/vi\/wp-json\/wp\/v2\/types\/product"}],"replies":[{"embeddable":true,"href":"https:\/\/mouldking.store\/vi\/wp-json\/wp\/v2\/comments?post=22502"}],"wp:featuredmedia":[{"embeddable":true,"href":"https:\/\/mouldking.store\/vi\/wp-json\/wp\/v2\/media\/22497"}],"wp:attachment":[{"href":"https:\/\/mouldking.store\/vi\/wp-json\/wp\/v2\/media?parent=22502"}],"wp:term":[{"taxonomy":"product_cat","embeddable":true,"href":"https:\/\/mouldking.store\/vi\/wp-json\/wp\/v2\/product_cat?post=22502"},{"taxonomy":"product_tag","embeddable":true,"href":"https:\/\/mouldking.store\/vi\/wp-json\/wp\/v2\/product_tag?post=22502"}],"curies":[{"name":"wp","href":"https:\/\/api.w.org\/{rel}","templated":true}]}}