{"id":22533,"date":"2021-10-10T04:38:58","date_gmt":"2021-10-09T21:38:58","guid":{"rendered":"https:\/\/mouldking.store\/shop\/moc-45934-acclamator-assault-ship-and-arquitens-light-cruiser-star-wars-by-red5-leader-moc-factory\/"},"modified":"2025-12-25T09:21:17","modified_gmt":"2025-12-25T02:21:17","slug":"moc-45934-acclamator-assault-ship-and-arquitens-light-cruiser-star-wars-by-red5-leader-moc-factory","status":"publish","type":"product","link":"https:\/\/mouldking.store\/vi\/shop\/moc-45934-acclamator-assault-ship-and-arquitens-light-cruiser-star-wars-by-red5-leader-moc-factory\/","title":{"rendered":"MOC-45934 T\u00e0u t\u1ea5n c\u00f4ng Aclamator v\u00e0 t\u00e0u tu\u1ea7n d\u01b0\u01a1ng h\u1ea1ng nh\u1eb9 Arquitens Chi\u1ebfn tranh gi\u1eefa c\u00e1c v\u00ec sao c\u1ee7a Red5-Leader MOC FACTORY"},"content":{"rendered":"<p style=\"text-align: left\">MOC-45934 T\u00e0u t\u1ea5n c\u00f4ng Acclamator v\u00e0 t\u00e0u tu\u1ea7n d\u01b0\u01a1ng h\u1ea1ng nh\u1eb9 Arquitens Star Wars c\u1ee7a Red5-Leader MOC FACTORY l\u00e0 m\u1ed9t b\u1ed1i c\u1ea3nh trong b\u1ed9 s\u01b0u t\u1eadp Star Wars, \u0111\u01b0\u1ee3c thi\u1ebft k\u1ebf b\u1edfi Red5-Leader. MOC 45934 n\u00e0y \u0111i k\u00e8m v\u1edbi h\u01b0\u1edbng d\u1eabn PDF gi\u00fap d\u1ec5 d\u00e0ng t\u1ea1o v\u00e0 t\u00ecm c\u00e1c ph\u1ea7n c\u00f2n thi\u1ebfu. B\u1ed9 g\u1ed3m 538 mi\u1ebfng, ph\u00e1t h\u00e0nh l\u1ea7n \u0111\u1ea7u v\u00e0o n\u0103m 2021.<\/p>\n<p><img fetchpriority=\"high\" decoding=\"async\" class=\"alignnone size-full wp-image-29596\" src=\"https:\/\/mocfactory.com\/wp-content\/uploads\/2021\/01\/MOC-45934-Acclamator-Assault-ship-and-Arquitens-Light-cruiser-Star-Wars.jpg\" alt=\"-\" width=\"800\" height=\"800\" title=\"-\"> <img decoding=\"async\" class=\"alignnone size-full wp-image-29595\" src=\"https:\/\/mocfactory.com\/wp-content\/uploads\/2021\/01\/MOC-45934-Acclamator-Assault-ship-and-Arquitens-Light-cruiser-Star-Wars-2.jpg\" alt=\"-\" width=\"800\" height=\"800\" title=\"-\"><\/p>\n<p>&nbsp;<\/p>","protected":false},"excerpt":{"rendered":"<ul>\n<li>Bao g\u1ed3m\u00a0<strong>538+<\/strong>\u00a0chi\u1ebfc<\/li>\n<li>H\u01b0\u1edbng d\u1eabn PDF tr\u1ef1c tuy\u1ebfn<\/li>\n<li>Kh\u1ed1i ABS ch\u1ea5t l\u01b0\u1ee3ng cao<\/li>\n<li>Th\u1eddi gian s\u1eafp x\u1ebfp: 4-8 tu\u1ea7n<\/li>\n<\/ul>","protected":false},"featured_media":22531,"comment_status":"open","ping_status":"closed","template":"","meta":{"_acf_changed":false},"product_cat":[415],"product_tag":[],"class_list":["product","first","instock","shipping-taxable","purchasable","product-type-simple"],"acf":[],"_links":{"self":[{"href":"https:\/\/mouldking.store\/vi\/wp-json\/wp\/v2\/product\/22533","targetHints":{"allow":["GET"]}}],"collection":[{"href":"https:\/\/mouldking.store\/vi\/wp-json\/wp\/v2\/product"}],"about":[{"href":"https:\/\/mouldking.store\/vi\/wp-json\/wp\/v2\/types\/product"}],"replies":[{"embeddable":true,"href":"https:\/\/mouldking.store\/vi\/wp-json\/wp\/v2\/comments?post=22533"}],"wp:featuredmedia":[{"embeddable":true,"href":"https:\/\/mouldking.store\/vi\/wp-json\/wp\/v2\/media\/22531"}],"wp:attachment":[{"href":"https:\/\/mouldking.store\/vi\/wp-json\/wp\/v2\/media?parent=22533"}],"wp:term":[{"taxonomy":"product_cat","embeddable":true,"href":"https:\/\/mouldking.store\/vi\/wp-json\/wp\/v2\/product_cat?post=22533"},{"taxonomy":"product_tag","embeddable":true,"href":"https:\/\/mouldking.store\/vi\/wp-json\/wp\/v2\/product_tag?post=22533"}],"curies":[{"name":"wp","href":"https:\/\/api.w.org\/{rel}","templated":true}]}}