{"id":22574,"date":"2021-10-10T04:39:35","date_gmt":"2021-10-09T21:39:35","guid":{"rendered":"https:\/\/mouldking.store\/shop\/moc-38797-winter-church-creator-by-fabriziop-moc-factory\/"},"modified":"2025-12-25T09:21:16","modified_gmt":"2025-12-25T02:21:16","slug":"moc-38797-winter-church-creator-by-fabriziop-moc-factory","status":"publish","type":"product","link":"https:\/\/mouldking.store\/vi\/shop\/moc-38797-winter-church-creator-by-fabriziop-moc-factory\/","title":{"rendered":"MOC-38797 Ng\u01b0\u1eddi t\u1ea1o nh\u00e0 th\u1edd m\u00f9a \u0111\u00f4ng c\u1ee7a FabrizioP MOC FACTORY"},"content":{"rendered":"<p style=\"text-align: left\">MOC-38797 Winter Church Creator by FabrizioP MOC FACTORY is a set in Creator collection, designed by FabrizioP. This MOC 38797 comes with PDF instruction which is easy to build and find the missing pieces. The set contains 1154 pieces, first released in 2020.<\/p>\n<p><a href=\"https:\/\/pay.lpwstore.com\/wp-content\/uploads\/2021\/01\/MOC-38797-Winter-Church-Creator-by-FabrizioP-MOC-FACTORY.jpg\" target=\"_blank\" rel=\"noopener\"><img fetchpriority=\"high\" decoding=\"async\" class=\"aligncenter wp-image-200999 size-full\" title=\"MOC-38797 Ng\u01b0\u1eddi t\u1ea1o nh\u00e0 th\u1edd m\u00f9a \u0111\u00f4ng c\u1ee7a FabrizioP MOC FACTORY\" src=\"https:\/\/pay.lpwstore.com\/wp-content\/uploads\/2021\/01\/MOC-38797-Winter-Church-Creator-by-FabrizioP-MOC-FACTORY.jpg\" alt=\"MOC-38797 Winter Church Creator by FabrizioP MOC FACTORY\" width=\"800\" height=\"800\" \/><\/a> <img decoding=\"async\" class=\"alignnone size-full wp-image-201000 aligncenter\" src=\"https:\/\/pay.lpwstore.com\/wp-content\/uploads\/2021\/01\/MOC-38797-Winter-Church-Creator-by-FabrizioP-MOC-FACTORY-2.jpg\" alt=\"-\" width=\"800\" height=\"800\" title=\"-\"> <img decoding=\"async\" class=\"alignnone size-full wp-image-201001 aligncenter\" src=\"https:\/\/pay.lpwstore.com\/wp-content\/uploads\/2021\/01\/MOC-38797-Winter-Church-Creator-by-FabrizioP-MOC-FACTORY-3.jpg\" alt=\"-\" width=\"800\" height=\"800\" title=\"-\"> <img loading=\"lazy\" decoding=\"async\" class=\"alignnone size-full wp-image-201002 aligncenter\" src=\"https:\/\/pay.lpwstore.com\/wp-content\/uploads\/2021\/01\/MOC-38797-Winter-Church-Creator-by-FabrizioP-MOC-FACTORY-4.jpg\" alt=\"-\" width=\"800\" height=\"800\" title=\"-\"><\/p>","protected":false},"excerpt":{"rendered":"<ul>\n<li>Bao g\u1ed3m <strong>1154+<\/strong> chi\u1ebfc<\/li>\n<li>H\u01b0\u1edbng d\u1eabn PDF tr\u1ef1c tuy\u1ebfn<\/li>\n<li>Kh\u1ed1i ABS ch\u1ea5t l\u01b0\u1ee3ng cao<\/li>\n<\/ul>","protected":false},"featured_media":22570,"comment_status":"open","ping_status":"closed","template":"","meta":{"_acf_changed":false},"product_cat":[371],"product_tag":[],"class_list":["product","first","instock","shipping-taxable","purchasable","product-type-simple"],"acf":[],"_links":{"self":[{"href":"https:\/\/mouldking.store\/vi\/wp-json\/wp\/v2\/product\/22574","targetHints":{"allow":["GET"]}}],"collection":[{"href":"https:\/\/mouldking.store\/vi\/wp-json\/wp\/v2\/product"}],"about":[{"href":"https:\/\/mouldking.store\/vi\/wp-json\/wp\/v2\/types\/product"}],"replies":[{"embeddable":true,"href":"https:\/\/mouldking.store\/vi\/wp-json\/wp\/v2\/comments?post=22574"}],"wp:featuredmedia":[{"embeddable":true,"href":"https:\/\/mouldking.store\/vi\/wp-json\/wp\/v2\/media\/22570"}],"wp:attachment":[{"href":"https:\/\/mouldking.store\/vi\/wp-json\/wp\/v2\/media?parent=22574"}],"wp:term":[{"taxonomy":"product_cat","embeddable":true,"href":"https:\/\/mouldking.store\/vi\/wp-json\/wp\/v2\/product_cat?post=22574"},{"taxonomy":"product_tag","embeddable":true,"href":"https:\/\/mouldking.store\/vi\/wp-json\/wp\/v2\/product_tag?post=22574"}],"curies":[{"name":"wp","href":"https:\/\/api.w.org\/{rel}","templated":true}]}}