{"id":22726,"date":"2021-10-10T04:43:22","date_gmt":"2021-10-10T04:43:22","guid":{"rendered":"https:\/\/mouldking.store\/shop\/moc-43615-micro-tatooine-a-new-hope-20th-anniversary-style-star-wars-by-brick-a-brack-moc-factory\/"},"modified":"2025-12-25T09:21:07","modified_gmt":"2025-12-25T02:21:07","slug":"moc-43615-micro-tatooine-a-new-hope-20th-anniversary-style-star-wars-by-brick-a-brack-moc-factory","status":"publish","type":"product","link":"https:\/\/mouldking.store\/vi\/shop\/moc-43615-micro-tatooine-a-new-hope-20th-anniversary-style-star-wars-by-brick-a-brack-moc-factory\/","title":{"rendered":"MOC-43615 Micro Tatooine A New Hope (Phong c\u00e1ch k\u1ef7 ni\u1ec7m 20 n\u0103m) Chi\u1ebfn tranh gi\u1eefa c\u00e1c v\u00ec sao c\u1ee7a Brick-a-Brack MOC FACTORY"},"content":{"rendered":"<p style=\"text-align: left\">MOC-43615 Micro Tatooine A New Hope (20th Anniversary Style) Star Wars c\u1ee7a Brick-a-Brack MOC FACTORY l\u00e0 m\u1ed9t b\u1ed1i c\u1ea3nh trong b\u1ed9 s\u01b0u t\u1eadp Star Wars, \u0111\u01b0\u1ee3c thi\u1ebft k\u1ebf b\u1edfi Brick-a-Brack. MOC 43615 n\u00e0y \u0111i k\u00e8m v\u1edbi h\u01b0\u1edbng d\u1eabn PDF gi\u00fap d\u1ec5 d\u00e0ng t\u1ea1o v\u00e0 t\u00ecm c\u00e1c ph\u1ea7n c\u00f2n thi\u1ebfu. B\u1ed9 g\u1ed3m 346 mi\u1ebfng, ph\u00e1t h\u00e0nh l\u1ea7n \u0111\u1ea7u v\u00e0o n\u0103m 2021.<\/p>\n<p><a href=\"https:\/\/pay.lpwstore.com\/wp-content\/uploads\/2021\/01\/MOC-43615-Micro-Tatooine-A-New-Hope-20th-Anniversary-Style-Star-Wars-by-Brick-a-Brack-MOC-FACTORY-2.jpg\" target=\"_blank\" rel=\"noopener\"><img fetchpriority=\"high\" decoding=\"async\" class=\"aligncenter wp-image-201271 size-full\" title=\"MOC-43615 Micro Tatooine A New Hope (Phong c\u00e1ch k\u1ef7 ni\u1ec7m 20 n\u0103m) Chi\u1ebfn tranh gi\u1eefa c\u00e1c v\u00ec sao c\u1ee7a Brick-a-Brack MOC FACTORY\" src=\"https:\/\/pay.lpwstore.com\/wp-content\/uploads\/2021\/01\/MOC-43615-Micro-Tatooine-A-New-Hope-20th-Anniversary-Style-Star-Wars-by-Brick-a-Brack-MOC-FACTORY-2.jpg\" alt=\"MOC-43615 Micro Tatooine A New Hope (20th Anniversary Style) Star Wars by Brick-a-Brack MOC FACTORY\" width=\"800\" height=\"800\" \/><\/a> <img decoding=\"async\" class=\"alignnone size-full wp-image-201272 aligncenter\" src=\"https:\/\/pay.lpwstore.com\/wp-content\/uploads\/2021\/01\/MOC-43615-Micro-Tatooine-A-New-Hope-20th-Anniversary-Style-Star-Wars-by-Brick-a-Brack-MOC-FACTORY-3.jpg\" alt=\"MOC-43615-Micro-Tatooine-A-New-Hope-(20th-Anniversary-Style)-Star-Wars-by-Brick-a-Brack-MOC-FACTORY-3\" width=\"800\" height=\"800\" title=\"-\"><\/p>","protected":false},"excerpt":{"rendered":"<ul>\n<li>Bao g\u1ed3m\u00a0<strong>346<\/strong>+ chi\u1ebfc<\/li>\n<li>H\u01b0\u1edbng d\u1eabn PDF tr\u1ef1c tuy\u1ebfn<\/li>\n<li>Kh\u1ed1i ABS ch\u1ea5t l\u01b0\u1ee3ng cao<\/li>\n<\/ul>","protected":false},"featured_media":22724,"comment_status":"open","ping_status":"closed","template":"","meta":{"_acf_changed":false},"product_cat":[415],"product_tag":[],"class_list":["product","first","instock","shipping-taxable","purchasable","product-type-simple"],"acf":[],"_links":{"self":[{"href":"https:\/\/mouldking.store\/vi\/wp-json\/wp\/v2\/product\/22726","targetHints":{"allow":["GET"]}}],"collection":[{"href":"https:\/\/mouldking.store\/vi\/wp-json\/wp\/v2\/product"}],"about":[{"href":"https:\/\/mouldking.store\/vi\/wp-json\/wp\/v2\/types\/product"}],"replies":[{"embeddable":true,"href":"https:\/\/mouldking.store\/vi\/wp-json\/wp\/v2\/comments?post=22726"}],"wp:featuredmedia":[{"embeddable":true,"href":"https:\/\/mouldking.store\/vi\/wp-json\/wp\/v2\/media\/22724"}],"wp:attachment":[{"href":"https:\/\/mouldking.store\/vi\/wp-json\/wp\/v2\/media?parent=22726"}],"wp:term":[{"taxonomy":"product_cat","embeddable":true,"href":"https:\/\/mouldking.store\/vi\/wp-json\/wp\/v2\/product_cat?post=22726"},{"taxonomy":"product_tag","embeddable":true,"href":"https:\/\/mouldking.store\/vi\/wp-json\/wp\/v2\/product_tag?post=22726"}],"curies":[{"name":"wp","href":"https:\/\/api.w.org\/{rel}","templated":true}]}}