{"id":22737,"date":"2021-10-10T04:43:36","date_gmt":"2021-10-09T21:43:36","guid":{"rendered":"https:\/\/mouldking.store\/shop\/moc-53216-madame-malkins-potages-cauldron-shop-diagon-alley-movie-by-jl-bricks-moc-factory\/"},"modified":"2025-12-25T09:21:07","modified_gmt":"2025-12-25T02:21:07","slug":"moc-53216-madame-malkins-potages-cauldron-shop-diagon-alley-movie-by-jl-bricks-moc-factory","status":"publish","type":"product","link":"https:\/\/mouldking.store\/vi\/shop\/moc-53216-madame-malkins-potages-cauldron-shop-diagon-alley-movie-by-jl-bricks-moc-factory\/","title":{"rendered":"MOC-53216 Phim Ti\u1ec7m v\u1ea1c c\u1ee7a Madame Malkins &amp; Potage (H\u1ebbm X\u00e9o) c\u1ee7a JL.Bricks MOC FACTORY"},"content":{"rendered":"<p style=\"text-align: left\">MOC-53216 Phim Ti\u1ec7m V\u1ea1c c\u1ee7a Madame Malkins &amp; Potage (H\u1ebbm X\u00e9o) c\u1ee7a JL.Bricks MOC FACTORY l\u00e0 m\u1ed9t b\u1ed9 trong b\u1ed9 s\u01b0u t\u1eadp Phim, \u0111\u01b0\u1ee3c thi\u1ebft k\u1ebf b\u1edfi JL.Bricks. MOC 53216 n\u00e0y \u0111i k\u00e8m v\u1edbi h\u01b0\u1edbng d\u1eabn PDF gi\u00fap d\u1ec5 d\u00e0ng t\u1ea1o v\u00e0 t\u00ecm c\u00e1c ph\u1ea7n c\u00f2n thi\u1ebfu. B\u1ed9 n\u00e0y g\u1ed3m 925 mi\u1ebfng, ph\u00e1t h\u00e0nh l\u1ea7n \u0111\u1ea7u v\u00e0o n\u0103m 2021.<\/p>\n<figure id=\"attachment_201274\" aria-describedby=\"caption-attachment-201274\" style=\"width: 800px\" class=\"wp-caption aligncenter\"><a href=\"https:\/\/pay.lpwstore.com\/wp-content\/uploads\/2021\/01\/MOC-53216-Madame-Malkins-Potages-Cauldron-Shop-Diagon-Alley-Movie-by-JL.Bricks-MOC-FACTORY.jpg\" target=\"_blank\" rel=\"noopener\"><img fetchpriority=\"high\" decoding=\"async\" class=\"wp-image-201274 size-full\" title=\"MOC-53216 Phim Ti\u1ec7m v\u1ea1c c\u1ee7a Madame Malkins &amp; Potage (H\u1ebbm X\u00e9o) c\u1ee7a JL.Bricks MOC FACTORY\" src=\"https:\/\/pay.lpwstore.com\/wp-content\/uploads\/2021\/01\/MOC-53216-Madame-Malkins-Potages-Cauldron-Shop-Diagon-Alley-Movie-by-JL.Bricks-MOC-FACTORY.jpg\" alt=\"MOC-53216 Madame Malkins &amp; Potage's Cauldron Shop (Diagon Alley) Movie by JL.Bricks MOC FACTORY\" width=\"800\" height=\"800\" \/><\/a><figcaption id=\"caption-attachment-201274\" class=\"wp-caption-text\">MOC-53216 Phim Ti\u1ec7m v\u1ea1c c\u1ee7a Madame Malkins &amp; Potage (H\u1ebbm X\u00e9o) c\u1ee7a JL.Bricks MOC FACTORY<\/figcaption><\/figure>\n<p><img decoding=\"async\" class=\"alignnone size-full wp-image-201275 aligncenter\" src=\"https:\/\/pay.lpwstore.com\/wp-content\/uploads\/2021\/01\/MOC-53216-Madame-Malkins-Potages-Cauldron-Shop-Diagon-Alley-Movie-by-JL-2.jpg\" alt=\"-\" width=\"800\" height=\"800\" title=\"-\"> <img decoding=\"async\" class=\"alignnone size-full wp-image-201276 aligncenter\" src=\"https:\/\/pay.lpwstore.com\/wp-content\/uploads\/2021\/01\/MOC-53216-Madame-Malkins-Potages-Cauldron-Shop-Diagon-Alley-Movie-by-JL-3.jpg\" alt=\"-\" width=\"800\" height=\"800\" title=\"-\"> <img loading=\"lazy\" decoding=\"async\" class=\"alignnone size-full wp-image-201277 aligncenter\" src=\"https:\/\/pay.lpwstore.com\/wp-content\/uploads\/2021\/01\/MOC-53216-Madame-Malkins-Potages-Cauldron-Shop-Diagon-Alley-Movie-by-JL-4.jpg\" alt=\"-\" width=\"800\" height=\"800\" title=\"-\"> <img loading=\"lazy\" decoding=\"async\" class=\"alignnone size-full wp-image-201278 aligncenter\" src=\"https:\/\/pay.lpwstore.com\/wp-content\/uploads\/2021\/01\/MOC-53216-Madame-Malkins-Potages-Cauldron-Shop-Diagon-Alley-Movie-by-JL-5.jpg\" alt=\"-\" width=\"800\" height=\"800\" title=\"-\"> <img loading=\"lazy\" decoding=\"async\" class=\"alignnone size-full wp-image-201279 aligncenter\" src=\"https:\/\/pay.lpwstore.com\/wp-content\/uploads\/2021\/01\/MOC-53216-Madame-Malkins-Potages-Cauldron-Shop-Diagon-Alley-Movie-by-JL-6.jpg\" alt=\"-\" width=\"800\" height=\"800\" title=\"-\"> <img loading=\"lazy\" decoding=\"async\" class=\"alignnone size-full wp-image-201280 aligncenter\" src=\"https:\/\/pay.lpwstore.com\/wp-content\/uploads\/2021\/01\/MOC-53216-Madame-Malkins-Potages-Cauldron-Shop-Diagon-Alley-Movie-by-JL-7.jpg\" alt=\"-\" width=\"800\" height=\"800\" title=\"-\"> <img loading=\"lazy\" decoding=\"async\" class=\"alignnone size-full wp-image-201281 aligncenter\" src=\"https:\/\/pay.lpwstore.com\/wp-content\/uploads\/2021\/01\/MOC-53216-Madame-Malkins-Potages-Cauldron-Shop-Diagon-Alley-Movie-by-JL-8.jpg\" alt=\"-\" width=\"800\" height=\"800\" title=\"-\"> <img loading=\"lazy\" decoding=\"async\" class=\"alignnone size-full wp-image-201282 aligncenter\" src=\"https:\/\/pay.lpwstore.com\/wp-content\/uploads\/2021\/01\/MOC-53216-Madame-Malkins-Potages-Cauldron-Shop-Diagon-Alley-Movie-by-JL-9.jpg\" alt=\"-\" width=\"800\" height=\"800\" title=\"-\"> <img loading=\"lazy\" decoding=\"async\" class=\"alignnone size-full wp-image-201283 aligncenter\" src=\"https:\/\/pay.lpwstore.com\/wp-content\/uploads\/2021\/01\/MOC-53216-Madame-Malkins-Potages-Cauldron-Shop-Diagon-Alley-Movie-by-JL-10.jpg\" alt=\"-\" width=\"800\" height=\"800\" title=\"-\"><\/p>","protected":false},"excerpt":{"rendered":"<ul>\n<li>Bao g\u1ed3m\u00a0<strong>925<\/strong>+ chi\u1ebfc<\/li>\n<li>H\u01b0\u1edbng d\u1eabn PDF tr\u1ef1c tuy\u1ebfn<\/li>\n<li>Kh\u1ed1i ABS ch\u1ea5t l\u01b0\u1ee3ng cao<\/li>\n<\/ul>","protected":false},"featured_media":22727,"comment_status":"open","ping_status":"closed","template":"","meta":{"_acf_changed":false},"product_cat":[581],"product_tag":[],"class_list":["product","first","instock","shipping-taxable","purchasable","product-type-simple"],"acf":[],"_links":{"self":[{"href":"https:\/\/mouldking.store\/vi\/wp-json\/wp\/v2\/product\/22737","targetHints":{"allow":["GET"]}}],"collection":[{"href":"https:\/\/mouldking.store\/vi\/wp-json\/wp\/v2\/product"}],"about":[{"href":"https:\/\/mouldking.store\/vi\/wp-json\/wp\/v2\/types\/product"}],"replies":[{"embeddable":true,"href":"https:\/\/mouldking.store\/vi\/wp-json\/wp\/v2\/comments?post=22737"}],"wp:featuredmedia":[{"embeddable":true,"href":"https:\/\/mouldking.store\/vi\/wp-json\/wp\/v2\/media\/22727"}],"wp:attachment":[{"href":"https:\/\/mouldking.store\/vi\/wp-json\/wp\/v2\/media?parent=22737"}],"wp:term":[{"taxonomy":"product_cat","embeddable":true,"href":"https:\/\/mouldking.store\/vi\/wp-json\/wp\/v2\/product_cat?post=22737"},{"taxonomy":"product_tag","embeddable":true,"href":"https:\/\/mouldking.store\/vi\/wp-json\/wp\/v2\/product_tag?post=22737"}],"curies":[{"name":"wp","href":"https:\/\/api.w.org\/{rel}","templated":true}]}}